{"id":23,"date":"2021-08-18T15:13:38","date_gmt":"2021-08-18T18:13:38","guid":{"rendered":"https:\/\/www3.unicentro.br\/ccmn\/?page_id=23"},"modified":"2021-08-23T16:08:33","modified_gmt":"2021-08-23T19:08:33","slug":"como-usar","status":"publish","type":"page","link":"https:\/\/www3.unicentro.br\/ccmn\/como-usar\/","title":{"rendered":"Como usar"},"content":{"rendered":"<p>Caro Usu\u00e1rio;<\/p>\n<p>Seja bem-vindo as facilidades do CCMN, os equipamentos aqui instalados foram adquiridos com prop\u00f3sito de serem multiusu\u00e1rios.<\/p>\n<p>Portanto, seu compromisso come\u00e7a respeitando os hor\u00e1rios reservados; contribuindo com a limpeza da bancada; descartando seus res\u00edduos; e conferindo antes e depois as condi\u00e7\u00f5es dos equipamentos e acess\u00f3rios utilizados.<\/p>\n<p>O usu\u00e1rio para ter acesso aos laborat\u00f3rios do CCMN precisa estar utilizando os principais Equipamentos de Prote\u00e7\u00e3o Individual (EPIs):<\/p>\n<ul>\n<li>Avental ou jaleco;<\/li>\n<li>\u00f3culos de prote\u00e7\u00e3o ou com lentes corretivas;<\/li>\n<li>luvas descart\u00e1veis;<\/li>\n<li>cal\u00e7ado fechado;<\/li>\n<li>trajando de prefer\u00eancia cal\u00e7as cumpridas (evitar uso de bermudas ou saias curtas).<\/li>\n<\/ul>\n<p>Cuidado especial com respingos de solu\u00e7\u00f5es desconhecidas, podem ser \u00e1cidas ou alcalinas, e em contato com a pele ocorrem danos imediatos ou como passar do tempo, em particular quando em contato com \u00e1gua.<\/p>\n<p>E como regra estabelecida pela pandemia do coronav\u00edrus, evitar aglomera\u00e7\u00e3o e manter um distanciamento confort\u00e1vel, sempre com m\u00e1scara de prote\u00e7\u00e3o facial.<\/p>\n<p>Lembrar de agradecer os \u00f3rg\u00e3os de financiamento, e descrever adequadamente os equipamentos utilizados conforme descrito neste Portf\u00f3lio.<\/p>\n<p>Desejamos sucesso em suas medidas.<\/p>\n<p style=\"text-align: center\">Comiss\u00e3o CCMN<\/p>\n","protected":false},"excerpt":{"rendered":"<p>Caro Usu\u00e1rio; Seja bem-vindo as facilidades do CCMN, os equipamentos aqui instalados foram adquiridos com prop\u00f3sito de serem multiusu\u00e1rios. Portanto, seu compromisso come\u00e7a respeitando os hor\u00e1rios reservados; contribuindo com a limpeza da bancada; descartando seus res\u00edduos; e conferindo antes e depois as condi\u00e7\u00f5es dos equipamentos e acess\u00f3rios utilizados. O usu\u00e1rio para ter acesso aos laborat\u00f3rios [&hellip;]<\/p>\n","protected":false},"author":3,"featured_media":0,"parent":0,"menu_order":0,"comment_status":"closed","ping_status":"closed","template":"","meta":{"_exactmetrics_skip_tracking":false,"_exactmetrics_sitenote_active":false,"_exactmetrics_sitenote_note":"","_exactmetrics_sitenote_category":0,"footnotes":"","_links_to":"","_links_to_target":""},"class_list":["post-23","page","type-page","status-publish","hentry"],"_links":{"self":[{"href":"https:\/\/www3.unicentro.br\/ccmn\/wp-json\/wp\/v2\/pages\/23","targetHints":{"allow":["GET"]}}],"collection":[{"href":"https:\/\/www3.unicentro.br\/ccmn\/wp-json\/wp\/v2\/pages"}],"about":[{"href":"https:\/\/www3.unicentro.br\/ccmn\/wp-json\/wp\/v2\/types\/page"}],"author":[{"embeddable":true,"href":"https:\/\/www3.unicentro.br\/ccmn\/wp-json\/wp\/v2\/users\/3"}],"replies":[{"embeddable":true,"href":"https:\/\/www3.unicentro.br\/ccmn\/wp-json\/wp\/v2\/comments?post=23"}],"version-history":[{"count":0,"href":"https:\/\/www3.unicentro.br\/ccmn\/wp-json\/wp\/v2\/pages\/23\/revisions"}],"wp:attachment":[{"href":"https:\/\/www3.unicentro.br\/ccmn\/wp-json\/wp\/v2\/media?parent=23"}],"curies":[{"name":"wp","href":"https:\/\/api.w.org\/{rel}","templated":true}]}}