{"id":21,"date":"2021-08-18T15:13:15","date_gmt":"2021-08-18T18:13:15","guid":{"rendered":"https:\/\/www3.unicentro.br\/ccmn\/?page_id=21"},"modified":"2023-07-04T10:15:40","modified_gmt":"2023-07-04T13:15:40","slug":"equipe","status":"publish","type":"page","link":"https:\/\/www3.unicentro.br\/ccmn\/equipe\/","title":{"rendered":"Equipe"},"content":{"rendered":"<p><strong>Organiza\u00e7\u00e3o:<br \/>\n<\/strong>Prof. Dr. Fauze Jac\u00f3 Anaissi &#8211; <a href=\"mailto:anaissi@unicentro.br\">anaissi@unicentro.br<\/a><\/p>\n<p><strong>Docentes respons\u00e1veis pela aquisi\u00e7\u00e3o de dados e manuten\u00e7\u00e3o dos equipamentos:<\/strong><\/p>\n<p>Prof\u00aa. Dr\u00aa. Sueli P. Quin\u00e1ia &#8211; <a href=\"mailto:spquinaia@gmail.com\">spquinaia@gmail.com<\/a><br \/>\n<em>Absor\u00e7\u00e3o e Emiss\u00e3o At\u00f4mica \u2013 FAAS, GFAAS e ICP-MS<\/em><\/p>\n<p>Prof\u00aa. Dr\u00aa. Maria L. Felsner &#8211; <a href=\"mailto:mlfelsner@yahoo.com.br\">mlfelsner@yahoo.com.br<\/a><br \/>\n<em>Absor\u00e7\u00e3o At\u00f4mica \u2013 GFAAS, ICP e TG-DSC\/FTIR<\/em><\/p>\n<p>Prof\u00aa. Dr\u00aa. Eryza G. de Castro &#8211; <a href=\"mailto:eryza.castro@gmail.com\">eryza.castro@gmail.com<\/a><br \/>\n<em>DRX, EDXRF e TG-DSC\/FTIR<\/em><\/p>\n<p>Prof. Dr. Fauze J. Anaissi- <a href=\"mailto:fjanaissi@gmail.com\">fjanaissi@gmail.com<\/a><br \/>\n<em>DRX, EDXRF, RAMAN, Fornos mufla e TG-DTA<\/em><\/p>\n<p>Prof. Dr. Pedro Pablo G. Borrero &#8211; <a href=\"mailto:gonzalez@unicentro.br\">gonzalez@unicentro.br<\/a><br \/>\n<em>EDXRF<\/em><\/p>\n<p>Prof\u00aa. Dr\u00aa. Yohandra R. Torres- <a href=\"mailto:ryohandra@yahoo.com\">ryohandra@yahoo.com<\/a><br \/>\n<em>HPLC, UPLC e CGMS<\/em><\/p>\n<p>Prof\u00aa. Dr\u00aa. Rubiana M. Mainardes &#8211; <a href=\"mailto:rubianamainardes@hotmail.com\">rubianamainardes@hotmail.com<\/a><br \/>\n<em>UPLC e CGMS<\/em><\/p>\n<p>Prof. Dr. Mauro C. Lopes &#8211; <a href=\"mailto:mauro.chierici.lopes@gmail.com\">mauro.chierici.lopes@gmail.com<\/a><br \/>\n<em>Polar\u00f3grafo e Potenciostatos<\/em><\/p>\n<p>Prof\u00aa. Dr\u00aa. Andressa Galli &#8211; <a href=\"mailto:andressagalli@gmail.com\">andressagalli@gmail.com<\/a><br \/>\n<em>Polar\u00f3grafo e Potenciostatos<\/em><\/p>\n<p>Prof. Dr. Rafael Marangoni &#8211; <a href=\"mailto:rafael.unicentro@gmail.com\">rafael.unicentro@gmail.com<\/a><br \/>\n<em>MEV, Forno tubular<\/em><\/p>\n<p>Prof\u00aa. Dr\u00aa. Taiana G. M. Bonadio &#8211; <a href=\"mailto:taianabonadio@gmail.com\">taianabonadio@gmail.com<\/a><br \/>\n<em>MEV e TG-DSC\/FTIR<\/em><\/p>\n<p>Prof. Dr. Carlos A. Policiano de Almeida &#8211; <a href=\"mailto:cpoliciano@hotmail.com\">cpoliciano@hotmail.com<\/a><br \/>\n<em>Potencial Zeta e UV-Vis<\/em><\/p>\n<p><strong>Chefe da Divis\u00e3o Administrativa da Infraestrutura Multiusu\u00e1ria de Pesquisa: <\/strong><\/p>\n<p>Prof. Dr. Giancarlo Di Vaccari Botteselle\u00a0\u00a0 <a href=\"mailto:giancarlo@unicentro.br\">giancarlo@unicentro.br<\/a><\/p>\n<p><strong>Equipe t\u00e9cnica<\/strong><\/p>\n<p>Miguel Kalwa &#8211; <a href=\"mailto:mkalwa@hotmail.com\">mkalwa@hotmail.com<\/a><br \/>\nWesley Khalil &#8211; <a href=\"mailto:Wesley_Khalil@hotmail.com\">Wesley_Khalil@hotmail.com<\/a><br \/>\nJamille de Souza Correa <a href=\"mailto:jscorrea@unicentro.edu.br\">jscorrea@unicentro.edu.br<\/a><br \/>\nGicelly do Amaral <a href=\"mailto:gamaral@unicentro.br\">gamaral@unicentro.br<\/a><\/p>\n","protected":false},"excerpt":{"rendered":"<p>Organiza\u00e7\u00e3o: Prof. Dr. Fauze Jac\u00f3 Anaissi &#8211; anaissi@unicentro.br Docentes respons\u00e1veis pela aquisi\u00e7\u00e3o de dados e manuten\u00e7\u00e3o dos equipamentos: Prof\u00aa. Dr\u00aa. Sueli P. Quin\u00e1ia &#8211; spquinaia@gmail.com Absor\u00e7\u00e3o e Emiss\u00e3o At\u00f4mica \u2013 FAAS, GFAAS e ICP-MS Prof\u00aa. Dr\u00aa. Maria L. Felsner &#8211; mlfelsner@yahoo.com.br Absor\u00e7\u00e3o At\u00f4mica \u2013 GFAAS, ICP e TG-DSC\/FTIR Prof\u00aa. Dr\u00aa. Eryza G. de Castro &#8211; [&hellip;]<\/p>\n","protected":false},"author":3,"featured_media":0,"parent":0,"menu_order":0,"comment_status":"closed","ping_status":"closed","template":"","meta":{"_exactmetrics_skip_tracking":false,"_exactmetrics_sitenote_active":false,"_exactmetrics_sitenote_note":"","_exactmetrics_sitenote_category":0,"footnotes":"","_links_to":"","_links_to_target":""},"class_list":["post-21","page","type-page","status-publish","hentry"],"_links":{"self":[{"href":"https:\/\/www3.unicentro.br\/ccmn\/wp-json\/wp\/v2\/pages\/21","targetHints":{"allow":["GET"]}}],"collection":[{"href":"https:\/\/www3.unicentro.br\/ccmn\/wp-json\/wp\/v2\/pages"}],"about":[{"href":"https:\/\/www3.unicentro.br\/ccmn\/wp-json\/wp\/v2\/types\/page"}],"author":[{"embeddable":true,"href":"https:\/\/www3.unicentro.br\/ccmn\/wp-json\/wp\/v2\/users\/3"}],"replies":[{"embeddable":true,"href":"https:\/\/www3.unicentro.br\/ccmn\/wp-json\/wp\/v2\/comments?post=21"}],"version-history":[{"count":0,"href":"https:\/\/www3.unicentro.br\/ccmn\/wp-json\/wp\/v2\/pages\/21\/revisions"}],"wp:attachment":[{"href":"https:\/\/www3.unicentro.br\/ccmn\/wp-json\/wp\/v2\/media?parent=21"}],"curies":[{"name":"wp","href":"https:\/\/api.w.org\/{rel}","templated":true}]}}