{"id":856,"date":"2021-12-16T21:32:06","date_gmt":"2021-12-17T00:32:06","guid":{"rendered":"https:\/\/www3.unicentro.br\/brinquedoteca\/?page_id=856"},"modified":"2021-12-16T21:32:42","modified_gmt":"2021-12-17T00:32:42","slug":"cobra-cega-cabra-cega","status":"publish","type":"page","link":"https:\/\/www3.unicentro.br\/brinquedoteca\/brincadeiras\/cobra-cega-cabra-cega\/","title":{"rendered":"Cobra-Cega\/ Cabra-Cega"},"content":{"rendered":"<p style=\"text-align: justify\"><span style=\"font-size: 14pt;color: #000000\"><strong>Materiais:<\/strong> Venda.<\/span><\/p>\n<p style=\"text-align: justify\"><span style=\"font-size: 14pt;color: #000000\"><strong>Descri\u00e7\u00e3o: <\/strong>Posicionados em c\u00edrculo, segurando as m\u00e3os, escolhem por sorteio ou por indica\u00e7\u00e3o a \u201ccobra-cega\u201d que se dirigir\u00e1 ao centro da roda como os olhos vendados. Dando tr\u00eas voltas sobre si mesma, falando: \u201cCobra-cega de onde vem? Resposta: venho de cima de Bel\u00e9m, pergunta: trouxe cravo e canela? Resposta: N\u00e3o! Ent\u00e3o p\u00e1 na canela\u201d a \u201ccobra-cega\u201d tentar\u00e1 pegar algum amiguinho. O grupo poder\u00e1 se espalhar para impedir que a cobra pegue algu\u00e9m, mas \u00e9 recomend\u00e1vel n\u00e3o soltarem as m\u00e3os. Quando conseguir pegar algum amiguinho, e o reconhece, trocar\u00e1 de lugar com ele. O importante \u00e9 que a cabra-cega reconhe\u00e7a seus amiguinhos pelo tato, e que n\u00e3o permane\u00e7a muito tempo com os olhos vendados.<\/span><\/p>\n<p style=\"text-align: justify\"><span style=\"font-size: 14pt\"><span style=\"color: #000000\">Fonte: Educa\u00e7\u00e3o Fisica 1\u00b0 ano\/<\/span> <a href=\"https:\/\/www.taubate.sp.gov.br\/wp-content\/uploads\/2020\/06\/1-%C2%A6-ano-EDUCA%C3%A7%C3%A2O-F%C3%ACSICA-ativ.-10-Cobra-cega.pdf\"><span style=\"color: #0000ff\">https:\/\/www.taubate.sp.gov.br\/wp-content\/uploads\/2020\/06\/1-%C2%A6-ano-EDUCA%C3%A7%C3%A2O-F%C3%ACSICA-ativ.-10-Cobra-cega.pdf<\/span><\/a><\/span><\/p>\n","protected":false},"excerpt":{"rendered":"<p>Materiais: Venda. Descri\u00e7\u00e3o: Posicionados em c\u00edrculo, segurando as m\u00e3os, escolhem por sorteio ou por indica\u00e7\u00e3o a \u201ccobra-cega\u201d que se dirigir\u00e1 ao centro da roda como os olhos vendados. Dando tr\u00eas voltas sobre si mesma, falando: \u201cCobra-cega de onde vem? Resposta: venho de cima de Bel\u00e9m, pergunta: trouxe cravo e canela? Resposta: N\u00e3o! Ent\u00e3o p\u00e1 na [&hellip;]<\/p>\n","protected":false},"author":358,"featured_media":0,"parent":723,"menu_order":0,"comment_status":"closed","ping_status":"closed","template":"","meta":{"_exactmetrics_skip_tracking":false,"_exactmetrics_sitenote_active":false,"_exactmetrics_sitenote_note":"","_exactmetrics_sitenote_category":0,"footnotes":"","_links_to":"","_links_to_target":""},"class_list":["post-856","page","type-page","status-publish","hentry"],"_links":{"self":[{"href":"https:\/\/www3.unicentro.br\/brinquedoteca\/wp-json\/wp\/v2\/pages\/856","targetHints":{"allow":["GET"]}}],"collection":[{"href":"https:\/\/www3.unicentro.br\/brinquedoteca\/wp-json\/wp\/v2\/pages"}],"about":[{"href":"https:\/\/www3.unicentro.br\/brinquedoteca\/wp-json\/wp\/v2\/types\/page"}],"author":[{"embeddable":true,"href":"https:\/\/www3.unicentro.br\/brinquedoteca\/wp-json\/wp\/v2\/users\/358"}],"replies":[{"embeddable":true,"href":"https:\/\/www3.unicentro.br\/brinquedoteca\/wp-json\/wp\/v2\/comments?post=856"}],"version-history":[{"count":0,"href":"https:\/\/www3.unicentro.br\/brinquedoteca\/wp-json\/wp\/v2\/pages\/856\/revisions"}],"up":[{"embeddable":true,"href":"https:\/\/www3.unicentro.br\/brinquedoteca\/wp-json\/wp\/v2\/pages\/723"}],"wp:attachment":[{"href":"https:\/\/www3.unicentro.br\/brinquedoteca\/wp-json\/wp\/v2\/media?parent=856"}],"curies":[{"name":"wp","href":"https:\/\/api.w.org\/{rel}","templated":true}]}}