{"id":850,"date":"2021-12-16T21:26:16","date_gmt":"2021-12-17T00:26:16","guid":{"rendered":"https:\/\/www3.unicentro.br\/brinquedoteca\/?page_id=850"},"modified":"2021-12-16T21:26:16","modified_gmt":"2021-12-17T00:26:16","slug":"bete-ombro","status":"publish","type":"page","link":"https:\/\/www3.unicentro.br\/brinquedoteca\/brincadeiras\/bete-ombro\/","title":{"rendered":"Bete Ombro"},"content":{"rendered":"<p style=\"text-align: justify\"><span style=\"color: #000000;font-size: 14pt\"><strong>Materiais:<\/strong> Dois tacos de tamanho m\u00e9dio, dois alvos (podem ser garrafas pl\u00e1sticas, latas de refrigerante ou peda\u00e7os de madeira apoiados em forma de trip\u00e9; tradicionalmente eram tr\u00eas ramos sem folhas de cerca de 30 cm) e uma bola pequena de borracha, uma bola feita de meias, ou at\u00e9 mesmo uma bola de t\u00eanis.<\/span><\/p>\n<p style=\"text-align: justify\"><strong><span style=\"color: #000000;font-size: 14pt\">Descri\u00e7\u00e3o: <\/span><\/strong><span style=\"color: #000000;font-size: 14pt\">Por se tratar de um jogo t\u00edpico do interior do Brasil, praticado em campos abertos, descampados e at\u00e9 mesmo na rua, n\u00e3o h\u00e1 utiliza\u00e7\u00e3o de equipamento de seguran\u00e7a, mas podem ocorrer acidentes, principalmente com os tacos. N\u00e3o se deve bater os tacos baixos porque pode machucar algu\u00e9m que est\u00e1 com os tacos, e o lan\u00e7ador que fica atr\u00e1s do rebatedor deve ficar um pouco afastado pois pode ser atingido pelo manejo do taco.<\/span><\/p>\n<p style=\"text-align: justify\"><span style=\"color: #000000;font-size: 14pt\">Campo: <\/span><span style=\"color: #000000;font-size: 14pt\">O campo pode ser de qualquer tamanho ou n\u00e3o possuir limites, e de qualquer tipo de terreno. \u00c9 praticado preferencialmente em rua (de asfalto) ou na praia, tamb\u00e9m sendo poss\u00edvel jogar em grama ou no campo. <\/span><span style=\"color: #000000;font-size: 14pt\">Os dois alvos s\u00e3o separadas por uma dist\u00e2ncia de 20 metros. Uma circunfer\u00eancia de 60 cent\u00edmetros de di\u00e2metro \u00e9 desenhada em volta de cada alvo, formando a base.<\/span><\/p>\n<p style=\"text-align: justify\"><span style=\"color: #000000;font-size: 14pt\">Este jogo \u00e9 jogado por duas duplas, sendo que uma det\u00e9m os tacos \u2014 os rebatedores \u2014 e a outra a bola \u2014 os lan\u00e7adores. Cada rebatedor fica posicionado perto de um alvo, com o taco sempre tocando o ch\u00e3o dentro da base (esta posi\u00e7\u00e3o \u00e9 referenciada como &#8220;taco no ch\u00e3o&#8221;). Os lan\u00e7adores se posicionam fora do espa\u00e7o entre as bases. Eles podem entrar nesse espa\u00e7o para pegar a bola, mas os lan\u00e7amentos s\u00e3o sempre efetuados de tr\u00e1s da linha da base de seu lado.<\/span><br \/>\n<span style=\"color: #000000;font-size: 14pt\">A dupla de lan\u00e7adores tem por objetivo derrubar o alvo do lado oposto do campo atrav\u00e9s do lan\u00e7amento da bola. Conseguindo, alternam-se os pap\u00e9is, os lan\u00e7adores tornam-se rebatedores (conquistando a oportunidade de pontuar) e os rebatedores tornam-se lan\u00e7adores.<\/span><br \/>\n<span style=\"color: #000000;font-size: 14pt\">A dupla de rebatedores procura defender o alvo dos arremessos advers\u00e1rios, rebatendo, se poss\u00edvel, a bola o mais longe poss\u00edvel para marcar pontos: Durante o tempo em que a dupla advers\u00e1ria corre atr\u00e1s da bola, a dupla de rebatedores pode ficar alternando de lado no campo, sempre batendo os tacos no meio da quadra e sempre encostando o taco na circunfer\u00eancia da casinha, validando o ponto.<\/span><br \/>\n<span style=\"color: #000000;font-size: 14pt\">Se os lan\u00e7adores derrubarem o alvo ou &#8220;queimarem&#8221; os rebatedores (ou seja, acert\u00e1-los com a bola antes de estarem de &#8220;taco no ch\u00e3o&#8221; em suas casinhas), esta dupla ganha os tacos.<\/span><br \/>\n<span style=\"color: #000000;font-size: 14pt\">Enquanto um rebatedor mantiver o taco encostado na \u00e1rea da base, a base est\u00e1 &#8220;protegida&#8221;, impedindo o lan\u00e7ador que est\u00e1 atr\u00e1s da base de derrubar este alvo. Tirar o taco da \u00e1rea da base enquanto a bola n\u00e3o for arremessada permite que o lan\u00e7ador derrube o alvo de seu pr\u00f3prio lado do campo usando a bola e ganhe os tacos.<\/span><br \/>\n<span style=\"color: #000000;font-size: 14pt\">O jogo acaba quando uma das duplas conseguir marcar um determinado n\u00famero de pontos (geralmente 10 pontos, ou 5 pontos para jogos mais curtos), e cruzar os tacos no meio do campo.<\/span><br \/>\n<span style=\"color: #000000;font-size: 14pt\">A dupla que conseguir chegar a 80% da pontua\u00e7\u00e3o da partida antes que a outra marque pontos, ser\u00e1 declarada como vencedora, caso consiga fazer o &#8220;cruza&#8221; no meio do campo.<\/span><br \/>\n<span style=\"color: #000000;font-size: 14pt\">Voc\u00ea pode trocar de taco ou de lugar desde que pe\u00e7a licen\u00e7a para realizar essas a\u00e7\u00f5es. Quando a bola tocar no taco e ela for para tr\u00e1s \u00e9 contado &#8220;uma para tr\u00e1s&#8221;. Caso isso ocorra tr\u00eas vezes seguidas, perde-se a posse dos tacos.<\/span><br \/>\n<span style=\"color: #000000;font-size: 14pt\">Ao chegar no limite dos pontos, dependendo das regras, n\u00e3o se tem tr\u00e1s, sendo assim permitido rebater para tr\u00e1s na pontua\u00e7\u00e3o m\u00e1xima.<\/span><br \/>\n<span style=\"color: #000000;font-size: 14pt\">Se o time que estiver com a pontua\u00e7\u00e3o m\u00e1xima e perder o taco, a contagem dos pontos da dupla cai para a metade.<\/span><br \/>\n<span style=\"color: #000000;font-size: 14pt\">Quando o jogador pegar a bola no alto sem ela quicar no ch\u00e3o, os advers\u00e1rios perdem o taco ou perdem o jogo (dependendo das regras combinadas).<\/span><br \/>\n<span style=\"color: #000000;font-size: 14pt\">Quando atingir os pontos necess\u00e1rios dever\u00e1 derrubar a casinha em que seu parceiro est\u00e1 e cruzar os tacos.<\/span><br \/>\n<span style=\"color: #000000;font-size: 14pt\">Regra da reta. Se a bolinha for rebatida e n\u00e3o passar da casinha do outro rebatedor, ou seja, ficar entre as duas casinhas os lan\u00e7adores podem pedir &#8220;reta&#8221;: O que arremessou a bola pode pegar a bolinha e arremessar de onde ela parou. Se antes disso o rebatedor pedir &#8220;nada&#8221;, o arremessador ter\u00e1 que pegar a bola e voltar pra tr\u00e1s da base.<\/span><\/p>\n<ul>\n<li style=\"text-align: justify\"><span style=\"color: #000000;font-size: 14pt\">Regra da lancha (ou carne).<\/span><\/li>\n<\/ul>\n<p style=\"text-align: justify\"><span style=\"color: #000000;font-size: 14pt\">Se o rebatedor do lado oposto do lan\u00e7ador encostar na bolinha com o p\u00e9 (ou outra parte do corpo) conta &#8220;uma na lancha&#8221;. Se os rebatedores marcarem &#8220;3 na lancha&#8221; eles perdem os tacos. No Paran\u00e1, principalmente no sudoeste do estado, se for marcado &#8220;3 na lancha&#8221; a equipe n\u00e3o perde os tacos, perdem apenas 4 pontos.<\/span><br \/>\n<span style=\"color: #000000;font-size: 14pt\">Uma estrat\u00e9gia usada para conseguir os tacos \u00e9 em vez de tentar acertar a casinha tentar acertar o rebatedor com um tiro direto. Esta estrat\u00e9gia tem a desvantagem de facilitar uma rebatida. No sul, principalmente no Rio Grande do Sul, existe ainda uma varia\u00e7\u00e3o em que se a bola toca no p\u00e9 do rebatedor \u00e9 cobrada uma esp\u00e9cie de p\u00eanalti, onde o arremessador pode tentar acertar a casinha a alguns passos de dist\u00e2ncia do rebatedor.<\/span><\/p>\n<ul style=\"text-align: justify\">\n<li><span style=\"color: #000000;font-size: 14pt\">Regra &#8220;pra tr\u00e1s&#8221;: Se a bolinha encostar no taco e for para tr\u00e1s do circulo do rebatedor, \u00e9 contado &#8220;uma para tr\u00e1s&#8221;.<\/span><br \/>\n<span style=\"color: #000000;font-size: 14pt\">Quando for contado &#8220;3 para tr\u00e1s&#8221; os rebatedores perdem os tacos. Se a dupla estiver com duas pra tr\u00e1s, por exemplo, e marcar pontos, s\u00e3o descontadas as vezes que a bolinha foi para tr\u00e1s, antes de dar tr\u00eas para tr\u00e1s, descontando tamb\u00e9m os pontos. Exemplo: se a dupla estava com 10 pontos e marcou mais 2 e tinham duas para tr\u00e1s, \u00e9 anulada 1 para tr\u00e1s, e a dupla permanecer\u00e1 com 10 pontos.<\/span><\/li>\n<li><span style=\"color: #000000;font-size: 14pt\">Vit\u00f3ria betes: Tamb\u00e9m conhecida como &#8220;Pedro Vit\u00f3ria&#8221;, &#8220;Maria Vit\u00f3ria&#8221;, &#8220;contar vit\u00f3ria&#8221;, &#8220;vit\u00f3ria 1, 2, 3&#8221; ou simplesmente &#8220;vit\u00f3ria&#8221; consiste em pegar a bola rebatida no ar e d\u00e1 vit\u00f3ria autom\u00e1tica \u00e0 dupla de lan\u00e7adores. No interior de S\u00e3o Paulo, quando a equipe consegue apanhar a bola no ar, deve gritar &#8220;vit\u00f3ria bets, entregue o taco&#8221;, por\u00e9m a equipe da bola n\u00e3o recebe a vit\u00f3ria e sim, somente o taco para continuar a jogar. No interior de Goi\u00e1s esse artif\u00edcio \u00e9 conhecido como &#8220;caju&#8221;.<\/span><\/li>\n<\/ul>\n<p style=\"text-align: justify\"><span style=\"color: #000000;font-size: 14pt\">E em muitos lugares de S\u00e3o Paulo a dupla que pegar a bolinha no alto al\u00e9m de ganhar a posse do taco, ganha tamb\u00e9m 2 pontos, assim como o &#8220;cruza&#8221;, cada cruzada de taco que a dupla rebatedora conquista, ganha 2 pontos.<\/span><br \/>\n<span style=\"color: #000000;font-size: 14pt\">No Distrito Federal, mais precisamente na cidade-sat\u00e9lite de Sobradinho, \u00e9 aceito como regra de vit\u00f3ria total \u00e0 dupla cujo lan\u00e7ador conseguir pegar a bola no ar, sem deixar que a mesma escape e toque ao ch\u00e3o. Esta regra tamb\u00e9m \u00e9 muito usada no Paran\u00e1, principalmente em Curitiba e em Cascavel, em Fortaleza, e tamb\u00e9m em algumas partes do Rio Grande do Sul.<\/span><br \/>\n<span style=\"color: #000000;font-size: 14pt\">Pedido de time, tempo ou &#8220;bets morto&#8221;<\/span><br \/>\n<span style=\"color: #000000;font-size: 14pt\">No interior de S\u00e3o Paulo, o jogo s\u00f3 pode ser paralisado se houver pedido de tempo, ou time (em ingl\u00eas), tamb\u00e9m conhecido como &#8220;licen\u00e7a bets&#8221; ou &#8220;bets-tempo&#8221;, como tamb\u00e9m &#8220;bets-empacotado&#8221; e &#8220;licen\u00e7a pra um&#8221;. Caso contr\u00e1rio, os jogadores podem derrubar a casinha advers\u00e1ria se um dos jogadores se ausentar da partida sem solicitar time.Time-pra-dois \u00e9 a express\u00e3o utilizada quando \u00e9 necess\u00e1rio pausar o jogo. Assim que for solicitado o Time-pra-dois, conta-se at\u00e9 100. Se o jogador ausente n\u00e3o voltar nesse per\u00edodo, os advers\u00e1rios podem come\u00e7ar a contar os betes at\u00e9 que o jogador volte. Quando uma dupla solicita time-pra-dois, ele recebe &#8220;uma pra tr\u00e1s&#8221;. Em Bras\u00edlia, chama-se LB2(&#8220;licen\u00e7a bet dois&#8221;). No Rio de Janeiro (cidade), a regra de descanso \u00e9 falado &#8220;taco-pra-dois&#8221; se for para os dois jogadores ou todos eles, e &#8220;taco-pra-um&#8221; se s\u00f3 for um jogador com o taco.<\/span><\/p>\n<ul style=\"text-align: justify\">\n<li><span style=\"color: #000000;font-size: 14pt\">\u00a0Pedido de &#8220;p\u00e1tio&#8221; ou &#8220;bolinha perdida&#8221;<\/span><\/li>\n<\/ul>\n<p style=\"text-align: justify\"><span style=\"color: #000000;font-size: 14pt\">Se a bola rebatida cair em local de dif\u00edcil acesso (p\u00e1tio de pr\u00e9dio com port\u00e3o trancado ou com c\u00e3o ou ainda terreno baldio com mato fechado), a dupla de rebatedores s\u00f3 poder\u00e1 marcar pontos at\u00e9 que a outra dupla grite &#8220;p\u00e1tio&#8221; ou &#8220;bolinha perdida&#8221; e haja, claro, comum acordo quanto \u00e0 dificuldade de acesso. Em geral, quando a bola \u00e9 isolada a um local de dif\u00edcil acesso, a dupla de rebatedores ganha pontos adicionais por causa da interrup\u00e7\u00e3o ou at\u00e9 mesmo decreta-se sua vit\u00f3ria.<\/span><\/p>\n<p style=\"text-align: justify\"><span style=\"color: #000000;font-size: 14pt\">Fonte: Dia a dia educa\u00e7\u00e3o\/ <span style=\"color: #0000ff\">\u00a0<a style=\"color: #0000ff\" href=\"http:\/\/www.educacaofisica.seed.pr.gov.br\/modules\/conteudo\/conteudo.php?conteudo=392\">http:\/\/www.educacaofisica.seed.pr.gov.br\/modules\/conteudo\/conteudo.php?conteudo=392<\/a><\/span><\/span><\/p>\n","protected":false},"excerpt":{"rendered":"<p>Materiais: Dois tacos de tamanho m\u00e9dio, dois alvos (podem ser garrafas pl\u00e1sticas, latas de refrigerante ou peda\u00e7os de madeira apoiados em forma de trip\u00e9; tradicionalmente eram tr\u00eas ramos sem folhas de cerca de 30 cm) e uma bola pequena de borracha, uma bola feita de meias, ou at\u00e9 mesmo uma bola de t\u00eanis. Descri\u00e7\u00e3o: Por [&hellip;]<\/p>\n","protected":false},"author":358,"featured_media":0,"parent":723,"menu_order":0,"comment_status":"closed","ping_status":"closed","template":"","meta":{"_exactmetrics_skip_tracking":false,"_exactmetrics_sitenote_active":false,"_exactmetrics_sitenote_note":"","_exactmetrics_sitenote_category":0,"footnotes":"","_links_to":"","_links_to_target":""},"class_list":["post-850","page","type-page","status-publish","hentry"],"_links":{"self":[{"href":"https:\/\/www3.unicentro.br\/brinquedoteca\/wp-json\/wp\/v2\/pages\/850","targetHints":{"allow":["GET"]}}],"collection":[{"href":"https:\/\/www3.unicentro.br\/brinquedoteca\/wp-json\/wp\/v2\/pages"}],"about":[{"href":"https:\/\/www3.unicentro.br\/brinquedoteca\/wp-json\/wp\/v2\/types\/page"}],"author":[{"embeddable":true,"href":"https:\/\/www3.unicentro.br\/brinquedoteca\/wp-json\/wp\/v2\/users\/358"}],"replies":[{"embeddable":true,"href":"https:\/\/www3.unicentro.br\/brinquedoteca\/wp-json\/wp\/v2\/comments?post=850"}],"version-history":[{"count":0,"href":"https:\/\/www3.unicentro.br\/brinquedoteca\/wp-json\/wp\/v2\/pages\/850\/revisions"}],"up":[{"embeddable":true,"href":"https:\/\/www3.unicentro.br\/brinquedoteca\/wp-json\/wp\/v2\/pages\/723"}],"wp:attachment":[{"href":"https:\/\/www3.unicentro.br\/brinquedoteca\/wp-json\/wp\/v2\/media?parent=850"}],"curies":[{"name":"wp","href":"https:\/\/api.w.org\/{rel}","templated":true}]}}