{"id":847,"date":"2021-12-16T21:22:00","date_gmt":"2021-12-17T00:22:00","guid":{"rendered":"https:\/\/www3.unicentro.br\/brinquedoteca\/?page_id=847"},"modified":"2021-12-16T21:22:00","modified_gmt":"2021-12-17T00:22:00","slug":"escravos-de-jo","status":"publish","type":"page","link":"https:\/\/www3.unicentro.br\/brinquedoteca\/brincadeiras\/escravos-de-jo\/","title":{"rendered":"Escravos de J\u00f3"},"content":{"rendered":"<p style=\"text-align: justify\"><span style=\"color: #000000;font-size: 14pt\"><strong>Materiais:<\/strong> Pedrinhas ou outro objeto de acordo com o n\u00famero de participantes<\/span><\/p>\n<p style=\"text-align: justify\"><span style=\"color: #000000;font-size: 14pt\"><strong>Descri\u00e7\u00e3o: <\/strong>Os jogadores sentam em c\u00edrculo, cada um com uma pedrinha ou outro objeto pequeno, que ser\u00e1 passado de um integrante para o outro em uma coreografia de vai e vem seguindo o ritmo da m\u00fasica \u201cEscravos de J\u00f3\u201d: Escravos de J\u00f3 jogavam caxang\u00e1 (os jogadores v\u00e3o passando as pedras um para o outro do lado direito, de forma que cada jogador fique sempre com uma pedrinha s\u00f3) Tira, (cada um levanta a pedra que est\u00e1 em suas m\u00e3os) p\u00f5e, (colocam a pedra de novo no ch\u00e3o) deixa ficar (apontam com o dedo para a pedra no ch\u00e3o) Guerreiros com guerreiros (voltam a passar a pedra para a direita) fazem zigue, (colocam a pedra na frente do jogador \u00e0 direita, mas n\u00e3o soltam) zigue, (colocam a pedra \u00e0 frente do jogador \u00e0 esquerda, mas n\u00e3o soltam) z\u00e1\u00a0(colocam a pedra \u00e0 frente do jogador \u00e0 direita novamente)<\/span><\/p>\n<p style=\"text-align: justify\">\n<p style=\"text-align: justify\"><span style=\"font-size: 14pt\"><span style=\"color: #000000\">Fonte: Sandi dicas culturais\/<\/span> <span style=\"color: #0000ff\"><a style=\"color: #0000ff\" href=\"https:\/\/www.escolasanti.com.br\/dicasculturais\/2019\/08\/09\/escravos-de-jo\/\">https:\/\/www.escolasanti.com.br\/dicasculturais\/2019\/08\/09\/escravos-de-jo\/<\/a><\/span><\/span><\/p>\n","protected":false},"excerpt":{"rendered":"<p>Materiais: Pedrinhas ou outro objeto de acordo com o n\u00famero de participantes Descri\u00e7\u00e3o: Os jogadores sentam em c\u00edrculo, cada um com uma pedrinha ou outro objeto pequeno, que ser\u00e1 passado de um integrante para o outro em uma coreografia de vai e vem seguindo o ritmo da m\u00fasica \u201cEscravos de J\u00f3\u201d: Escravos de J\u00f3 jogavam [&hellip;]<\/p>\n","protected":false},"author":358,"featured_media":0,"parent":723,"menu_order":0,"comment_status":"closed","ping_status":"closed","template":"","meta":{"_exactmetrics_skip_tracking":false,"_exactmetrics_sitenote_active":false,"_exactmetrics_sitenote_note":"","_exactmetrics_sitenote_category":0,"footnotes":"","_links_to":"","_links_to_target":""},"class_list":["post-847","page","type-page","status-publish","hentry"],"_links":{"self":[{"href":"https:\/\/www3.unicentro.br\/brinquedoteca\/wp-json\/wp\/v2\/pages\/847","targetHints":{"allow":["GET"]}}],"collection":[{"href":"https:\/\/www3.unicentro.br\/brinquedoteca\/wp-json\/wp\/v2\/pages"}],"about":[{"href":"https:\/\/www3.unicentro.br\/brinquedoteca\/wp-json\/wp\/v2\/types\/page"}],"author":[{"embeddable":true,"href":"https:\/\/www3.unicentro.br\/brinquedoteca\/wp-json\/wp\/v2\/users\/358"}],"replies":[{"embeddable":true,"href":"https:\/\/www3.unicentro.br\/brinquedoteca\/wp-json\/wp\/v2\/comments?post=847"}],"version-history":[{"count":0,"href":"https:\/\/www3.unicentro.br\/brinquedoteca\/wp-json\/wp\/v2\/pages\/847\/revisions"}],"up":[{"embeddable":true,"href":"https:\/\/www3.unicentro.br\/brinquedoteca\/wp-json\/wp\/v2\/pages\/723"}],"wp:attachment":[{"href":"https:\/\/www3.unicentro.br\/brinquedoteca\/wp-json\/wp\/v2\/media?parent=847"}],"curies":[{"name":"wp","href":"https:\/\/api.w.org\/{rel}","templated":true}]}}