{"id":844,"date":"2021-12-16T21:19:16","date_gmt":"2021-12-17T00:19:16","guid":{"rendered":"https:\/\/www3.unicentro.br\/brinquedoteca\/?page_id=844"},"modified":"2021-12-16T21:19:30","modified_gmt":"2021-12-17T00:19:30","slug":"bolhas-de-sabao","status":"publish","type":"page","link":"https:\/\/www3.unicentro.br\/brinquedoteca\/brincadeiras\/bolhas-de-sabao\/","title":{"rendered":"Bolhas de Sab\u00e3o"},"content":{"rendered":"<p style=\"text-align: justify\"><strong><span style=\"color: #000000;font-size: 14pt\">Materiais:<\/span><\/strong><\/p>\n<ul>\n<li style=\"text-align: justify\"><span style=\"color: #000000;font-size: 14pt\">Macarr\u00e3o do tipo espaguete furadinho;<\/span><\/li>\n<li style=\"text-align: justify\"><span style=\"font-size: 14pt;color: #000000\">Sab\u00e3o em pedra;<\/span><\/li>\n<li style=\"text-align: justify\"><span style=\"font-size: 14pt;color: #000000\">Copo ou pote pequeno.<\/span><\/li>\n<\/ul>\n<p style=\"text-align: justify\"><strong><span style=\"color: #000000;font-size: 14pt\">Descri\u00e7\u00e3o: <\/span><\/strong><span style=\"color: #000000;font-size: 14pt\">Para fazer bolinhas de sab\u00e3o, dissolva o sab\u00e3o em pedra na \u00e1gua e coloque no copo ou no potinho. Molhe uma das extremidades do macarr\u00e3o na \u00e1gua com sab\u00e3o e assopre a outra extremidade do macarr\u00e3o.<\/span><\/p>\n<p style=\"text-align: justify\"><span style=\"color: #000000;font-size: 14pt\">Fonte: Projeto mem\u00f3rias, brincadeiras de muitos tempos e lugares\/ <span style=\"color: #0000ff\"><a style=\"color: #0000ff\" href=\"http:\/\/www.usp.br\/memorias\/brincadeiras.php?cat=&amp;subcat=&amp;nome=&amp;Submit2=Buscar\">http:\/\/www.usp.br\/memorias\/brincadeiras.php?cat=&amp;subcat=&amp;nome=&amp;Submit2=Buscar <\/a><\/span><\/span><\/p>\n<p style=\"text-align: justify\">\n","protected":false},"excerpt":{"rendered":"<p>Materiais: Macarr\u00e3o do tipo espaguete furadinho; Sab\u00e3o em pedra; Copo ou pote pequeno. Descri\u00e7\u00e3o: Para fazer bolinhas de sab\u00e3o, dissolva o sab\u00e3o em pedra na \u00e1gua e coloque no copo ou no potinho. Molhe uma das extremidades do macarr\u00e3o na \u00e1gua com sab\u00e3o e assopre a outra extremidade do macarr\u00e3o. Fonte: Projeto mem\u00f3rias, brincadeiras de [&hellip;]<\/p>\n","protected":false},"author":358,"featured_media":0,"parent":723,"menu_order":0,"comment_status":"closed","ping_status":"closed","template":"","meta":{"_exactmetrics_skip_tracking":false,"_exactmetrics_sitenote_active":false,"_exactmetrics_sitenote_note":"","_exactmetrics_sitenote_category":0,"footnotes":"","_links_to":"","_links_to_target":""},"class_list":["post-844","page","type-page","status-publish","hentry"],"_links":{"self":[{"href":"https:\/\/www3.unicentro.br\/brinquedoteca\/wp-json\/wp\/v2\/pages\/844","targetHints":{"allow":["GET"]}}],"collection":[{"href":"https:\/\/www3.unicentro.br\/brinquedoteca\/wp-json\/wp\/v2\/pages"}],"about":[{"href":"https:\/\/www3.unicentro.br\/brinquedoteca\/wp-json\/wp\/v2\/types\/page"}],"author":[{"embeddable":true,"href":"https:\/\/www3.unicentro.br\/brinquedoteca\/wp-json\/wp\/v2\/users\/358"}],"replies":[{"embeddable":true,"href":"https:\/\/www3.unicentro.br\/brinquedoteca\/wp-json\/wp\/v2\/comments?post=844"}],"version-history":[{"count":0,"href":"https:\/\/www3.unicentro.br\/brinquedoteca\/wp-json\/wp\/v2\/pages\/844\/revisions"}],"up":[{"embeddable":true,"href":"https:\/\/www3.unicentro.br\/brinquedoteca\/wp-json\/wp\/v2\/pages\/723"}],"wp:attachment":[{"href":"https:\/\/www3.unicentro.br\/brinquedoteca\/wp-json\/wp\/v2\/media?parent=844"}],"curies":[{"name":"wp","href":"https:\/\/api.w.org\/{rel}","templated":true}]}}