{"id":841,"date":"2021-12-16T21:15:55","date_gmt":"2021-12-17T00:15:55","guid":{"rendered":"https:\/\/www3.unicentro.br\/brinquedoteca\/?page_id=841"},"modified":"2021-12-16T21:15:55","modified_gmt":"2021-12-17T00:15:55","slug":"passa-anel","status":"publish","type":"page","link":"https:\/\/www3.unicentro.br\/brinquedoteca\/brincadeiras\/passa-anel\/","title":{"rendered":"Passa Anel"},"content":{"rendered":"<p style=\"text-align: justify\"><span style=\"color: #000000;font-size: 14pt\"><strong>Materiais:<\/strong> Um objeto pequeno: anel, pedrinha, etc.<\/span><\/p>\n<p style=\"text-align: justify\"><strong><span style=\"color: #000000;font-size: 14pt\">Descri\u00e7\u00e3o:<\/span><\/strong><\/p>\n<ol style=\"text-align: justify\">\n<li><span style=\"color: #000000;font-size: 14pt\">Os participantes devem sentar em roda ou em formato de meia lua. Cada participante deve unir as palmas das m\u00e3os.<\/span><\/li>\n<li><span style=\"color: #000000;font-size: 14pt\">Escolhe-se uma pessoa para passar o anel entre as m\u00e3os de cada integrante. Enquanto passa o anel ele diz: \u201cGuarde esse\u00a0anel\u00a0bem guardadinho\u201d.<\/span><\/li>\n<li><span style=\"color: #000000;font-size: 14pt\">Sem deixar que os integrantes percebam ele deve colocar o anel entre as m\u00e3os de um dos participantes.<\/span><\/li>\n<li><span style=\"color: #000000;font-size: 14pt\">Durante toda brincadeira os integrantes devem ficar com as m\u00e3os unidas para ningu\u00e9m descobrir com quem est\u00e1 o anel.<\/span><\/li>\n<li><span style=\"color: #000000;font-size: 14pt\">Ap\u00f3s passar por todas as pessoas ele pergunta para um dos participantes da brincadeira: \u201cCom quem est\u00e1 o anel?\u201d<\/span><\/li>\n<li><span style=\"color: #000000;font-size: 14pt\">Se essa pessoa acertar, ela tomar\u00e1 o lugar de que quem est\u00e1 passando o anel e a brincadeiras ser\u00e1 reiniciada.<\/span><\/li>\n<li><span style=\"color: #000000;font-size: 14pt\">Quando a pessoa escolhida n\u00e3o acertar com quem est\u00e1 o anel h\u00e1 duas regras poss\u00edveis de serem adotadas.<\/span><\/li>\n<\/ol>\n<p style=\"text-align: justify\"><span style=\"color: #000000;font-size: 14pt\">Ela dever\u00e1 pagar um \u201cmico\u201d (falar um versinho ou imitar algu\u00e9m). Feito isso, a brincadeira reinicia e \u00e9 perguntado a uma outra pessoa com quem est\u00e1 o anel. Outra possibilidade \u00e9 ir perguntando para cada um dos integrantes da roda com quem est\u00e1 o anel at\u00e9 que se descubra com quem ele ficou.<\/span><\/p>\n<p>&nbsp;<\/p>\n<p><span style=\"color: #000000;font-size: 14pt\">Fonte: Projeto mem\u00f3rias, brincadeiras de muitos tempos e lugares\/ <span style=\"color: #0000ff\"><a style=\"color: #0000ff\" href=\"http:\/\/www.usp.br\/memorias\/brincadeiras.php?cat=&amp;subcat=&amp;nome=&amp;Submit2=Buscar\">http:\/\/www.usp.br\/memorias\/brincadeiras.php?cat=&amp;subcat=&amp;nome=&amp;Submit2=Buscar<\/a><\/span><\/span><\/p>\n","protected":false},"excerpt":{"rendered":"<p>Materiais: Um objeto pequeno: anel, pedrinha, etc. Descri\u00e7\u00e3o: Os participantes devem sentar em roda ou em formato de meia lua. Cada participante deve unir as palmas das m\u00e3os. Escolhe-se uma pessoa para passar o anel entre as m\u00e3os de cada integrante. Enquanto passa o anel ele diz: \u201cGuarde esse\u00a0anel\u00a0bem guardadinho\u201d. Sem deixar que os integrantes [&hellip;]<\/p>\n","protected":false},"author":358,"featured_media":0,"parent":723,"menu_order":0,"comment_status":"closed","ping_status":"closed","template":"","meta":{"_exactmetrics_skip_tracking":false,"_exactmetrics_sitenote_active":false,"_exactmetrics_sitenote_note":"","_exactmetrics_sitenote_category":0,"footnotes":"","_links_to":"","_links_to_target":""},"class_list":["post-841","page","type-page","status-publish","hentry"],"_links":{"self":[{"href":"https:\/\/www3.unicentro.br\/brinquedoteca\/wp-json\/wp\/v2\/pages\/841","targetHints":{"allow":["GET"]}}],"collection":[{"href":"https:\/\/www3.unicentro.br\/brinquedoteca\/wp-json\/wp\/v2\/pages"}],"about":[{"href":"https:\/\/www3.unicentro.br\/brinquedoteca\/wp-json\/wp\/v2\/types\/page"}],"author":[{"embeddable":true,"href":"https:\/\/www3.unicentro.br\/brinquedoteca\/wp-json\/wp\/v2\/users\/358"}],"replies":[{"embeddable":true,"href":"https:\/\/www3.unicentro.br\/brinquedoteca\/wp-json\/wp\/v2\/comments?post=841"}],"version-history":[{"count":0,"href":"https:\/\/www3.unicentro.br\/brinquedoteca\/wp-json\/wp\/v2\/pages\/841\/revisions"}],"up":[{"embeddable":true,"href":"https:\/\/www3.unicentro.br\/brinquedoteca\/wp-json\/wp\/v2\/pages\/723"}],"wp:attachment":[{"href":"https:\/\/www3.unicentro.br\/brinquedoteca\/wp-json\/wp\/v2\/media?parent=841"}],"curies":[{"name":"wp","href":"https:\/\/api.w.org\/{rel}","templated":true}]}}