{"id":835,"date":"2021-12-16T21:10:34","date_gmt":"2021-12-17T00:10:34","guid":{"rendered":"https:\/\/www3.unicentro.br\/brinquedoteca\/?page_id=835"},"modified":"2021-12-16T21:10:34","modified_gmt":"2021-12-17T00:10:34","slug":"lenco-atras-ou-corre-cotia","status":"publish","type":"page","link":"https:\/\/www3.unicentro.br\/brinquedoteca\/brincadeiras\/lenco-atras-ou-corre-cotia\/","title":{"rendered":"Len\u00e7o atr\u00e1s ou Corre Cotia"},"content":{"rendered":"<p style=\"text-align: justify\"><span style=\"color: #000000;font-size: 14pt\"><strong>Material:<\/strong> len\u00e7os<\/span><\/p>\n<p style=\"text-align: justify\"><span style=\"color: #000000;font-size: 14pt\"><strong>Descri\u00e7\u00e3o: <\/strong>Os participantes sentam-se em uma roda e cobrem os olhos. Um deles anda em volta com um len\u00e7o na\u00a0 m\u00e3o para deixar atr\u00e1s de um dos amigos. E vai cantando a m\u00fasica: \u201cCorre, cotia, na casa da tia. Corre, cip\u00f3, na casa da v\u00f3. Lencinho na m\u00e3o, caiu no ch\u00e3o. Mo\u00e7a bonita do meu cora\u00e7\u00e3o. Posso jogar? Ningu\u00e9m vai olhar?\u201d. O jogador que achar o len\u00e7o atr\u00e1s corre atr\u00e1s do que jogou. Quando peg\u00e1-lo, ele vira o \u201ccantador\u201d, o outro se senta e a brincadeira recome\u00e7a.<\/span><\/p>\n<p style=\"text-align: justify\"><span style=\"font-size: 14pt\"><span style=\"color: #000000\">Fonte: Brincadeiras da regi\u00e3o Centro Oeste\/\u00a0<\/span> <span style=\"color: #0000ff\"><a style=\"color: #0000ff\" href=\"https:\/\/sme.goiania.go.gov.br\/conexaoescola\/ensino_fundamental\/brincadeiras-da-regiao-centro-oeste\/\">https:\/\/sme.goiania.go.gov.br\/conexaoescola\/ensino_fundamental\/brincadeiras-da-regiao-centro-oeste\/<\/a><\/span><\/span><\/p>\n","protected":false},"excerpt":{"rendered":"<p>Material: len\u00e7os Descri\u00e7\u00e3o: Os participantes sentam-se em uma roda e cobrem os olhos. Um deles anda em volta com um len\u00e7o na\u00a0 m\u00e3o para deixar atr\u00e1s de um dos amigos. E vai cantando a m\u00fasica: \u201cCorre, cotia, na casa da tia. Corre, cip\u00f3, na casa da v\u00f3. Lencinho na m\u00e3o, caiu no ch\u00e3o. Mo\u00e7a bonita [&hellip;]<\/p>\n","protected":false},"author":358,"featured_media":0,"parent":723,"menu_order":0,"comment_status":"closed","ping_status":"closed","template":"","meta":{"_exactmetrics_skip_tracking":false,"_exactmetrics_sitenote_active":false,"_exactmetrics_sitenote_note":"","_exactmetrics_sitenote_category":0,"footnotes":"","_links_to":"","_links_to_target":""},"class_list":["post-835","page","type-page","status-publish","hentry"],"_links":{"self":[{"href":"https:\/\/www3.unicentro.br\/brinquedoteca\/wp-json\/wp\/v2\/pages\/835","targetHints":{"allow":["GET"]}}],"collection":[{"href":"https:\/\/www3.unicentro.br\/brinquedoteca\/wp-json\/wp\/v2\/pages"}],"about":[{"href":"https:\/\/www3.unicentro.br\/brinquedoteca\/wp-json\/wp\/v2\/types\/page"}],"author":[{"embeddable":true,"href":"https:\/\/www3.unicentro.br\/brinquedoteca\/wp-json\/wp\/v2\/users\/358"}],"replies":[{"embeddable":true,"href":"https:\/\/www3.unicentro.br\/brinquedoteca\/wp-json\/wp\/v2\/comments?post=835"}],"version-history":[{"count":0,"href":"https:\/\/www3.unicentro.br\/brinquedoteca\/wp-json\/wp\/v2\/pages\/835\/revisions"}],"up":[{"embeddable":true,"href":"https:\/\/www3.unicentro.br\/brinquedoteca\/wp-json\/wp\/v2\/pages\/723"}],"wp:attachment":[{"href":"https:\/\/www3.unicentro.br\/brinquedoteca\/wp-json\/wp\/v2\/media?parent=835"}],"curies":[{"name":"wp","href":"https:\/\/api.w.org\/{rel}","templated":true}]}}