{"id":832,"date":"2021-12-16T21:07:02","date_gmt":"2021-12-17T00:07:02","guid":{"rendered":"https:\/\/www3.unicentro.br\/brinquedoteca\/?page_id=832"},"modified":"2021-12-16T21:07:02","modified_gmt":"2021-12-17T00:07:02","slug":"coelhinho-sai-da-toca","status":"publish","type":"page","link":"https:\/\/www3.unicentro.br\/brinquedoteca\/brincadeiras\/coelhinho-sai-da-toca\/","title":{"rendered":"Coelhinho sai da Toca"},"content":{"rendered":"<p style=\"text-align: justify\"><span style=\"font-size: 14pt;color: #000000\"><strong>Descri\u00e7\u00e3o: <\/strong>Dividir as crian\u00e7as em grupos de 3: duas ficam de m\u00e3os dadas, formando a toca e a terceira fica no meio representando o coelho. As &#8220;tocas&#8221; devem estar espalhadas pelo local da brincadeira. Devem ficar duas ou mais crian\u00e7as sem toca, no centro da \u00e1rea. Quando tudo est\u00e1 pronto, algu\u00e9m diz: &#8220;Coelhinho, sai da Toca!&#8221;. E todos tem que mudar de toca. As crian\u00e7as que est\u00e3o no centro t\u00eam que tentar ocupar as tocas que ficam vazias enquanto as demais procuram uma nova toca. Quem ficar sem toca, vai para o centro e a brincadeira recome\u00e7a.<\/span><\/p>\n<p style=\"text-align: justify\"><span style=\"font-size: 14pt;color: #000000\">Fonte: Dia a dia educa\u00e7\u00e3o\/<\/span><\/p>\n<p style=\"text-align: justify\"><span style=\"font-size: 14pt\"><a href=\"http:\/\/www.educacaofisica.seed.pr.gov.br\/modules\/conteudo\/conteudo.php?conteudo=138\"><span style=\"color: #0000ff\">http:\/\/www.educacaofisica.seed.pr.gov.br\/modules\/conteudo\/conteudo.php?conteudo=138<\/span><\/a><\/span><\/p>\n","protected":false},"excerpt":{"rendered":"<p>Descri\u00e7\u00e3o: Dividir as crian\u00e7as em grupos de 3: duas ficam de m\u00e3os dadas, formando a toca e a terceira fica no meio representando o coelho. As &#8220;tocas&#8221; devem estar espalhadas pelo local da brincadeira. Devem ficar duas ou mais crian\u00e7as sem toca, no centro da \u00e1rea. Quando tudo est\u00e1 pronto, algu\u00e9m diz: &#8220;Coelhinho, sai da [&hellip;]<\/p>\n","protected":false},"author":358,"featured_media":0,"parent":723,"menu_order":0,"comment_status":"closed","ping_status":"closed","template":"","meta":{"_exactmetrics_skip_tracking":false,"_exactmetrics_sitenote_active":false,"_exactmetrics_sitenote_note":"","_exactmetrics_sitenote_category":0,"footnotes":"","_links_to":"","_links_to_target":""},"class_list":["post-832","page","type-page","status-publish","hentry"],"_links":{"self":[{"href":"https:\/\/www3.unicentro.br\/brinquedoteca\/wp-json\/wp\/v2\/pages\/832","targetHints":{"allow":["GET"]}}],"collection":[{"href":"https:\/\/www3.unicentro.br\/brinquedoteca\/wp-json\/wp\/v2\/pages"}],"about":[{"href":"https:\/\/www3.unicentro.br\/brinquedoteca\/wp-json\/wp\/v2\/types\/page"}],"author":[{"embeddable":true,"href":"https:\/\/www3.unicentro.br\/brinquedoteca\/wp-json\/wp\/v2\/users\/358"}],"replies":[{"embeddable":true,"href":"https:\/\/www3.unicentro.br\/brinquedoteca\/wp-json\/wp\/v2\/comments?post=832"}],"version-history":[{"count":0,"href":"https:\/\/www3.unicentro.br\/brinquedoteca\/wp-json\/wp\/v2\/pages\/832\/revisions"}],"up":[{"embeddable":true,"href":"https:\/\/www3.unicentro.br\/brinquedoteca\/wp-json\/wp\/v2\/pages\/723"}],"wp:attachment":[{"href":"https:\/\/www3.unicentro.br\/brinquedoteca\/wp-json\/wp\/v2\/media?parent=832"}],"curies":[{"name":"wp","href":"https:\/\/api.w.org\/{rel}","templated":true}]}}