{"id":829,"date":"2021-12-16T21:01:52","date_gmt":"2021-12-17T00:01:52","guid":{"rendered":"https:\/\/www3.unicentro.br\/brinquedoteca\/?page_id=829"},"modified":"2021-12-16T21:03:19","modified_gmt":"2021-12-17T00:03:19","slug":"morto-vivo","status":"publish","type":"page","link":"https:\/\/www3.unicentro.br\/brinquedoteca\/brincadeiras\/morto-vivo\/","title":{"rendered":"Morto-Vivo"},"content":{"rendered":"<p style=\"text-align: justify\"><span style=\"color: #000000;font-size: 14pt\"><strong>Materiais:<\/strong> Aparelho de som<\/span><\/p>\n<p style=\"text-align: justify\"><span style=\"color: #000000;font-size: 14pt\"><strong>Descri\u00e7\u00e3o: <\/strong>A brincadeira &#8220;Morto e vivo&#8221; \u00e9 uma boa maneira de exercitar a concentra\u00e7\u00e3o e equil\u00edbrio dos pequenos. \u00c9 apropriada para crian\u00e7as acima dos 5 anos de idade e pode ser realizada em qualquer lugar com espa\u00e7o suficiente. Nela, um dos participantes \u00e9 escolhido para comandar a brincadeira, enquanto os outros formam uma reta, um ao lado do outro. A crian\u00e7a escolhida dar\u00e1 orienta\u00e7\u00f5es aos colegas com as palavras &#8220;morto&#8221; e &#8220;vivo&#8221;. Quando ouvirem &#8220;morto&#8221;, os participantes dever\u00e3o se agachar, ao ouvirem &#8220;vivo&#8221;, dever\u00e3o se levantar. O jogo vai ficando mais complexo a partir do momento em que os comandos se tornam mais r\u00e1pidos. Assim, as crian\u00e7as precisam prestar bastante aten\u00e7\u00e3o. Os que n\u00e3o conseguirem seguir as instru\u00e7\u00f5es s\u00e3o eliminados, vence o que ficar por \u00faltimo.<\/span><\/p>\n<p style=\"text-align: justify\"><span style=\"font-size: 14pt\"><span style=\"color: #000000\">Fonte:\u00a0 Toda mat\u00e9ria\/<\/span><span style=\"color: #0000ff\"> <a style=\"color: #0000ff\" href=\"https:\/\/www.todamateria.com.br\/brincadeiras-para-educacao-infantil\/\">https:\/\/www.todamateria.com.br\/brincadeiras-para-educacao-infantil\/<\/a><\/span><\/span><\/p>\n","protected":false},"excerpt":{"rendered":"<p>Materiais: Aparelho de som Descri\u00e7\u00e3o: A brincadeira &#8220;Morto e vivo&#8221; \u00e9 uma boa maneira de exercitar a concentra\u00e7\u00e3o e equil\u00edbrio dos pequenos. \u00c9 apropriada para crian\u00e7as acima dos 5 anos de idade e pode ser realizada em qualquer lugar com espa\u00e7o suficiente. Nela, um dos participantes \u00e9 escolhido para comandar a brincadeira, enquanto os outros [&hellip;]<\/p>\n","protected":false},"author":358,"featured_media":0,"parent":723,"menu_order":0,"comment_status":"closed","ping_status":"closed","template":"","meta":{"_exactmetrics_skip_tracking":false,"_exactmetrics_sitenote_active":false,"_exactmetrics_sitenote_note":"","_exactmetrics_sitenote_category":0,"footnotes":"","_links_to":"","_links_to_target":""},"class_list":["post-829","page","type-page","status-publish","hentry"],"_links":{"self":[{"href":"https:\/\/www3.unicentro.br\/brinquedoteca\/wp-json\/wp\/v2\/pages\/829","targetHints":{"allow":["GET"]}}],"collection":[{"href":"https:\/\/www3.unicentro.br\/brinquedoteca\/wp-json\/wp\/v2\/pages"}],"about":[{"href":"https:\/\/www3.unicentro.br\/brinquedoteca\/wp-json\/wp\/v2\/types\/page"}],"author":[{"embeddable":true,"href":"https:\/\/www3.unicentro.br\/brinquedoteca\/wp-json\/wp\/v2\/users\/358"}],"replies":[{"embeddable":true,"href":"https:\/\/www3.unicentro.br\/brinquedoteca\/wp-json\/wp\/v2\/comments?post=829"}],"version-history":[{"count":0,"href":"https:\/\/www3.unicentro.br\/brinquedoteca\/wp-json\/wp\/v2\/pages\/829\/revisions"}],"up":[{"embeddable":true,"href":"https:\/\/www3.unicentro.br\/brinquedoteca\/wp-json\/wp\/v2\/pages\/723"}],"wp:attachment":[{"href":"https:\/\/www3.unicentro.br\/brinquedoteca\/wp-json\/wp\/v2\/media?parent=829"}],"curies":[{"name":"wp","href":"https:\/\/api.w.org\/{rel}","templated":true}]}}