{"id":826,"date":"2021-12-16T20:26:51","date_gmt":"2021-12-16T23:26:51","guid":{"rendered":"https:\/\/www3.unicentro.br\/brinquedoteca\/?page_id=826"},"modified":"2021-12-16T20:26:51","modified_gmt":"2021-12-16T23:26:51","slug":"estatua","status":"publish","type":"page","link":"https:\/\/www3.unicentro.br\/brinquedoteca\/brincadeiras\/estatua\/","title":{"rendered":"Est\u00e1tua"},"content":{"rendered":"<p style=\"text-align: justify\"><span style=\"color: #000000;font-size: 14pt\"><strong>Materiais:<\/strong> Aparelho de som<\/span><\/p>\n<p style=\"text-align: justify\"><span style=\"color: #000000;font-size: 14pt\"><strong>Descri\u00e7\u00e3o: <\/strong>Uma brincadeira legal para o desenvolvimento do equil\u00edbrio, aten\u00e7\u00e3o e paci\u00eancia \u00e9 a da &#8220;est\u00e1tua&#8221;. Nela \u00e9 colocada uma m\u00fasica para a turma toda dan\u00e7ar. Quando as crian\u00e7as estiverem bastante soltas e relaxadas, tendo aproveitado o momento de descontra\u00e7\u00e3o, a m\u00fasica para. Com a aus\u00eancia da m\u00fasica, os participantes devem imediatamente parar de se mexer, ficando na mesma posi\u00e7\u00e3o na qual se encontram, como est\u00e1tuas. A crian\u00e7a que conseguir permanecer por mais tempo im\u00f3vel ganha o jogo.<\/span><\/p>\n<p style=\"text-align: justify\"><span style=\"color: #000000;font-size: 14pt\">Fonte:\u00a0 Toda mat\u00e9ria: <span style=\"color: #0000ff\"><a style=\"color: #0000ff\" href=\"https:\/\/www.todamateria.com.br\/brincadeiras-para-educacao-infantil\/\">https:\/\/www.todamateria.com.br\/brincadeiras-para-educacao-infantil\/<\/a><\/span><\/span><\/p>\n","protected":false},"excerpt":{"rendered":"<p>Materiais: Aparelho de som Descri\u00e7\u00e3o: Uma brincadeira legal para o desenvolvimento do equil\u00edbrio, aten\u00e7\u00e3o e paci\u00eancia \u00e9 a da &#8220;est\u00e1tua&#8221;. Nela \u00e9 colocada uma m\u00fasica para a turma toda dan\u00e7ar. Quando as crian\u00e7as estiverem bastante soltas e relaxadas, tendo aproveitado o momento de descontra\u00e7\u00e3o, a m\u00fasica para. Com a aus\u00eancia da m\u00fasica, os participantes devem [&hellip;]<\/p>\n","protected":false},"author":358,"featured_media":0,"parent":723,"menu_order":0,"comment_status":"closed","ping_status":"closed","template":"","meta":{"_exactmetrics_skip_tracking":false,"_exactmetrics_sitenote_active":false,"_exactmetrics_sitenote_note":"","_exactmetrics_sitenote_category":0,"footnotes":"","_links_to":"","_links_to_target":""},"class_list":["post-826","page","type-page","status-publish","hentry"],"_links":{"self":[{"href":"https:\/\/www3.unicentro.br\/brinquedoteca\/wp-json\/wp\/v2\/pages\/826","targetHints":{"allow":["GET"]}}],"collection":[{"href":"https:\/\/www3.unicentro.br\/brinquedoteca\/wp-json\/wp\/v2\/pages"}],"about":[{"href":"https:\/\/www3.unicentro.br\/brinquedoteca\/wp-json\/wp\/v2\/types\/page"}],"author":[{"embeddable":true,"href":"https:\/\/www3.unicentro.br\/brinquedoteca\/wp-json\/wp\/v2\/users\/358"}],"replies":[{"embeddable":true,"href":"https:\/\/www3.unicentro.br\/brinquedoteca\/wp-json\/wp\/v2\/comments?post=826"}],"version-history":[{"count":0,"href":"https:\/\/www3.unicentro.br\/brinquedoteca\/wp-json\/wp\/v2\/pages\/826\/revisions"}],"up":[{"embeddable":true,"href":"https:\/\/www3.unicentro.br\/brinquedoteca\/wp-json\/wp\/v2\/pages\/723"}],"wp:attachment":[{"href":"https:\/\/www3.unicentro.br\/brinquedoteca\/wp-json\/wp\/v2\/media?parent=826"}],"curies":[{"name":"wp","href":"https:\/\/api.w.org\/{rel}","templated":true}]}}