{"id":823,"date":"2021-12-16T20:24:34","date_gmt":"2021-12-16T23:24:34","guid":{"rendered":"https:\/\/www3.unicentro.br\/brinquedoteca\/?page_id=823"},"modified":"2021-12-16T20:24:34","modified_gmt":"2021-12-16T23:24:34","slug":"quente-ou-frio","status":"publish","type":"page","link":"https:\/\/www3.unicentro.br\/brinquedoteca\/brincadeiras\/quente-ou-frio\/","title":{"rendered":"Quente ou Frio"},"content":{"rendered":"<p><span style=\"color: #000000;font-size: 14pt\"><strong>Materiais:<\/strong> Venda e um objeto.<\/span><\/p>\n<p><span style=\"color: #000000;font-size: 14pt\"><strong>Descri\u00e7\u00e3o:<\/strong> A brincadeira &#8220;quente ou frio&#8221; pode ser feita em ambientes internos, como salas de aula, ou externos, como parques e jardins. Nessa atividade, uma crian\u00e7a \u00e9 vendada enquanto as outras escondem um objeto. Ent\u00e3o, a crian\u00e7a escolhida passa a procurar tal objeto e recebe dicas dos colegas atrav\u00e9s das palavras &#8220;quente&#8221; ou &#8220;frio&#8221;. Quanto mais perto se est\u00e1 de encontrar o objeto, mais &#8220;quente&#8221;; ao passo que quanto mais longe, mais &#8220;frio&#8221;. Por isso, \u00e9 poss\u00edvel tamb\u00e9m utilizar varia\u00e7\u00f5es como &#8220;gelado&#8221; ou &#8220;pegando fogo&#8221;. A estrat\u00e9gia e a l\u00f3gica s\u00e3o aqui elementos fundamentais para o sucesso do participante. Al\u00e9m disso, o esp\u00edrito de equipe tamb\u00e9m \u00e9 aprimorado, pois as crian\u00e7as precisam decidir juntas onde esconder o objeto e como orientar o colega.<\/span><\/p>\n<p><span style=\"font-size: 14pt\"><span style=\"color: #000000\">Fonte:\u00a0 Toda mat\u00e9ria\/<\/span><span style=\"color: #0000ff\"> <a style=\"color: #0000ff\" href=\"https:\/\/www.todamateria.com.br\/brincadeiras-para-educacao-infantil\/\">https:\/\/www.todamateria.com.br\/brincadeiras-para-educacao-infantil\/<\/a><\/span><\/span><\/p>\n","protected":false},"excerpt":{"rendered":"<p>Materiais: Venda e um objeto. Descri\u00e7\u00e3o: A brincadeira &#8220;quente ou frio&#8221; pode ser feita em ambientes internos, como salas de aula, ou externos, como parques e jardins. Nessa atividade, uma crian\u00e7a \u00e9 vendada enquanto as outras escondem um objeto. Ent\u00e3o, a crian\u00e7a escolhida passa a procurar tal objeto e recebe dicas dos colegas atrav\u00e9s das [&hellip;]<\/p>\n","protected":false},"author":358,"featured_media":0,"parent":723,"menu_order":0,"comment_status":"closed","ping_status":"closed","template":"","meta":{"_exactmetrics_skip_tracking":false,"_exactmetrics_sitenote_active":false,"_exactmetrics_sitenote_note":"","_exactmetrics_sitenote_category":0,"footnotes":"","_links_to":"","_links_to_target":""},"class_list":["post-823","page","type-page","status-publish","hentry"],"_links":{"self":[{"href":"https:\/\/www3.unicentro.br\/brinquedoteca\/wp-json\/wp\/v2\/pages\/823","targetHints":{"allow":["GET"]}}],"collection":[{"href":"https:\/\/www3.unicentro.br\/brinquedoteca\/wp-json\/wp\/v2\/pages"}],"about":[{"href":"https:\/\/www3.unicentro.br\/brinquedoteca\/wp-json\/wp\/v2\/types\/page"}],"author":[{"embeddable":true,"href":"https:\/\/www3.unicentro.br\/brinquedoteca\/wp-json\/wp\/v2\/users\/358"}],"replies":[{"embeddable":true,"href":"https:\/\/www3.unicentro.br\/brinquedoteca\/wp-json\/wp\/v2\/comments?post=823"}],"version-history":[{"count":0,"href":"https:\/\/www3.unicentro.br\/brinquedoteca\/wp-json\/wp\/v2\/pages\/823\/revisions"}],"up":[{"embeddable":true,"href":"https:\/\/www3.unicentro.br\/brinquedoteca\/wp-json\/wp\/v2\/pages\/723"}],"wp:attachment":[{"href":"https:\/\/www3.unicentro.br\/brinquedoteca\/wp-json\/wp\/v2\/media?parent=823"}],"curies":[{"name":"wp","href":"https:\/\/api.w.org\/{rel}","templated":true}]}}