{"id":818,"date":"2021-12-16T20:20:27","date_gmt":"2021-12-16T23:20:27","guid":{"rendered":"https:\/\/www3.unicentro.br\/brinquedoteca\/?page_id=818"},"modified":"2021-12-16T20:20:27","modified_gmt":"2021-12-16T23:20:27","slug":"danca-das-cadeiras","status":"publish","type":"page","link":"https:\/\/www3.unicentro.br\/brinquedoteca\/brincadeiras\/danca-das-cadeiras\/","title":{"rendered":"Dan\u00e7a das Cadeiras"},"content":{"rendered":"<p><span style=\"color: #000000;font-size: 14pt\"><strong>Materiais:<\/strong> Cadeiras, aparelho de som<\/span><\/p>\n<p style=\"text-align: justify\"><span style=\"color: #000000;font-size: 14pt\"><strong>Descri\u00e7\u00e3o: <\/strong>O jogo de dan\u00e7a das cadeiras \u00e9 ideal quando se tem muitas crian\u00e7as. Para brincar basta organizar um c\u00edrculo com cadeiras sendo que uma crian\u00e7a senta em cada uma delas. O l\u00edder fica de fora e ao gritar \u201cj\u00e1\u201d ou ligar uma m\u00fasica, as crian\u00e7as se levantam e come\u00e7am a circular em volta dos objetos. Uma cadeira \u00e9 retirada enquanto eles ficam andando. Quando a m\u00fasica para, as crian\u00e7as devem sentar-se rapidamente. Em cada rodada, uma crian\u00e7a ficar\u00e1 de fora, vence quem se sentar na \u00faltima cadeira.<\/span><\/p>\n<p><span style=\"font-size: 14pt\"><span style=\"color: #000000\">Fonte:\u00a0 Educa Mundo \/<\/span> <span style=\"color: #0000ff\"><a style=\"color: #0000ff\" href=\"https:\/\/www.educamundo.com.br\/blog\/brincadeiras-para-educacao-infantil\">https:\/\/www.educamundo.com.br\/blog\/brincadeiras-para-educacao-infantil<\/a><\/span><\/span><\/p>\n","protected":false},"excerpt":{"rendered":"<p>Materiais: Cadeiras, aparelho de som Descri\u00e7\u00e3o: O jogo de dan\u00e7a das cadeiras \u00e9 ideal quando se tem muitas crian\u00e7as. Para brincar basta organizar um c\u00edrculo com cadeiras sendo que uma crian\u00e7a senta em cada uma delas. O l\u00edder fica de fora e ao gritar \u201cj\u00e1\u201d ou ligar uma m\u00fasica, as crian\u00e7as se levantam e come\u00e7am [&hellip;]<\/p>\n","protected":false},"author":358,"featured_media":0,"parent":723,"menu_order":0,"comment_status":"closed","ping_status":"closed","template":"","meta":{"_exactmetrics_skip_tracking":false,"_exactmetrics_sitenote_active":false,"_exactmetrics_sitenote_note":"","_exactmetrics_sitenote_category":0,"footnotes":"","_links_to":"","_links_to_target":""},"class_list":["post-818","page","type-page","status-publish","hentry"],"_links":{"self":[{"href":"https:\/\/www3.unicentro.br\/brinquedoteca\/wp-json\/wp\/v2\/pages\/818","targetHints":{"allow":["GET"]}}],"collection":[{"href":"https:\/\/www3.unicentro.br\/brinquedoteca\/wp-json\/wp\/v2\/pages"}],"about":[{"href":"https:\/\/www3.unicentro.br\/brinquedoteca\/wp-json\/wp\/v2\/types\/page"}],"author":[{"embeddable":true,"href":"https:\/\/www3.unicentro.br\/brinquedoteca\/wp-json\/wp\/v2\/users\/358"}],"replies":[{"embeddable":true,"href":"https:\/\/www3.unicentro.br\/brinquedoteca\/wp-json\/wp\/v2\/comments?post=818"}],"version-history":[{"count":0,"href":"https:\/\/www3.unicentro.br\/brinquedoteca\/wp-json\/wp\/v2\/pages\/818\/revisions"}],"up":[{"embeddable":true,"href":"https:\/\/www3.unicentro.br\/brinquedoteca\/wp-json\/wp\/v2\/pages\/723"}],"wp:attachment":[{"href":"https:\/\/www3.unicentro.br\/brinquedoteca\/wp-json\/wp\/v2\/media?parent=818"}],"curies":[{"name":"wp","href":"https:\/\/api.w.org\/{rel}","templated":true}]}}