{"id":815,"date":"2021-12-16T20:14:51","date_gmt":"2021-12-16T23:14:51","guid":{"rendered":"https:\/\/www3.unicentro.br\/brinquedoteca\/?page_id=815"},"modified":"2021-12-16T20:21:11","modified_gmt":"2021-12-16T23:21:11","slug":"arremesso-de-bambole","status":"publish","type":"page","link":"https:\/\/www3.unicentro.br\/brinquedoteca\/brincadeiras\/arremesso-de-bambole\/","title":{"rendered":"Arremesso de Bambol\u00ea"},"content":{"rendered":"<p style=\"text-align: justify\"><span style=\"font-size: 14pt;color: #000000\"><strong>Materiais:<\/strong> Bambol\u00ea<\/span><\/p>\n<p style=\"text-align: justify\"><span style=\"font-size: 14pt;color: #000000\"><strong>Descri\u00e7\u00e3o: <\/strong>Uma das brincadeiras educativas mais populares dos anos 80 e 90 \u00e9 o arremesso de bambol\u00ea. A brincadeira estimula a atividade em grupo e desenvolve a coordena\u00e7\u00e3o motora. Para brincar, basta ter um bambol\u00ea e algumas crian\u00e7as cheias de vontade de se divertir. Um fica parado a frente, com os bra\u00e7os levantados, enquanto os demais arremessam o objeto. Cada acerto equivale a um ponto. Voc\u00ea pode definir uma quantidade de pontos e quem atingir essa meta, vence.<\/span><\/p>\n<p style=\"text-align: justify\"><span style=\"font-size: 14pt\"><span style=\"color: #000000\">Fonte:\u00a0 Educa Mundo \/<\/span><span style=\"color: #0000ff\"> <a style=\"color: #0000ff\" href=\"https:\/\/www.educamundo.com.br\/blog\/brincadeiras-para-educacao-infantil\">https:\/\/www.educamundo.com.br\/blog\/brincadeiras-para-educacao-infantil<\/a><\/span><\/span><\/p>\n","protected":false},"excerpt":{"rendered":"<p>Materiais: Bambol\u00ea Descri\u00e7\u00e3o: Uma das brincadeiras educativas mais populares dos anos 80 e 90 \u00e9 o arremesso de bambol\u00ea. A brincadeira estimula a atividade em grupo e desenvolve a coordena\u00e7\u00e3o motora. Para brincar, basta ter um bambol\u00ea e algumas crian\u00e7as cheias de vontade de se divertir. Um fica parado a frente, com os bra\u00e7os levantados, [&hellip;]<\/p>\n","protected":false},"author":358,"featured_media":0,"parent":723,"menu_order":0,"comment_status":"closed","ping_status":"closed","template":"","meta":{"_exactmetrics_skip_tracking":false,"_exactmetrics_sitenote_active":false,"_exactmetrics_sitenote_note":"","_exactmetrics_sitenote_category":0,"footnotes":"","_links_to":"","_links_to_target":""},"class_list":["post-815","page","type-page","status-publish","hentry"],"_links":{"self":[{"href":"https:\/\/www3.unicentro.br\/brinquedoteca\/wp-json\/wp\/v2\/pages\/815","targetHints":{"allow":["GET"]}}],"collection":[{"href":"https:\/\/www3.unicentro.br\/brinquedoteca\/wp-json\/wp\/v2\/pages"}],"about":[{"href":"https:\/\/www3.unicentro.br\/brinquedoteca\/wp-json\/wp\/v2\/types\/page"}],"author":[{"embeddable":true,"href":"https:\/\/www3.unicentro.br\/brinquedoteca\/wp-json\/wp\/v2\/users\/358"}],"replies":[{"embeddable":true,"href":"https:\/\/www3.unicentro.br\/brinquedoteca\/wp-json\/wp\/v2\/comments?post=815"}],"version-history":[{"count":0,"href":"https:\/\/www3.unicentro.br\/brinquedoteca\/wp-json\/wp\/v2\/pages\/815\/revisions"}],"up":[{"embeddable":true,"href":"https:\/\/www3.unicentro.br\/brinquedoteca\/wp-json\/wp\/v2\/pages\/723"}],"wp:attachment":[{"href":"https:\/\/www3.unicentro.br\/brinquedoteca\/wp-json\/wp\/v2\/media?parent=815"}],"curies":[{"name":"wp","href":"https:\/\/api.w.org\/{rel}","templated":true}]}}