{"id":639,"date":"2021-10-06T15:09:21","date_gmt":"2021-10-06T18:09:21","guid":{"rendered":"https:\/\/www3.unicentro.br\/brinquedoteca\/?page_id=639"},"modified":"2021-11-16T11:28:48","modified_gmt":"2021-11-16T14:28:48","slug":"contacao-mamae-natureza","status":"publish","type":"page","link":"https:\/\/www3.unicentro.br\/brinquedoteca\/acervo\/eventos\/contacao-mamae-natureza\/","title":{"rendered":"Conta\u00e7\u00e3o &#8211; Mam\u00e3e Natureza"},"content":{"rendered":"<p><img loading=\"lazy\" decoding=\"async\" class=\"size-full wp-image-615 alignleft\" src=\"https:\/\/www3.unicentro.br\/brinquedoteca\/wp-content\/uploads\/sites\/117\/2021\/10\/5.jpg\" alt=\"\" width=\"413\" height=\"413\" srcset=\"https:\/\/www3.unicentro.br\/brinquedoteca\/wp-content\/uploads\/sites\/117\/2021\/10\/5.jpg 1080w, https:\/\/www3.unicentro.br\/brinquedoteca\/wp-content\/uploads\/sites\/117\/2021\/10\/5-768x768.jpg 768w, https:\/\/www3.unicentro.br\/brinquedoteca\/wp-content\/uploads\/sites\/117\/2021\/10\/5-50x50.jpg 50w, https:\/\/www3.unicentro.br\/brinquedoteca\/wp-content\/uploads\/sites\/117\/2021\/10\/5-80x80.jpg 80w, https:\/\/www3.unicentro.br\/brinquedoteca\/wp-content\/uploads\/sites\/117\/2021\/10\/5-263x263.jpg 263w, https:\/\/www3.unicentro.br\/brinquedoteca\/wp-content\/uploads\/sites\/117\/2021\/10\/5-100x100.jpg 100w, https:\/\/www3.unicentro.br\/brinquedoteca\/wp-content\/uploads\/sites\/117\/2021\/10\/5-526x526.jpg 526w, https:\/\/www3.unicentro.br\/brinquedoteca\/wp-content\/uploads\/sites\/117\/2021\/10\/5-255x255.jpg 255w\" sizes=\"auto, (max-width: 413px) 100vw, 413px\" \/><\/p>\n<p>&nbsp;<\/p>\n<p>&nbsp;<\/p>\n<p>&nbsp;<\/p>\n<p style=\"text-align: center\"><span style=\"font-size: 18pt;color: #000000\">Teremos a seguir a conta\u00e7\u00e3o da hist\u00f3ria &#8220;Mam\u00e3e Natureza&#8221; que ser\u00e1 contada pela acad\u00eamica Maiara Maria Lopes.\u00a0<\/span><\/p>\n<p style=\"text-align: center\">Link do formul\u00e1rio para certifica\u00e7\u00e3o:\u00a0<a href=\"https:\/\/forms.gle\/j5PxfDGuuwByekdk7\">https:\/\/forms.gle\/j5PxfDGuuwByekdk7\u00a0 \u00a0\u00a0<\/a><\/p>\n<p><iframe loading=\"lazy\" title=\"Conta\u00e7\u00e3o de hist\u00f3ria: Mam\u00e3e Natureza. Reprodu\u00e7\u00e3o inpirada no canal varal de hist\u00f3rias.\" width=\"900\" height=\"506\" src=\"https:\/\/www.youtube.com\/embed\/k26emgeoFZI?feature=oembed\" frameborder=\"0\" allow=\"accelerometer; autoplay; clipboard-write; encrypted-media; gyroscope; picture-in-picture\" allowfullscreen><\/iframe><\/p>\n","protected":false},"excerpt":{"rendered":"<p>&nbsp; &nbsp; &nbsp; Teremos a seguir a conta\u00e7\u00e3o da hist\u00f3ria &#8220;Mam\u00e3e Natureza&#8221; que ser\u00e1 contada pela acad\u00eamica Maiara Maria Lopes.\u00a0 Link do formul\u00e1rio para certifica\u00e7\u00e3o:\u00a0https:\/\/forms.gle\/j5PxfDGuuwByekdk7\u00a0 \u00a0\u00a0<\/p>\n","protected":false},"author":358,"featured_media":615,"parent":35,"menu_order":0,"comment_status":"closed","ping_status":"closed","template":"","meta":{"_exactmetrics_skip_tracking":false,"_exactmetrics_sitenote_active":false,"_exactmetrics_sitenote_note":"","_exactmetrics_sitenote_category":0,"footnotes":"","_links_to":"","_links_to_target":""},"class_list":["post-639","page","type-page","status-publish","has-post-thumbnail","hentry"],"_links":{"self":[{"href":"https:\/\/www3.unicentro.br\/brinquedoteca\/wp-json\/wp\/v2\/pages\/639","targetHints":{"allow":["GET"]}}],"collection":[{"href":"https:\/\/www3.unicentro.br\/brinquedoteca\/wp-json\/wp\/v2\/pages"}],"about":[{"href":"https:\/\/www3.unicentro.br\/brinquedoteca\/wp-json\/wp\/v2\/types\/page"}],"author":[{"embeddable":true,"href":"https:\/\/www3.unicentro.br\/brinquedoteca\/wp-json\/wp\/v2\/users\/358"}],"replies":[{"embeddable":true,"href":"https:\/\/www3.unicentro.br\/brinquedoteca\/wp-json\/wp\/v2\/comments?post=639"}],"version-history":[{"count":0,"href":"https:\/\/www3.unicentro.br\/brinquedoteca\/wp-json\/wp\/v2\/pages\/639\/revisions"}],"up":[{"embeddable":true,"href":"https:\/\/www3.unicentro.br\/brinquedoteca\/wp-json\/wp\/v2\/pages\/35"}],"wp:featuredmedia":[{"embeddable":true,"href":"https:\/\/www3.unicentro.br\/brinquedoteca\/wp-json\/wp\/v2\/media\/615"}],"wp:attachment":[{"href":"https:\/\/www3.unicentro.br\/brinquedoteca\/wp-json\/wp\/v2\/media?parent=639"}],"curies":[{"name":"wp","href":"https:\/\/api.w.org\/{rel}","templated":true}]}}