{"id":631,"date":"2021-10-06T15:00:51","date_gmt":"2021-10-06T18:00:51","guid":{"rendered":"https:\/\/www3.unicentro.br\/brinquedoteca\/?page_id=631"},"modified":"2021-10-06T15:00:51","modified_gmt":"2021-10-06T18:00:51","slug":"oficina-historias-contos-e-narrativas-a-partir-de-materiais-alternativos","status":"publish","type":"page","link":"https:\/\/www3.unicentro.br\/brinquedoteca\/oficina-historias-contos-e-narrativas-a-partir-de-materiais-alternativos\/","title":{"rendered":"Oficina: Hist\u00f3rias, Contos e Narrativas a partir de Materiais Alternativos"},"content":{"rendered":"<p><img loading=\"lazy\" decoding=\"async\" class=\"size-full wp-image-633 alignleft\" src=\"https:\/\/www3.unicentro.br\/brinquedoteca\/wp-content\/uploads\/sites\/117\/2021\/10\/Evento-mes-de-outubro-3.jpg\" alt=\"\" width=\"413\" height=\"413\" srcset=\"https:\/\/www3.unicentro.br\/brinquedoteca\/wp-content\/uploads\/sites\/117\/2021\/10\/Evento-mes-de-outubro-3.jpg 1080w, https:\/\/www3.unicentro.br\/brinquedoteca\/wp-content\/uploads\/sites\/117\/2021\/10\/Evento-mes-de-outubro-3-768x768.jpg 768w, https:\/\/www3.unicentro.br\/brinquedoteca\/wp-content\/uploads\/sites\/117\/2021\/10\/Evento-mes-de-outubro-3-50x50.jpg 50w, https:\/\/www3.unicentro.br\/brinquedoteca\/wp-content\/uploads\/sites\/117\/2021\/10\/Evento-mes-de-outubro-3-80x80.jpg 80w, https:\/\/www3.unicentro.br\/brinquedoteca\/wp-content\/uploads\/sites\/117\/2021\/10\/Evento-mes-de-outubro-3-263x263.jpg 263w, https:\/\/www3.unicentro.br\/brinquedoteca\/wp-content\/uploads\/sites\/117\/2021\/10\/Evento-mes-de-outubro-3-100x100.jpg 100w, https:\/\/www3.unicentro.br\/brinquedoteca\/wp-content\/uploads\/sites\/117\/2021\/10\/Evento-mes-de-outubro-3-526x526.jpg 526w, https:\/\/www3.unicentro.br\/brinquedoteca\/wp-content\/uploads\/sites\/117\/2021\/10\/Evento-mes-de-outubro-3-255x255.jpg 255w\" sizes=\"auto, (max-width: 413px) 100vw, 413px\" \/><\/p>\n<p>&nbsp;<\/p>\n<p style=\"text-align: justify\"><span style=\"font-size: 18pt;color: #000000\">A terceira atividade ser\u00e1 desenvolvida presencialmente com as crian\u00e7as sendo realizado com grupo reduzido e seguindo todas as medidas de seguran\u00e7a impostas pela <strong>Comiss\u00e3o de Acompanhamento e Controle de Propaga\u00e7\u00e3o do\u00a0Coronav\u00edrus\u00a0(Covid-19) <\/strong>da UNICENTRO.\u00a0<\/span><\/p>\n<p style=\"text-align: justify\"><span style=\"font-size: 18pt;color: #000000\">Essa atividade ser\u00e1 gravada e depois disponibilizada no site e youtube do LABRINQUEI.<\/span><\/p>\n<p>&nbsp;<\/p>\n<p>&nbsp;<\/p>\n","protected":false},"excerpt":{"rendered":"<p>&nbsp; A terceira atividade ser\u00e1 desenvolvida presencialmente com as crian\u00e7as sendo realizado com grupo reduzido e seguindo todas as medidas de seguran\u00e7a impostas pela Comiss\u00e3o de Acompanhamento e Controle de Propaga\u00e7\u00e3o do\u00a0Coronav\u00edrus\u00a0(Covid-19) da UNICENTRO.\u00a0 Essa atividade ser\u00e1 gravada e depois disponibilizada no site e youtube do LABRINQUEI. &nbsp; &nbsp;<\/p>\n","protected":false},"author":358,"featured_media":0,"parent":0,"menu_order":0,"comment_status":"closed","ping_status":"closed","template":"","meta":{"_exactmetrics_skip_tracking":false,"_exactmetrics_sitenote_active":false,"_exactmetrics_sitenote_note":"","_exactmetrics_sitenote_category":0,"footnotes":"","_links_to":"","_links_to_target":""},"class_list":["post-631","page","type-page","status-publish","hentry"],"_links":{"self":[{"href":"https:\/\/www3.unicentro.br\/brinquedoteca\/wp-json\/wp\/v2\/pages\/631","targetHints":{"allow":["GET"]}}],"collection":[{"href":"https:\/\/www3.unicentro.br\/brinquedoteca\/wp-json\/wp\/v2\/pages"}],"about":[{"href":"https:\/\/www3.unicentro.br\/brinquedoteca\/wp-json\/wp\/v2\/types\/page"}],"author":[{"embeddable":true,"href":"https:\/\/www3.unicentro.br\/brinquedoteca\/wp-json\/wp\/v2\/users\/358"}],"replies":[{"embeddable":true,"href":"https:\/\/www3.unicentro.br\/brinquedoteca\/wp-json\/wp\/v2\/comments?post=631"}],"version-history":[{"count":0,"href":"https:\/\/www3.unicentro.br\/brinquedoteca\/wp-json\/wp\/v2\/pages\/631\/revisions"}],"wp:attachment":[{"href":"https:\/\/www3.unicentro.br\/brinquedoteca\/wp-json\/wp\/v2\/media?parent=631"}],"curies":[{"name":"wp","href":"https:\/\/api.w.org\/{rel}","templated":true}]}}