{"id":626,"date":"2021-10-06T14:08:07","date_gmt":"2021-10-06T17:08:07","guid":{"rendered":"https:\/\/www3.unicentro.br\/brinquedoteca\/?page_id=626"},"modified":"2021-11-16T11:30:15","modified_gmt":"2021-11-16T14:30:15","slug":"a-folha-que-queria-ser-um-barquinho","status":"publish","type":"page","link":"https:\/\/www3.unicentro.br\/brinquedoteca\/a-folha-que-queria-ser-um-barquinho\/","title":{"rendered":"A folha que queria ser um barquinho"},"content":{"rendered":"<p>&nbsp;<\/p>\n<p style=\"text-align: center\"><img loading=\"lazy\" decoding=\"async\" class=\"wp-image-713 alignleft\" src=\"https:\/\/www3.unicentro.br\/brinquedoteca\/wp-content\/uploads\/sites\/117\/2021\/11\/WhatsApp-Image-2021-10-18-at-13.53.23-1.jpeg\" alt=\"\" width=\"385\" height=\"385\" srcset=\"https:\/\/www3.unicentro.br\/brinquedoteca\/wp-content\/uploads\/sites\/117\/2021\/11\/WhatsApp-Image-2021-10-18-at-13.53.23-1.jpeg 1080w, https:\/\/www3.unicentro.br\/brinquedoteca\/wp-content\/uploads\/sites\/117\/2021\/11\/WhatsApp-Image-2021-10-18-at-13.53.23-1-768x768.jpeg 768w, https:\/\/www3.unicentro.br\/brinquedoteca\/wp-content\/uploads\/sites\/117\/2021\/11\/WhatsApp-Image-2021-10-18-at-13.53.23-1-50x50.jpeg 50w, https:\/\/www3.unicentro.br\/brinquedoteca\/wp-content\/uploads\/sites\/117\/2021\/11\/WhatsApp-Image-2021-10-18-at-13.53.23-1-80x80.jpeg 80w, https:\/\/www3.unicentro.br\/brinquedoteca\/wp-content\/uploads\/sites\/117\/2021\/11\/WhatsApp-Image-2021-10-18-at-13.53.23-1-263x263.jpeg 263w, https:\/\/www3.unicentro.br\/brinquedoteca\/wp-content\/uploads\/sites\/117\/2021\/11\/WhatsApp-Image-2021-10-18-at-13.53.23-1-100x100.jpeg 100w, https:\/\/www3.unicentro.br\/brinquedoteca\/wp-content\/uploads\/sites\/117\/2021\/11\/WhatsApp-Image-2021-10-18-at-13.53.23-1-526x526.jpeg 526w, https:\/\/www3.unicentro.br\/brinquedoteca\/wp-content\/uploads\/sites\/117\/2021\/11\/WhatsApp-Image-2021-10-18-at-13.53.23-1-255x255.jpeg 255w\" sizes=\"auto, (max-width: 385px) 100vw, 385px\" \/><span style=\"font-size: 18pt;color: #000000\">Nossa segunda atividade ser\u00e1 ministrada pela acad\u00eamica de Pedagogia da Universidade Estadual do Centro-Oeste <span style=\"color: #000000;font-size: 24px\">(UNICENTRO) <\/span>Karina Hartinger que far\u00e1 a conta\u00e7\u00e3o da hist\u00f3ria &#8220;A folha que queria ser um barquinho&#8221;. Essa atividade ser\u00e1 de forma ass\u00edncrona e ser\u00e1 disponibilizada no dia 20 de outubro no site e no youtube do LABRINQUEI.\u00a0<\/span><\/p>\n<p>&nbsp;<\/p>\n<p>link do formul\u00e1rio para certifica\u00e7\u00e3o:\u00a0<a href=\"https:\/\/forms.gle\/mDT8o46TtquEp8un8\">https:\/\/forms.gle\/mDT8o46TtquEp8un8\u00a0<\/a><\/p>\n<p><iframe loading=\"lazy\" title=\"Conta\u00e7\u00e3o de Hist\u00f3ria A folha que queria ser uma barquinho.\" width=\"900\" height=\"506\" src=\"https:\/\/www.youtube.com\/embed\/IqCXqH-K_m0?feature=oembed\" frameborder=\"0\" allow=\"accelerometer; autoplay; clipboard-write; encrypted-media; gyroscope; picture-in-picture\" allowfullscreen><\/iframe><\/p>\n","protected":false},"excerpt":{"rendered":"<p>&nbsp; Nossa segunda atividade ser\u00e1 ministrada pela acad\u00eamica de Pedagogia da Universidade Estadual do Centro-Oeste (UNICENTRO) Karina Hartinger que far\u00e1 a conta\u00e7\u00e3o da hist\u00f3ria &#8220;A folha que queria ser um barquinho&#8221;. Essa atividade ser\u00e1 de forma ass\u00edncrona e ser\u00e1 disponibilizada no dia 20 de outubro no site e no youtube do LABRINQUEI.\u00a0 &nbsp; link do [&hellip;]<\/p>\n","protected":false},"author":358,"featured_media":0,"parent":0,"menu_order":0,"comment_status":"closed","ping_status":"closed","template":"","meta":{"_exactmetrics_skip_tracking":false,"_exactmetrics_sitenote_active":false,"_exactmetrics_sitenote_note":"","_exactmetrics_sitenote_category":0,"footnotes":"","_links_to":"","_links_to_target":""},"class_list":["post-626","page","type-page","status-publish","hentry"],"_links":{"self":[{"href":"https:\/\/www3.unicentro.br\/brinquedoteca\/wp-json\/wp\/v2\/pages\/626","targetHints":{"allow":["GET"]}}],"collection":[{"href":"https:\/\/www3.unicentro.br\/brinquedoteca\/wp-json\/wp\/v2\/pages"}],"about":[{"href":"https:\/\/www3.unicentro.br\/brinquedoteca\/wp-json\/wp\/v2\/types\/page"}],"author":[{"embeddable":true,"href":"https:\/\/www3.unicentro.br\/brinquedoteca\/wp-json\/wp\/v2\/users\/358"}],"replies":[{"embeddable":true,"href":"https:\/\/www3.unicentro.br\/brinquedoteca\/wp-json\/wp\/v2\/comments?post=626"}],"version-history":[{"count":0,"href":"https:\/\/www3.unicentro.br\/brinquedoteca\/wp-json\/wp\/v2\/pages\/626\/revisions"}],"wp:attachment":[{"href":"https:\/\/www3.unicentro.br\/brinquedoteca\/wp-json\/wp\/v2\/media?parent=626"}],"curies":[{"name":"wp","href":"https:\/\/api.w.org\/{rel}","templated":true}]}}