{"id":623,"date":"2021-10-06T13:52:22","date_gmt":"2021-10-06T16:52:22","guid":{"rendered":"https:\/\/www3.unicentro.br\/brinquedoteca\/?page_id=623"},"modified":"2021-10-19T14:45:36","modified_gmt":"2021-10-19T17:45:36","slug":"a-brinquedoteca-e-a-pedagogia-do-brincar-conexoes-com-a-cultura-da-infancia","status":"publish","type":"page","link":"https:\/\/www3.unicentro.br\/brinquedoteca\/acervo\/eventos\/tudo-e-brinquedo-incluindo-a-natureza\/a-brinquedoteca-e-a-pedagogia-do-brincar-conexoes-com-a-cultura-da-infancia\/","title":{"rendered":"A Brinquedoteca e a Pedagogia do Brincar: Conex\u00f5es com a Cultura da Inf\u00e2ncia"},"content":{"rendered":"<p><img loading=\"lazy\" decoding=\"async\" class=\"size-full wp-image-613 alignleft\" src=\"https:\/\/www3.unicentro.br\/brinquedoteca\/wp-content\/uploads\/sites\/117\/2021\/10\/2.jpg\" alt=\"\" width=\"413\" height=\"413\" srcset=\"https:\/\/www3.unicentro.br\/brinquedoteca\/wp-content\/uploads\/sites\/117\/2021\/10\/2.jpg 1080w, https:\/\/www3.unicentro.br\/brinquedoteca\/wp-content\/uploads\/sites\/117\/2021\/10\/2-768x768.jpg 768w, https:\/\/www3.unicentro.br\/brinquedoteca\/wp-content\/uploads\/sites\/117\/2021\/10\/2-50x50.jpg 50w, https:\/\/www3.unicentro.br\/brinquedoteca\/wp-content\/uploads\/sites\/117\/2021\/10\/2-80x80.jpg 80w, https:\/\/www3.unicentro.br\/brinquedoteca\/wp-content\/uploads\/sites\/117\/2021\/10\/2-263x263.jpg 263w, https:\/\/www3.unicentro.br\/brinquedoteca\/wp-content\/uploads\/sites\/117\/2021\/10\/2-100x100.jpg 100w, https:\/\/www3.unicentro.br\/brinquedoteca\/wp-content\/uploads\/sites\/117\/2021\/10\/2-526x526.jpg 526w, https:\/\/www3.unicentro.br\/brinquedoteca\/wp-content\/uploads\/sites\/117\/2021\/10\/2-255x255.jpg 255w\" sizes=\"auto, (max-width: 413px) 100vw, 413px\" \/><\/p>\n<p>&nbsp;<\/p>\n<p>&nbsp;<\/p>\n<p>&nbsp;<\/p>\n<p style=\"text-align: justify\"><span style=\"font-size: 18pt;color: #333333\">Para dar in\u00edcio a nossa semana recebemos a Professora\u00a0<a class=\"notranslate\" style=\"color: #333333\" href=\"https:\/\/www.instagram.com\/flaviaburdzinskisouzag\/\">@flaviaburdzinskisouzag<\/a>\u00a0para fazer a fala sobre A Brinquedoteca e a Pedagogia do Brincar: Conex\u00f5es com a Cultura da Inf\u00e2ncia.<\/span><br \/>\n<span style=\"font-size: 18pt;color: #333333\">A fala ser\u00e1 via google meet e contar\u00e1 com certifica\u00e7\u00e3o.<\/span><\/p>\n<p>&nbsp;<\/p>\n<p>&nbsp;<\/p>\n<p>&nbsp;<\/p>\n<p>&nbsp;<\/p>\n<p style=\"text-align: center\"><span style=\"font-size: 18pt\"><strong><span style=\"color: #000000\">Link da Grava\u00e7\u00e3o<\/span><\/strong><\/span><\/p>\n<p><iframe loading=\"lazy\" title=\"A Brinquedoteca e a Pedagogia do Brincar  Conex\u00f5es com a Cultura da Inf\u00e2ncia\" width=\"900\" height=\"506\" src=\"https:\/\/www.youtube.com\/embed\/ZJGW2wcXRe4?feature=oembed\" frameborder=\"0\" allow=\"accelerometer; autoplay; clipboard-write; encrypted-media; gyroscope; picture-in-picture\" allowfullscreen><\/iframe><\/p>\n","protected":false},"excerpt":{"rendered":"<p>&nbsp; &nbsp; &nbsp; Para dar in\u00edcio a nossa semana recebemos a Professora\u00a0@flaviaburdzinskisouzag\u00a0para fazer a fala sobre A Brinquedoteca e a Pedagogia do Brincar: Conex\u00f5es com a Cultura da Inf\u00e2ncia. A fala ser\u00e1 via google meet e contar\u00e1 com certifica\u00e7\u00e3o. &nbsp; &nbsp; &nbsp; &nbsp; Link da Grava\u00e7\u00e3o<\/p>\n","protected":false},"author":358,"featured_media":0,"parent":609,"menu_order":0,"comment_status":"closed","ping_status":"closed","template":"","meta":{"_exactmetrics_skip_tracking":false,"_exactmetrics_sitenote_active":false,"_exactmetrics_sitenote_note":"","_exactmetrics_sitenote_category":0,"footnotes":"","_links_to":"","_links_to_target":""},"class_list":["post-623","page","type-page","status-publish","hentry"],"_links":{"self":[{"href":"https:\/\/www3.unicentro.br\/brinquedoteca\/wp-json\/wp\/v2\/pages\/623","targetHints":{"allow":["GET"]}}],"collection":[{"href":"https:\/\/www3.unicentro.br\/brinquedoteca\/wp-json\/wp\/v2\/pages"}],"about":[{"href":"https:\/\/www3.unicentro.br\/brinquedoteca\/wp-json\/wp\/v2\/types\/page"}],"author":[{"embeddable":true,"href":"https:\/\/www3.unicentro.br\/brinquedoteca\/wp-json\/wp\/v2\/users\/358"}],"replies":[{"embeddable":true,"href":"https:\/\/www3.unicentro.br\/brinquedoteca\/wp-json\/wp\/v2\/comments?post=623"}],"version-history":[{"count":0,"href":"https:\/\/www3.unicentro.br\/brinquedoteca\/wp-json\/wp\/v2\/pages\/623\/revisions"}],"up":[{"embeddable":true,"href":"https:\/\/www3.unicentro.br\/brinquedoteca\/wp-json\/wp\/v2\/pages\/609"}],"wp:attachment":[{"href":"https:\/\/www3.unicentro.br\/brinquedoteca\/wp-json\/wp\/v2\/media?parent=623"}],"curies":[{"name":"wp","href":"https:\/\/api.w.org\/{rel}","templated":true}]}}