{"id":554,"date":"2021-08-14T18:38:49","date_gmt":"2021-08-14T21:38:49","guid":{"rendered":"https:\/\/www3.unicentro.br\/brinquedoteca\/?page_id=554"},"modified":"2021-08-27T19:05:30","modified_gmt":"2021-08-27T22:05:30","slug":"roda-de-conversa","status":"publish","type":"page","link":"https:\/\/www3.unicentro.br\/brinquedoteca\/roda-de-conversa\/","title":{"rendered":"Roda de Conversa"},"content":{"rendered":"<p style=\"text-align: justify\"><span style=\"color: #000000;font-size: 14pt;font-family: arial, helvetica, sans-serif\">Para iniciarmos o nosso encontro recebemos as Professoras Danusa e Delmira e o acad\u00eamico do curso de Pedagogia Ind\u00edgena Elizer. Ambos trazem falas sobre a Crian\u00e7a Ind\u00edgena e Pedagogia, as falas ocorrer\u00e3o no dia 25\/08 via google meet.<\/span><\/p>\n<p style=\"text-align: justify\"><span style=\"font-size: 14pt;font-family: arial, helvetica, sans-serif;color: #000000\"><strong>Link para certifica\u00e7\u00e3o:<\/strong><span style=\"color: #0000ff\"> <a style=\"color: #0000ff\" href=\"https:\/\/forms.gle\/EPVVv21dfMynyidQA\">https:\/\/forms.gle\/EPVVv21dfMynyidQA <\/a>\u00a0 <\/span><\/span><span style=\"color: #000000;font-size: 14pt;font-family: arial, helvetica, sans-serif\">(o formul\u00e1rio ficar\u00e1 dispon\u00edvel para preenchimento at\u00e9 as 23h 59m do dia 29\/08 (domingo)\u00a0<\/span><\/p>\n<p style=\"text-align: center\"><span style=\"font-size: 14pt;font-family: arial, helvetica, sans-serif;color: #000000\"><strong>Grava\u00e7\u00e3o do encontro via meet:<\/strong><\/span><\/p>\n<p><iframe loading=\"lazy\" title=\"Mesa  Crian\u00e7a Ind\u00edgena e Pedagogia\" width=\"900\" height=\"506\" src=\"https:\/\/www.youtube.com\/embed\/tGXJ_hdPY30?feature=oembed\" frameborder=\"0\" allow=\"accelerometer; autoplay; clipboard-write; encrypted-media; gyroscope; picture-in-picture\" allowfullscreen><\/iframe><\/p>\n<p>&nbsp;<\/p>\n","protected":false},"excerpt":{"rendered":"<p>Para iniciarmos o nosso encontro recebemos as Professoras Danusa e Delmira e o acad\u00eamico do curso de Pedagogia Ind\u00edgena Elizer. Ambos trazem falas sobre a Crian\u00e7a Ind\u00edgena e Pedagogia, as falas ocorrer\u00e3o no dia 25\/08 via google meet. Link para certifica\u00e7\u00e3o: https:\/\/forms.gle\/EPVVv21dfMynyidQA \u00a0 (o formul\u00e1rio ficar\u00e1 dispon\u00edvel para preenchimento at\u00e9 as 23h 59m do dia [&hellip;]<\/p>\n","protected":false},"author":358,"featured_media":0,"parent":0,"menu_order":0,"comment_status":"closed","ping_status":"closed","template":"","meta":{"_exactmetrics_skip_tracking":false,"_exactmetrics_sitenote_active":false,"_exactmetrics_sitenote_note":"","_exactmetrics_sitenote_category":0,"footnotes":"","_links_to":"","_links_to_target":""},"class_list":["post-554","page","type-page","status-publish","hentry"],"_links":{"self":[{"href":"https:\/\/www3.unicentro.br\/brinquedoteca\/wp-json\/wp\/v2\/pages\/554","targetHints":{"allow":["GET"]}}],"collection":[{"href":"https:\/\/www3.unicentro.br\/brinquedoteca\/wp-json\/wp\/v2\/pages"}],"about":[{"href":"https:\/\/www3.unicentro.br\/brinquedoteca\/wp-json\/wp\/v2\/types\/page"}],"author":[{"embeddable":true,"href":"https:\/\/www3.unicentro.br\/brinquedoteca\/wp-json\/wp\/v2\/users\/358"}],"replies":[{"embeddable":true,"href":"https:\/\/www3.unicentro.br\/brinquedoteca\/wp-json\/wp\/v2\/comments?post=554"}],"version-history":[{"count":0,"href":"https:\/\/www3.unicentro.br\/brinquedoteca\/wp-json\/wp\/v2\/pages\/554\/revisions"}],"wp:attachment":[{"href":"https:\/\/www3.unicentro.br\/brinquedoteca\/wp-json\/wp\/v2\/media?parent=554"}],"curies":[{"name":"wp","href":"https:\/\/api.w.org\/{rel}","templated":true}]}}