{"id":541,"date":"2021-08-14T18:22:33","date_gmt":"2021-08-14T21:22:33","guid":{"rendered":"https:\/\/www3.unicentro.br\/brinquedoteca\/?page_id=541"},"modified":"2021-11-16T09:07:02","modified_gmt":"2021-11-16T12:07:02","slug":"crianca-indigena-e-pedagogia","status":"publish","type":"page","link":"https:\/\/www3.unicentro.br\/brinquedoteca\/acervo\/eventos\/crianca-indigena-e-pedagogia\/","title":{"rendered":"Crian\u00e7a Ind\u00edgena e Pedagogia"},"content":{"rendered":"<p style=\"text-align: justify\"><img loading=\"lazy\" decoding=\"async\" class=\"wp-image-542 aligncenter\" src=\"https:\/\/www3.unicentro.br\/brinquedoteca\/wp-content\/uploads\/sites\/117\/2021\/08\/EVENTO-DE-AGOSTO-6.jpg\" alt=\"\" width=\"634\" height=\"357\" srcset=\"https:\/\/www3.unicentro.br\/brinquedoteca\/wp-content\/uploads\/sites\/117\/2021\/08\/EVENTO-DE-AGOSTO-6.jpg 2000w, https:\/\/www3.unicentro.br\/brinquedoteca\/wp-content\/uploads\/sites\/117\/2021\/08\/EVENTO-DE-AGOSTO-6-768x432.jpg 768w, https:\/\/www3.unicentro.br\/brinquedoteca\/wp-content\/uploads\/sites\/117\/2021\/08\/EVENTO-DE-AGOSTO-6-1536x864.jpg 1536w, https:\/\/www3.unicentro.br\/brinquedoteca\/wp-content\/uploads\/sites\/117\/2021\/08\/EVENTO-DE-AGOSTO-6-255x143.jpg 255w\" sizes=\"auto, (max-width: 634px) 100vw, 634px\" \/><\/p>\n<p style=\"text-align: center\"><strong><a href=\"https:\/\/www3.unicentro.br\/brinquedoteca\/crianca-indigena-e-pedagogia\/\"><span style=\"font-size: 24pt;color: #a16f3d\">Crian\u00e7a Ind\u00edgena e Pedagogia\u00a0<\/span><\/a><\/strong><\/p>\n<p>Para iniciarmos o nosso encontro recebemos as Professoras Danusa e Delmira e o acad\u00eamico do curso de Pedagogia Ind\u00edgena Elizer. Ambos trazem falas sobre a Crian\u00e7a Ind\u00edgena e Pedagogia, as falas ocorrer\u00e3o no dia 25\/08 via google meet.<\/p>\n<p><strong>Link para certifica\u00e7\u00e3o:<\/strong>\u00a0<a href=\"https:\/\/forms.gle\/EPVVv21dfMynyidQA\">https:\/\/forms.gle\/EPVVv21dfMynyidQA\u00a0<\/a>\u00a0\u00a0(o formul\u00e1rio ficar\u00e1 dispon\u00edvel para preenchimento at\u00e9 as 23h 59m do dia 29\/08 (domingo)<\/p>\n<p style=\"text-align: left\"><a href=\"https:\/\/www3.unicentro.br\/brinquedoteca\/eventos\/semana-do-brincar-o-brincar-e-suas-multiplas-possibilidades\/\"><img loading=\"lazy\" decoding=\"async\" class=\"alignnone wp-image-545\" src=\"https:\/\/www3.unicentro.br\/brinquedoteca\/wp-content\/uploads\/sites\/117\/2021\/08\/EVENTO-DE-AGOSTO-7.jpg\" alt=\"\" width=\"414\" height=\"233\" srcset=\"https:\/\/www3.unicentro.br\/brinquedoteca\/wp-content\/uploads\/sites\/117\/2021\/08\/EVENTO-DE-AGOSTO-7.jpg 2000w, https:\/\/www3.unicentro.br\/brinquedoteca\/wp-content\/uploads\/sites\/117\/2021\/08\/EVENTO-DE-AGOSTO-7-768x432.jpg 768w, https:\/\/www3.unicentro.br\/brinquedoteca\/wp-content\/uploads\/sites\/117\/2021\/08\/EVENTO-DE-AGOSTO-7-1536x864.jpg 1536w, https:\/\/www3.unicentro.br\/brinquedoteca\/wp-content\/uploads\/sites\/117\/2021\/08\/EVENTO-DE-AGOSTO-7-255x143.jpg 255w\" sizes=\"auto, (max-width: 414px) 100vw, 414px\" \/><img loading=\"lazy\" decoding=\"async\" class=\"alignnone wp-image-546\" style=\"color: #333333\" src=\"https:\/\/www3.unicentro.br\/brinquedoteca\/wp-content\/uploads\/sites\/117\/2021\/08\/EVENTO-DE-AGOSTO-8.jpg\" alt=\"\" width=\"411\" height=\"231\" srcset=\"https:\/\/www3.unicentro.br\/brinquedoteca\/wp-content\/uploads\/sites\/117\/2021\/08\/EVENTO-DE-AGOSTO-8.jpg 2000w, https:\/\/www3.unicentro.br\/brinquedoteca\/wp-content\/uploads\/sites\/117\/2021\/08\/EVENTO-DE-AGOSTO-8-768x432.jpg 768w, https:\/\/www3.unicentro.br\/brinquedoteca\/wp-content\/uploads\/sites\/117\/2021\/08\/EVENTO-DE-AGOSTO-8-1536x864.jpg 1536w, https:\/\/www3.unicentro.br\/brinquedoteca\/wp-content\/uploads\/sites\/117\/2021\/08\/EVENTO-DE-AGOSTO-8-255x143.jpg 255w\" sizes=\"auto, (max-width: 411px) 100vw, 411px\" \/><\/a><\/p>\n<p>&nbsp;<\/p>\n<p style=\"text-align: left\"><a href=\"https:\/\/www3.unicentro.br\/brinquedoteca\/eventos\/semana-do-brincar-o-brincar-e-suas-multiplas-possibilidades\/\"><img loading=\"lazy\" decoding=\"async\" class=\"wp-image-190 alignleft\" src=\"https:\/\/www3.unicentro.br\/brinquedoteca\/wp-content\/uploads\/sites\/117\/2021\/04\/WhatsApp-Image-2021-04-26-at-03.55.01.jpeg\" alt=\"\" width=\"413\" height=\"413\" srcset=\"https:\/\/www3.unicentro.br\/brinquedoteca\/wp-content\/uploads\/sites\/117\/2021\/04\/WhatsApp-Image-2021-04-26-at-03.55.01.jpeg 1080w, https:\/\/www3.unicentro.br\/brinquedoteca\/wp-content\/uploads\/sites\/117\/2021\/04\/WhatsApp-Image-2021-04-26-at-03.55.01-768x768.jpeg 768w, https:\/\/www3.unicentro.br\/brinquedoteca\/wp-content\/uploads\/sites\/117\/2021\/04\/WhatsApp-Image-2021-04-26-at-03.55.01-50x50.jpeg 50w, https:\/\/www3.unicentro.br\/brinquedoteca\/wp-content\/uploads\/sites\/117\/2021\/04\/WhatsApp-Image-2021-04-26-at-03.55.01-80x80.jpeg 80w, https:\/\/www3.unicentro.br\/brinquedoteca\/wp-content\/uploads\/sites\/117\/2021\/04\/WhatsApp-Image-2021-04-26-at-03.55.01-263x263.jpeg 263w, https:\/\/www3.unicentro.br\/brinquedoteca\/wp-content\/uploads\/sites\/117\/2021\/04\/WhatsApp-Image-2021-04-26-at-03.55.01-100x100.jpeg 100w, https:\/\/www3.unicentro.br\/brinquedoteca\/wp-content\/uploads\/sites\/117\/2021\/04\/WhatsApp-Image-2021-04-26-at-03.55.01-526x526.jpeg 526w, https:\/\/www3.unicentro.br\/brinquedoteca\/wp-content\/uploads\/sites\/117\/2021\/04\/WhatsApp-Image-2021-04-26-at-03.55.01-255x255.jpeg 255w\" sizes=\"auto, (max-width: 413px) 100vw, 413px\" \/><\/a><\/p>\n<p>&nbsp;<\/p>\n<p>&nbsp;<\/p>\n<p>&nbsp;<\/p>\n<p>&nbsp;<\/p>\n<p>&nbsp;<\/p>\n<p style=\"text-align: center\"><strong><a style=\"color: #800080\" href=\"https:\/\/www3.unicentro.br\/brinquedoteca\/eventos\/semana-do-brincar-o-brincar-e-suas-multiplas-possibilidades\/\"><span style=\"font-size: 14pt\"><span style=\"font-size: 24pt\">Semana Do Brincar : O Brincar e suas M\u00faltiplas Possibilidades<\/span><\/span><\/a><\/strong><\/p>\n<p>&nbsp;<\/p>\n<p>&nbsp;<\/p>\n<p><img loading=\"lazy\" decoding=\"async\" class=\"wp-image-70 alignleft\" src=\"https:\/\/www3.unicentro.br\/brinquedoteca\/wp-content\/uploads\/sites\/117\/2021\/03\/Copia-de-Post-Colorido-de-Loja-de-Brinquedos-para-Redes-Sociais-6.png\" alt=\"\" width=\"415\" height=\"415\" srcset=\"https:\/\/www3.unicentro.br\/brinquedoteca\/wp-content\/uploads\/sites\/117\/2021\/03\/Copia-de-Post-Colorido-de-Loja-de-Brinquedos-para-Redes-Sociais-6.png 1200w, https:\/\/www3.unicentro.br\/brinquedoteca\/wp-content\/uploads\/sites\/117\/2021\/03\/Copia-de-Post-Colorido-de-Loja-de-Brinquedos-para-Redes-Sociais-6-768x768.png 768w, https:\/\/www3.unicentro.br\/brinquedoteca\/wp-content\/uploads\/sites\/117\/2021\/03\/Copia-de-Post-Colorido-de-Loja-de-Brinquedos-para-Redes-Sociais-6-50x50.png 50w, https:\/\/www3.unicentro.br\/brinquedoteca\/wp-content\/uploads\/sites\/117\/2021\/03\/Copia-de-Post-Colorido-de-Loja-de-Brinquedos-para-Redes-Sociais-6-80x80.png 80w, https:\/\/www3.unicentro.br\/brinquedoteca\/wp-content\/uploads\/sites\/117\/2021\/03\/Copia-de-Post-Colorido-de-Loja-de-Brinquedos-para-Redes-Sociais-6-263x263.png 263w, https:\/\/www3.unicentro.br\/brinquedoteca\/wp-content\/uploads\/sites\/117\/2021\/03\/Copia-de-Post-Colorido-de-Loja-de-Brinquedos-para-Redes-Sociais-6-100x100.png 100w, https:\/\/www3.unicentro.br\/brinquedoteca\/wp-content\/uploads\/sites\/117\/2021\/03\/Copia-de-Post-Colorido-de-Loja-de-Brinquedos-para-Redes-Sociais-6-526x526.png 526w, https:\/\/www3.unicentro.br\/brinquedoteca\/wp-content\/uploads\/sites\/117\/2021\/03\/Copia-de-Post-Colorido-de-Loja-de-Brinquedos-para-Redes-Sociais-6-255x255.png 255w\" sizes=\"auto, (max-width: 415px) 100vw, 415px\" \/><\/p>\n<p>&nbsp;<\/p>\n<p>&nbsp;<\/p>\n<p>&nbsp;<\/p>\n<p style=\"text-align: center\"><strong><a style=\"color: #0000ff\" href=\"https:\/\/www3.unicentro.br\/brinquedoteca\/eventos\/semana-do-brincar-e-ler-discussoes-emergentes\/\">\u00a0<span style=\"font-size: 24pt\">Semana Do Brincar e Ler em Tempos de Pandemia<\/span><\/a><\/strong><\/p>\n","protected":false},"excerpt":{"rendered":"<p>Crian\u00e7a Ind\u00edgena e Pedagogia\u00a0 Para iniciarmos o nosso encontro recebemos as Professoras Danusa e Delmira e o acad\u00eamico do curso de Pedagogia Ind\u00edgena Elizer. Ambos trazem falas sobre a Crian\u00e7a Ind\u00edgena e Pedagogia, as falas ocorrer\u00e3o no dia 25\/08 via google meet. Link para certifica\u00e7\u00e3o:\u00a0https:\/\/forms.gle\/EPVVv21dfMynyidQA\u00a0\u00a0\u00a0(o formul\u00e1rio ficar\u00e1 dispon\u00edvel para preenchimento at\u00e9 as 23h 59m do [&hellip;]<\/p>\n","protected":false},"author":358,"featured_media":0,"parent":35,"menu_order":0,"comment_status":"closed","ping_status":"closed","template":"","meta":{"_exactmetrics_skip_tracking":false,"_exactmetrics_sitenote_active":false,"_exactmetrics_sitenote_note":"","_exactmetrics_sitenote_category":0,"footnotes":"","_links_to":"","_links_to_target":""},"class_list":["post-541","page","type-page","status-publish","hentry"],"_links":{"self":[{"href":"https:\/\/www3.unicentro.br\/brinquedoteca\/wp-json\/wp\/v2\/pages\/541","targetHints":{"allow":["GET"]}}],"collection":[{"href":"https:\/\/www3.unicentro.br\/brinquedoteca\/wp-json\/wp\/v2\/pages"}],"about":[{"href":"https:\/\/www3.unicentro.br\/brinquedoteca\/wp-json\/wp\/v2\/types\/page"}],"author":[{"embeddable":true,"href":"https:\/\/www3.unicentro.br\/brinquedoteca\/wp-json\/wp\/v2\/users\/358"}],"replies":[{"embeddable":true,"href":"https:\/\/www3.unicentro.br\/brinquedoteca\/wp-json\/wp\/v2\/comments?post=541"}],"version-history":[{"count":0,"href":"https:\/\/www3.unicentro.br\/brinquedoteca\/wp-json\/wp\/v2\/pages\/541\/revisions"}],"up":[{"embeddable":true,"href":"https:\/\/www3.unicentro.br\/brinquedoteca\/wp-json\/wp\/v2\/pages\/35"}],"wp:attachment":[{"href":"https:\/\/www3.unicentro.br\/brinquedoteca\/wp-json\/wp\/v2\/media?parent=541"}],"curies":[{"name":"wp","href":"https:\/\/api.w.org\/{rel}","templated":true}]}}