{"id":536,"date":"2021-08-09T10:28:02","date_gmt":"2021-08-09T13:28:02","guid":{"rendered":"https:\/\/www3.unicentro.br\/brinquedoteca\/?page_id=536"},"modified":"2021-08-30T07:29:19","modified_gmt":"2021-08-30T10:29:19","slug":"brincadeiras-indigenas","status":"publish","type":"page","link":"https:\/\/www3.unicentro.br\/brinquedoteca\/infancia-indigena\/brincadeiras-indigenas\/","title":{"rendered":"Brincadeiras Ind\u00edgenas"},"content":{"rendered":"<p><img loading=\"lazy\" decoding=\"async\" class=\"aligncenter wp-image-526\" src=\"https:\/\/www3.unicentro.br\/brinquedoteca\/wp-content\/uploads\/sites\/117\/2021\/08\/Semana-DE-AGOSTO-6.jpg\" alt=\"\" width=\"276\" height=\"276\" srcset=\"https:\/\/www3.unicentro.br\/brinquedoteca\/wp-content\/uploads\/sites\/117\/2021\/08\/Semana-DE-AGOSTO-6.jpg 1080w, https:\/\/www3.unicentro.br\/brinquedoteca\/wp-content\/uploads\/sites\/117\/2021\/08\/Semana-DE-AGOSTO-6-768x768.jpg 768w, https:\/\/www3.unicentro.br\/brinquedoteca\/wp-content\/uploads\/sites\/117\/2021\/08\/Semana-DE-AGOSTO-6-50x50.jpg 50w, https:\/\/www3.unicentro.br\/brinquedoteca\/wp-content\/uploads\/sites\/117\/2021\/08\/Semana-DE-AGOSTO-6-80x80.jpg 80w, https:\/\/www3.unicentro.br\/brinquedoteca\/wp-content\/uploads\/sites\/117\/2021\/08\/Semana-DE-AGOSTO-6-263x263.jpg 263w, https:\/\/www3.unicentro.br\/brinquedoteca\/wp-content\/uploads\/sites\/117\/2021\/08\/Semana-DE-AGOSTO-6-100x100.jpg 100w, https:\/\/www3.unicentro.br\/brinquedoteca\/wp-content\/uploads\/sites\/117\/2021\/08\/Semana-DE-AGOSTO-6-526x526.jpg 526w, https:\/\/www3.unicentro.br\/brinquedoteca\/wp-content\/uploads\/sites\/117\/2021\/08\/Semana-DE-AGOSTO-6-255x255.jpg 255w\" sizes=\"auto, (max-width: 276px) 100vw, 276px\" \/><\/p>\n<p style=\"text-align: center\"><strong><span style=\"font-size: 14pt;color: #000000\">Brincadeiras Ind\u00edgenas<\/span><\/strong><\/p>\n<p style=\"text-align: justify\"><span style=\"font-size: 14pt;color: #000000\">As brincadeiras ind\u00edgenas s\u00e3o aquelas herdadas das culturas desenvolvidas pelos diversos grupos de ind\u00edgenas do Brasil, representam as brincadeiras e os jogos ind\u00edgenas que foram criados nas tribos para divers\u00e3o, sobretudo das crian\u00e7as. Os ind\u00edgenas possuem muitos jogos e brincadeiras, alguns s\u00e3o bastante conhecidos por v\u00e1rios povos ind\u00edgenas e outros tamb\u00e9m s\u00e3o comuns entre os n\u00e3o ind\u00edgenas, como a peteca e a perna de pau, j\u00e1 outros s\u00e3o curiosos e originais. Existem brincadeiras que s\u00f3 as crian\u00e7as jogam, outras que os adultos jogam junto e assim ensinam as melhores t\u00e9cnicas para quem quiser virar um craque! T\u00eam brincadeiras s\u00f3 de menino, outras s\u00f3 de menina. Existem algumas que, antes do jogo come\u00e7ar, \u00e9 preciso construir o brinquedo que nesse caso, \u00e9 necess\u00e1rio ir at\u00e9 a mata, achar o material certo, aprender a fazer o brinquedo e, s\u00f3 ent\u00e3o, come\u00e7ar a brincar. Mas isso n\u00e3o \u00e9 um problema, pois construir o brinquedo tamb\u00e9m faz parte da brincadeira!<\/span><\/p>\n<p style=\"text-align: justify\"><img loading=\"lazy\" decoding=\"async\" class=\"wp-image-560 alignleft\" src=\"https:\/\/www3.unicentro.br\/brinquedoteca\/wp-content\/uploads\/sites\/117\/2021\/08\/Semana-DE-AGOSTO-7.jpg\" alt=\"\" width=\"355\" height=\"355\" srcset=\"https:\/\/www3.unicentro.br\/brinquedoteca\/wp-content\/uploads\/sites\/117\/2021\/08\/Semana-DE-AGOSTO-7.jpg 1080w, https:\/\/www3.unicentro.br\/brinquedoteca\/wp-content\/uploads\/sites\/117\/2021\/08\/Semana-DE-AGOSTO-7-768x768.jpg 768w, https:\/\/www3.unicentro.br\/brinquedoteca\/wp-content\/uploads\/sites\/117\/2021\/08\/Semana-DE-AGOSTO-7-50x50.jpg 50w, https:\/\/www3.unicentro.br\/brinquedoteca\/wp-content\/uploads\/sites\/117\/2021\/08\/Semana-DE-AGOSTO-7-80x80.jpg 80w, https:\/\/www3.unicentro.br\/brinquedoteca\/wp-content\/uploads\/sites\/117\/2021\/08\/Semana-DE-AGOSTO-7-263x263.jpg 263w, https:\/\/www3.unicentro.br\/brinquedoteca\/wp-content\/uploads\/sites\/117\/2021\/08\/Semana-DE-AGOSTO-7-100x100.jpg 100w, https:\/\/www3.unicentro.br\/brinquedoteca\/wp-content\/uploads\/sites\/117\/2021\/08\/Semana-DE-AGOSTO-7-526x526.jpg 526w, https:\/\/www3.unicentro.br\/brinquedoteca\/wp-content\/uploads\/sites\/117\/2021\/08\/Semana-DE-AGOSTO-7-255x255.jpg 255w\" sizes=\"auto, (max-width: 355px) 100vw, 355px\" \/><\/p>\n<p>&nbsp;<\/p>\n<p style=\"text-align: center\"><span style=\"color: #000000\"><strong><span style=\"font-size: 14pt\">ARRANCA MANDIOCA.<\/span><\/strong><\/span><br \/>\n<span style=\"font-size: 14pt;color: #000000\">Para a brincadeira arranca mandioca n\u00e3o \u00e9 necess\u00e1rio nenhum objeto, embora faz-se necess\u00e1rio ter alguma \u00e1rvore perto para come\u00e7ar a divers\u00e3o. Assim, sentada no ch\u00e3o, a primeira crian\u00e7a segura a \u00e1rvore e as outras v\u00e3o se encaixando e segurando o colega da frente.<\/span><br \/>\n<span style=\"font-size: 14pt;color: #000000\">Uma crian\u00e7a \u00e9 escolhida para ficar em p\u00e9 e nomeada a \u201ccolhedora de mandioca\u201d. A ideia \u00e9 ir \u201cpuxando\u201d cada uma para fora, at\u00e9 que a crian\u00e7a que est\u00e1 agarrada \u00e0 outra, solte as m\u00e3os de quem est\u00e1 na frente. O objetivo \u00e9 tentar tirar todos e, para isso, retira-se um a um da fila.<\/span><\/p>\n<p>&nbsp;<\/p>\n<p>&nbsp;<\/p>\n<p>&nbsp;<\/p>\n<p>&nbsp;<\/p>\n<p style=\"text-align: justify\"><span style=\"font-size: 14pt\"><img loading=\"lazy\" decoding=\"async\" class=\"wp-image-561 alignleft\" src=\"https:\/\/www3.unicentro.br\/brinquedoteca\/wp-content\/uploads\/sites\/117\/2021\/08\/Semana-DE-AGOSTO-8.jpg\" alt=\"\" width=\"355\" height=\"355\" srcset=\"https:\/\/www3.unicentro.br\/brinquedoteca\/wp-content\/uploads\/sites\/117\/2021\/08\/Semana-DE-AGOSTO-8.jpg 1080w, https:\/\/www3.unicentro.br\/brinquedoteca\/wp-content\/uploads\/sites\/117\/2021\/08\/Semana-DE-AGOSTO-8-768x768.jpg 768w, https:\/\/www3.unicentro.br\/brinquedoteca\/wp-content\/uploads\/sites\/117\/2021\/08\/Semana-DE-AGOSTO-8-50x50.jpg 50w, https:\/\/www3.unicentro.br\/brinquedoteca\/wp-content\/uploads\/sites\/117\/2021\/08\/Semana-DE-AGOSTO-8-80x80.jpg 80w, https:\/\/www3.unicentro.br\/brinquedoteca\/wp-content\/uploads\/sites\/117\/2021\/08\/Semana-DE-AGOSTO-8-263x263.jpg 263w, https:\/\/www3.unicentro.br\/brinquedoteca\/wp-content\/uploads\/sites\/117\/2021\/08\/Semana-DE-AGOSTO-8-100x100.jpg 100w, https:\/\/www3.unicentro.br\/brinquedoteca\/wp-content\/uploads\/sites\/117\/2021\/08\/Semana-DE-AGOSTO-8-526x526.jpg 526w, https:\/\/www3.unicentro.br\/brinquedoteca\/wp-content\/uploads\/sites\/117\/2021\/08\/Semana-DE-AGOSTO-8-255x255.jpg 255w\" sizes=\"auto, (max-width: 355px) 100vw, 355px\" \/><\/span><\/p>\n<p>&nbsp;<\/p>\n<p style=\"text-align: center\"><span style=\"color: #000000;font-size: 14pt\"><strong>GAVI\u00c3O E PASSARINHOS.<\/strong><\/span><br \/>\n<span style=\"color: #000000;font-size: 14pt\">Primeiramente, desenha-se uma grande \u00e1rvore no ch\u00e3o com galhos condizentes ao n\u00famero de participantes. Cada um ficar\u00e1 em um galho e uma crian\u00e7a \u00e9 escolhida para ser o gavi\u00e3o.<\/span><br \/>\n<span style=\"color: #000000;font-size: 14pt\">Quando come\u00e7ar a brincadeira, cada passarinho vai fazer o movimento de bater asas, e pode tamb\u00e9m cantar e assobiar com o intuito de distrair o gavi\u00e3o. J\u00e1 o gavi\u00e3o, estar\u00e1 atento para pegar cada passarinho que estiver fora do galho.<\/span><br \/>\n<span style=\"color: #000000;font-size: 14pt\">Por isso, o ideal \u00e9 estar atento com a proximidade do gavi\u00e3o e a localiza\u00e7\u00e3o do seu galho. Cada crian\u00e7a que for pega pelo gavi\u00e3o sai fora da brincadeira at\u00e9 sobrar somente uma, a vencedora<\/span><\/p>\n<p>&nbsp;<\/p>\n<p>&nbsp;<\/p>\n<p>&nbsp;<\/p>\n<p style=\"text-align: justify\"><span style=\"font-size: 14pt\"><img loading=\"lazy\" decoding=\"async\" class=\"wp-image-562 alignleft\" src=\"https:\/\/www3.unicentro.br\/brinquedoteca\/wp-content\/uploads\/sites\/117\/2021\/08\/Semana-DE-AGOSTO-9.jpg\" alt=\"\" width=\"355\" height=\"355\" srcset=\"https:\/\/www3.unicentro.br\/brinquedoteca\/wp-content\/uploads\/sites\/117\/2021\/08\/Semana-DE-AGOSTO-9.jpg 1080w, https:\/\/www3.unicentro.br\/brinquedoteca\/wp-content\/uploads\/sites\/117\/2021\/08\/Semana-DE-AGOSTO-9-768x768.jpg 768w, https:\/\/www3.unicentro.br\/brinquedoteca\/wp-content\/uploads\/sites\/117\/2021\/08\/Semana-DE-AGOSTO-9-50x50.jpg 50w, https:\/\/www3.unicentro.br\/brinquedoteca\/wp-content\/uploads\/sites\/117\/2021\/08\/Semana-DE-AGOSTO-9-80x80.jpg 80w, https:\/\/www3.unicentro.br\/brinquedoteca\/wp-content\/uploads\/sites\/117\/2021\/08\/Semana-DE-AGOSTO-9-263x263.jpg 263w, https:\/\/www3.unicentro.br\/brinquedoteca\/wp-content\/uploads\/sites\/117\/2021\/08\/Semana-DE-AGOSTO-9-100x100.jpg 100w, https:\/\/www3.unicentro.br\/brinquedoteca\/wp-content\/uploads\/sites\/117\/2021\/08\/Semana-DE-AGOSTO-9-526x526.jpg 526w, https:\/\/www3.unicentro.br\/brinquedoteca\/wp-content\/uploads\/sites\/117\/2021\/08\/Semana-DE-AGOSTO-9-255x255.jpg 255w\" sizes=\"auto, (max-width: 355px) 100vw, 355px\" \/><\/span><\/p>\n<p>&nbsp;<\/p>\n<p style=\"text-align: center\"><strong><span style=\"font-size: 14pt;color: #000000\">JOGO DA ON\u00c7A.<\/span><\/strong><br \/>\n<span style=\"font-size: 14pt;color: #000000\">Nesse jogo tra\u00e7a-se um tabuleiro podendo ser no ch\u00e3o ou desenhado numa cartolina. As pe\u00e7as podem ser pedrinhas, sementes ou tampinhas. 1 pe\u00e7a ser\u00e1 a on\u00e7a e as outras 14 pe\u00e7as ser\u00e3o os cachorros. O objetivo do jogo \u00e9 capturar 5 cachorros (para quem est\u00e1 jogando com a on\u00e7a) ou encurralar a on\u00e7a (para quem est\u00e1 jogando com os cachorros).<\/span><\/p>\n<p>&nbsp;<\/p>\n<p>&nbsp;<\/p>\n<p>&nbsp;<\/p>\n<p>&nbsp;<\/p>\n<p>&nbsp;<\/p>\n<p style=\"text-align: center\"><span style=\"font-size: 14pt;color: #000000\">E a\u00ed voc\u00ea conhece alguma dessas brincadeira de origem ind\u00edgena?\u00a0<\/span><\/p>\n<p>&nbsp;<\/p>\n","protected":false},"excerpt":{"rendered":"<p>Brincadeiras Ind\u00edgenas As brincadeiras ind\u00edgenas s\u00e3o aquelas herdadas das culturas desenvolvidas pelos diversos grupos de ind\u00edgenas do Brasil, representam as brincadeiras e os jogos ind\u00edgenas que foram criados nas tribos para divers\u00e3o, sobretudo das crian\u00e7as. Os ind\u00edgenas possuem muitos jogos e brincadeiras, alguns s\u00e3o bastante conhecidos por v\u00e1rios povos ind\u00edgenas e outros tamb\u00e9m s\u00e3o comuns [&hellip;]<\/p>\n","protected":false},"author":358,"featured_media":0,"parent":530,"menu_order":0,"comment_status":"closed","ping_status":"closed","template":"","meta":{"_exactmetrics_skip_tracking":false,"_exactmetrics_sitenote_active":false,"_exactmetrics_sitenote_note":"","_exactmetrics_sitenote_category":0,"footnotes":"","_links_to":"","_links_to_target":""},"class_list":["post-536","page","type-page","status-publish","hentry"],"_links":{"self":[{"href":"https:\/\/www3.unicentro.br\/brinquedoteca\/wp-json\/wp\/v2\/pages\/536","targetHints":{"allow":["GET"]}}],"collection":[{"href":"https:\/\/www3.unicentro.br\/brinquedoteca\/wp-json\/wp\/v2\/pages"}],"about":[{"href":"https:\/\/www3.unicentro.br\/brinquedoteca\/wp-json\/wp\/v2\/types\/page"}],"author":[{"embeddable":true,"href":"https:\/\/www3.unicentro.br\/brinquedoteca\/wp-json\/wp\/v2\/users\/358"}],"replies":[{"embeddable":true,"href":"https:\/\/www3.unicentro.br\/brinquedoteca\/wp-json\/wp\/v2\/comments?post=536"}],"version-history":[{"count":0,"href":"https:\/\/www3.unicentro.br\/brinquedoteca\/wp-json\/wp\/v2\/pages\/536\/revisions"}],"up":[{"embeddable":true,"href":"https:\/\/www3.unicentro.br\/brinquedoteca\/wp-json\/wp\/v2\/pages\/530"}],"wp:attachment":[{"href":"https:\/\/www3.unicentro.br\/brinquedoteca\/wp-json\/wp\/v2\/media?parent=536"}],"curies":[{"name":"wp","href":"https:\/\/api.w.org\/{rel}","templated":true}]}}