{"id":514,"date":"2021-07-29T16:02:44","date_gmt":"2021-07-29T19:02:44","guid":{"rendered":"https:\/\/www3.unicentro.br\/brinquedoteca\/?page_id=514"},"modified":"2021-07-29T16:03:14","modified_gmt":"2021-07-29T19:03:14","slug":"artigos-sobre-literatura-contacao-de-historia","status":"publish","type":"page","link":"https:\/\/www3.unicentro.br\/brinquedoteca\/artigos-sobre-literatura-contacao-de-historia\/","title":{"rendered":"Artigos sobre Literatura\/ Conta\u00e7\u00e3o de Hist\u00f3ria"},"content":{"rendered":"<p style=\"text-align: justify\"><span style=\"color: #000000;font-size: 14pt\"><a style=\"color: #000000\" href=\"https:\/\/www3.unicentro.br\/brinquedoteca\/wp-content\/uploads\/sites\/117\/2021\/07\/2013-SILVEIRA-Rosa-Maria-Hessel-KAERCHER-Gladis-E.-da-Silva.-Dois-Papais-Duas-Mamaes-novas-familias-na-literatura-infantil..pdf\">2013; SILVEIRA, Rosa Maria Hessel; KAERCHER, Gl\u00e1dis E. da Silva. <strong>Dois Papais, Duas Mam\u00e3es novas fam\u00edlias na literatura infantil<\/strong><\/a><\/span><\/p>\n<p style=\"text-align: justify\"><span style=\"color: #000000;font-size: 14pt\"><a style=\"color: #000000\" href=\"https:\/\/www3.unicentro.br\/brinquedoteca\/wp-content\/uploads\/sites\/117\/2021\/07\/2017-WAJSKOP-Gisela.-Linguagem-Oral-e-Brincadeira-Letrada-nas-Creches..pdf\">2017; WAJSKOP, Gisela. <strong>Linguagem Oral e Brincadeira Letrada nas Creches<\/strong><\/a><\/span><\/p>\n<p style=\"text-align: justify\"><span style=\"color: #000000;font-size: 14pt\"><a style=\"color: #000000\" href=\"https:\/\/www3.unicentro.br\/brinquedoteca\/wp-content\/uploads\/sites\/117\/2021\/07\/2018-FILHO-Antonio-Cavalcante-LIMA-Ana-Ignez-Belem.-Significacoes-dos-docentes-sobre-a-educacao-infantil-viajando-atraves-dos-contos-de-fada..pdf\">2018; FILHO, Antonio Cavalcante; LIMA, Ana Ignez Bel\u00e9m. <strong>Significa\u00e7\u00f5es dos docentes sobre a educa\u00e7\u00e3o infantil viajando atrav\u00e9s dos contos de fada<\/strong><\/a><\/span><\/p>\n<p style=\"text-align: justify\"><span style=\"color: #000000;font-size: 14pt\"><a style=\"color: #000000\" href=\"https:\/\/www3.unicentro.br\/brinquedoteca\/wp-content\/uploads\/sites\/117\/2021\/07\/2018-FINCO-Daniela-SEVESO-Gabriella.-Estereotipos-de-genero-e-sexismo-linguistico-presentes-nos-livros-no-contexto-educativo-para-criancas..pdf\">2018; FINCO, Daniela; SEVESO, Gabriella. <strong>Estere\u00f3tipos de g\u00eanero e sexismo lingu\u00edstico presentes nos livros no contexto educativo para crian\u00e7as<\/strong><\/a><\/span><\/p>\n<p style=\"text-align: justify\"><span style=\"color: #000000;font-size: 14pt\"><a style=\"color: #000000\" href=\"https:\/\/www3.unicentro.br\/brinquedoteca\/wp-content\/uploads\/sites\/117\/2021\/07\/2018-SILVEIRA-Rosilene-de-Fatima-Koscianski-da-DEBUS-Eliane-Santana-Dias-AZEVEDO-Fernando-Jose-Fraga-de.-O-encontro-infancia-e-poesia-ludicidade-imaginacao-e-coautoria..pdf\">2018; SILVEIRA, Rosilene de F\u00e1tima Koscianski da; DEBUS, Eliane Santana Dias; AZEVEDO, Fernando Jos\u00e9 Fraga de. <strong>O encontro inf\u00e2ncia e poesia ludicidade, imagina\u00e7\u00e3o e (co)autoria<\/strong><\/a><\/span><\/p>\n<p style=\"text-align: justify\"><span style=\"color: #000000;font-size: 14pt\"><a style=\"color: #000000\" href=\"https:\/\/www3.unicentro.br\/brinquedoteca\/wp-content\/uploads\/sites\/117\/2021\/07\/2018-TRINDADE-Talula-Montiel-RICHTER-Sandra-Regina-Simonis.-Pinoquio-leitura-e-escolarizacao-das-criancas-pequenas-como-transformar-se-em-bonecos..pdf\">2018; TRINDADE, Talula Montiel; RICHTER, Sandra Regina Simonis. <strong>Pin\u00f3quio, leitura e escolariza\u00e7\u00e3o das crian\u00e7as pequenas como transformar-se em bonecos<\/strong><\/a><\/span><\/p>\n<p style=\"text-align: justify\"><span style=\"color: #000000;font-size: 14pt\"><a style=\"color: #000000\" href=\"https:\/\/www3.unicentro.br\/brinquedoteca\/wp-content\/uploads\/sites\/117\/2021\/07\/2019-MIRANDA-Maria-Irene-SILVA-Valeria.-A-pratica-da-contacao-de-historias-por-professoras-da-educacao-infantil..pdf\">2019; MIRANDA, Maria Irene; SILVA, Val\u00e9ria. <strong>A pr\u00e1tica da conta\u00e7\u00e3o de hist\u00f3rias por professoras da educa\u00e7\u00e3o infantil<\/strong><\/a><\/span><\/p>\n","protected":false},"excerpt":{"rendered":"<p>2013; SILVEIRA, Rosa Maria Hessel; KAERCHER, Gl\u00e1dis E. da Silva. Dois Papais, Duas Mam\u00e3es novas fam\u00edlias na literatura infantil 2017; WAJSKOP, Gisela. Linguagem Oral e Brincadeira Letrada nas Creches 2018; FILHO, Antonio Cavalcante; LIMA, Ana Ignez Bel\u00e9m. Significa\u00e7\u00f5es dos docentes sobre a educa\u00e7\u00e3o infantil viajando atrav\u00e9s dos contos de fada 2018; FINCO, Daniela; SEVESO, Gabriella. [&hellip;]<\/p>\n","protected":false},"author":358,"featured_media":0,"parent":0,"menu_order":0,"comment_status":"closed","ping_status":"closed","template":"","meta":{"_exactmetrics_skip_tracking":false,"_exactmetrics_sitenote_active":false,"_exactmetrics_sitenote_note":"","_exactmetrics_sitenote_category":0,"footnotes":"","_links_to":"","_links_to_target":""},"class_list":["post-514","page","type-page","status-publish","hentry"],"_links":{"self":[{"href":"https:\/\/www3.unicentro.br\/brinquedoteca\/wp-json\/wp\/v2\/pages\/514","targetHints":{"allow":["GET"]}}],"collection":[{"href":"https:\/\/www3.unicentro.br\/brinquedoteca\/wp-json\/wp\/v2\/pages"}],"about":[{"href":"https:\/\/www3.unicentro.br\/brinquedoteca\/wp-json\/wp\/v2\/types\/page"}],"author":[{"embeddable":true,"href":"https:\/\/www3.unicentro.br\/brinquedoteca\/wp-json\/wp\/v2\/users\/358"}],"replies":[{"embeddable":true,"href":"https:\/\/www3.unicentro.br\/brinquedoteca\/wp-json\/wp\/v2\/comments?post=514"}],"version-history":[{"count":0,"href":"https:\/\/www3.unicentro.br\/brinquedoteca\/wp-json\/wp\/v2\/pages\/514\/revisions"}],"wp:attachment":[{"href":"https:\/\/www3.unicentro.br\/brinquedoteca\/wp-json\/wp\/v2\/media?parent=514"}],"curies":[{"name":"wp","href":"https:\/\/api.w.org\/{rel}","templated":true}]}}