{"id":454,"date":"2021-07-28T20:21:38","date_gmt":"2021-07-28T23:21:38","guid":{"rendered":"https:\/\/www3.unicentro.br\/brinquedoteca\/?page_id=454"},"modified":"2021-07-29T15:43:39","modified_gmt":"2021-07-29T18:43:39","slug":"artigos-brinquedotecas","status":"publish","type":"page","link":"https:\/\/www3.unicentro.br\/brinquedoteca\/artigos-brinquedotecas\/","title":{"rendered":"Artigos Brinquedotecas"},"content":{"rendered":"<p style=\"text-align: justify\"><span style=\"font-size: 14pt;color: #000000\"><a style=\"color: #000000\" href=\"https:\/\/www3.unicentro.br\/brinquedoteca\/wp-content\/uploads\/sites\/117\/2021\/07\/2001-VECTORE-Celia-KISHIMOTO-Tizuko-M..-Por-tras-do-imaginario-infantil-explorando-a-brinquedoteca..pdf\">2001; VECTORE, C\u00e9lia; KISHIMOTO, Tizuko M..<strong> Por tr\u00e1s do imagin\u00e1rio infantil explorando a brinquedoteca<\/strong><\/a><\/span><\/p>\n<p style=\"text-align: justify\"><span style=\"font-size: 14pt;color: #000000\"><a style=\"color: #000000\" href=\"https:\/\/www3.unicentro.br\/brinquedoteca\/wp-content\/uploads\/sites\/117\/2021\/07\/2002-MAGALHAES-Celina-Maria-Colino-PONTES-Fernando-Augusto-Ramos.-Criacao-e-Manutencao-de-Brinquedotecas.pdf\">2002; MAGALH\u00c3ES, Celina Maria Colino; PONTES, Fernando Augusto Ramos. <strong>Cria\u00e7\u00e3o e Manuten\u00e7\u00e3o de Brinquedotecas<\/strong><\/a><\/span><\/p>\n<p style=\"text-align: justify\"><span style=\"font-size: 14pt;color: #000000\"><a style=\"color: #000000\" href=\"https:\/\/www3.unicentro.br\/brinquedoteca\/wp-content\/uploads\/sites\/117\/2021\/07\/2006-WANDERLIND-Fernanda-MARTINS-Gabriela-dal-Forno.-Diferencas-de-genero-no-brincar-de-criancas-pre-escolares-e-escolares-na-brinquedoteca..pdf\">2006; WANDERLIND, Fernanda; MARTINS, Gabriela dal Forno. <strong>Diferen\u00e7as de g\u00eanero no brincar de crian\u00e7as pr\u00e9-escolares e escolares na brinquedoteca<\/strong><\/a><\/span><\/p>\n<p style=\"text-align: justify\"><span style=\"font-size: 14pt;color: #000000\"><a style=\"color: #000000\" href=\"https:\/\/www3.unicentro.br\/brinquedoteca\/wp-content\/uploads\/sites\/117\/2021\/07\/2010-OLIVEIRA-Ivone-Martins-de-GEBARA-Ademir.-Interacao-afeto-e-construcao-de-sentidos-entre-criancas-na-brinquedoteca..pdf\">2010; OLIVEIRA, Ivone Martins de; GEBARA, Ademir. <strong>Intera\u00e7\u00e3o, afeto e constru\u00e7\u00e3o de sentidos entre crian\u00e7as na brinquedoteca<\/strong><\/a><\/span><\/p>\n<p style=\"text-align: justify\"><span style=\"font-size: 14pt;color: #000000\"><a style=\"color: #000000\" href=\"https:\/\/www3.unicentro.br\/brinquedoteca\/wp-content\/uploads\/sites\/117\/2021\/07\/2017-SIMIANO-Luciane-Pandini-VALENCA-Vera-Lucia-Chacon.-O-Espaco-da-Brinquedoteca-e-a-Producao-de-Sentidos-entre-Criancas..pdf\">2017; SIMIANO, Luciane Pandini; VALEN\u00c7A, Vera Lucia Chacon. <strong>O Espa\u00e7o da Brinquedoteca e a Produ\u00e7\u00e3o de Sentidos entre Crian\u00e7as<\/strong><\/a><\/span><\/p>\n<p style=\"text-align: justify\"><span style=\"font-size: 14pt;color: #000000\"><a style=\"color: #000000\" href=\"https:\/\/www3.unicentro.br\/brinquedoteca\/wp-content\/uploads\/sites\/117\/2021\/07\/2019-CASTRO-Aline-Aparecida-de-OLIVEIRA-Nayane-Maria-Ferreira-de-CAMARGO-Daiana.-Caminhos-e-contextos-da-brinquedoteca.pdf\">2019; CASTRO, Aline Aparecida de; OLIVEIRA, Nayane Maria Ferreira de; CAMARGO, Daiana. <strong>Caminhos e contextos da brinquedoteca<\/strong><\/a><\/span><\/p>\n","protected":false},"excerpt":{"rendered":"<p>2001; VECTORE, C\u00e9lia; KISHIMOTO, Tizuko M.. Por tr\u00e1s do imagin\u00e1rio infantil explorando a brinquedoteca 2002; MAGALH\u00c3ES, Celina Maria Colino; PONTES, Fernando Augusto Ramos. Cria\u00e7\u00e3o e Manuten\u00e7\u00e3o de Brinquedotecas 2006; WANDERLIND, Fernanda; MARTINS, Gabriela dal Forno. Diferen\u00e7as de g\u00eanero no brincar de crian\u00e7as pr\u00e9-escolares e escolares na brinquedoteca 2010; OLIVEIRA, Ivone Martins de; GEBARA, Ademir. Intera\u00e7\u00e3o, [&hellip;]<\/p>\n","protected":false},"author":358,"featured_media":0,"parent":0,"menu_order":0,"comment_status":"closed","ping_status":"closed","template":"","meta":{"_exactmetrics_skip_tracking":false,"_exactmetrics_sitenote_active":false,"_exactmetrics_sitenote_note":"","_exactmetrics_sitenote_category":0,"footnotes":"","_links_to":"","_links_to_target":""},"class_list":["post-454","page","type-page","status-publish","hentry"],"_links":{"self":[{"href":"https:\/\/www3.unicentro.br\/brinquedoteca\/wp-json\/wp\/v2\/pages\/454","targetHints":{"allow":["GET"]}}],"collection":[{"href":"https:\/\/www3.unicentro.br\/brinquedoteca\/wp-json\/wp\/v2\/pages"}],"about":[{"href":"https:\/\/www3.unicentro.br\/brinquedoteca\/wp-json\/wp\/v2\/types\/page"}],"author":[{"embeddable":true,"href":"https:\/\/www3.unicentro.br\/brinquedoteca\/wp-json\/wp\/v2\/users\/358"}],"replies":[{"embeddable":true,"href":"https:\/\/www3.unicentro.br\/brinquedoteca\/wp-json\/wp\/v2\/comments?post=454"}],"version-history":[{"count":0,"href":"https:\/\/www3.unicentro.br\/brinquedoteca\/wp-json\/wp\/v2\/pages\/454\/revisions"}],"wp:attachment":[{"href":"https:\/\/www3.unicentro.br\/brinquedoteca\/wp-json\/wp\/v2\/media?parent=454"}],"curies":[{"name":"wp","href":"https:\/\/api.w.org\/{rel}","templated":true}]}}