{"id":452,"date":"2021-07-28T20:20:41","date_gmt":"2021-07-28T23:20:41","guid":{"rendered":"https:\/\/www3.unicentro.br\/brinquedoteca\/?page_id=452"},"modified":"2021-07-29T15:50:15","modified_gmt":"2021-07-29T18:50:15","slug":"artigos-sobre-brincar","status":"publish","type":"page","link":"https:\/\/www3.unicentro.br\/brinquedoteca\/artigos-sobre-brincar\/","title":{"rendered":"Artigos sobre brincar"},"content":{"rendered":"<p style=\"text-align: justify\"><span style=\"color: #000000;font-size: 14pt\"><a style=\"color: #000000\" href=\"https:\/\/www3.unicentro.br\/brinquedoteca\/wp-content\/uploads\/sites\/117\/2021\/07\/2006-Girardello-Gilka.-Por-que-toda-crianca-precisa-brincar-muito.pdf\">2006; GIRARDELLO, Gilka. <strong>Por que toda crian\u00e7a precisa brincar muito<\/strong><\/a><\/span><\/p>\n<p style=\"text-align: justify\"><span style=\"color: #000000;font-size: 14pt\"><a style=\"color: #000000\" href=\"https:\/\/www3.unicentro.br\/brinquedoteca\/wp-content\/uploads\/sites\/117\/2021\/07\/2013-COUTO-Edvaldo-Souza.-A-infancia-e-o-brincar-na-cultura-digital..pdf\">2013; COUTO, Edvaldo Souza. <strong>A inf\u00e2ncia e o brincar na cultura digital<\/strong><\/a><\/span><\/p>\n<p style=\"text-align: justify\"><span style=\"color: #000000;font-size: 14pt\"><a style=\"color: #000000\" href=\"https:\/\/www3.unicentro.br\/brinquedoteca\/wp-content\/uploads\/sites\/117\/2021\/07\/2016-MARCOLINO-Suzana-MELLO-Suely-Amaral-FOLQUE-Maria-Assuncao.-Brincar-juntos-na-Escola-da-Infancia.pdf\">2016; MARCOLINO, Suzana; MELLO, Suely Amaral; FOLQUE, Maria Assun\u00e7\u00e3o. <strong>Brincar juntos na Escola da Inf\u00e2ncia<\/strong><\/a><\/span><\/p>\n<p style=\"text-align: justify\"><span style=\"color: #000000;font-size: 14pt\"><a style=\"color: #000000\" href=\"https:\/\/www3.unicentro.br\/brinquedoteca\/wp-content\/uploads\/sites\/117\/2021\/07\/2018-Delorme-Maria-Ines-de-C.-Experiencias-criadoras-nas-infancias..pdf\">2018; DELORME, Maria In\u00eas de C. <strong>Experi\u00eancias criadoras na(s) inf\u00e2ncia(s)<\/strong><\/a><\/span><\/p>\n<p style=\"text-align: justify\"><span style=\"color: #000000;font-size: 14pt\"><a style=\"color: #000000\" href=\"https:\/\/www3.unicentro.br\/brinquedoteca\/wp-content\/uploads\/sites\/117\/2021\/07\/2018-Domingues-Camila-Moutinho-Noronha-Vania.-Crianca-sujeito-eu-brinquedo-\u2013-representacoes-da-cultura-ludica-na-educacao-infantil..pdf\">2018; DOMINGUES, Camila Moutinho; NORONHA, V\u00e2nia. <strong>Crian\u00e7a sujeito eu-brinquedo \u2013 representa\u00e7\u00f5es da cultura l\u00fadica na educa\u00e7\u00e3o infantil<\/strong><\/a><\/span><\/p>\n<p style=\"text-align: justify\"><span style=\"color: #000000;font-size: 14pt\"><a style=\"color: #000000\" href=\"https:\/\/www3.unicentro.br\/brinquedoteca\/wp-content\/uploads\/sites\/117\/2021\/07\/2018-LIMA-Elieuza-Aparecida-de-AKURI-Juliana-Guimaraes-Marcelino-VALIENGO-Amanda.-Brincadeira-na-Educacao-Infantil.pdf\">2018; LIMA, Elieuza Aparecida de; AKURI, Juliana Guimar\u00e3es Marcelino; VALIENGO, Amanda. <strong>Brincadeira na Educa\u00e7\u00e3o Infantil<\/strong><\/a><\/span><\/p>\n<p style=\"text-align: justify\"><span style=\"color: #000000;font-size: 14pt\"><a style=\"color: #000000\" href=\"https:\/\/www3.unicentro.br\/brinquedoteca\/wp-content\/uploads\/sites\/117\/2021\/07\/2018-Silva-Tassio-Jose-da.-Brincadeira-espaco-e-genero-cenas-do-cotidiano-de-meninos-e-meninas..pdf\">2018; SILVA, T\u00e1ssio Jos\u00e9 da. <strong>Brincadeira, espa\u00e7o e g\u00eanero cenas do cotidiano de meninos e meninas<\/strong><\/a><\/span><\/p>\n<p style=\"text-align: justify\"><span style=\"color: #000000;font-size: 14pt\"><a style=\"color: #000000\" href=\"https:\/\/www3.unicentro.br\/brinquedoteca\/wp-content\/uploads\/sites\/117\/2021\/07\/2019-LOPES-Jader-Janer-Moreira-MARTIN-Maria-Renata-Prado.-Os-espacos-do-brincar-em-uma-escola-sem-brinquedos-o-que-nos-falam-as-criancas.pdf\">2019; LOPES, Jader Janer Moreira; MARTIN, Maria Renata Prado. <strong>Os espa\u00e7os do brincar em uma escola sem brinquedos o que nos falam as crian\u00e7as<\/strong><\/a><\/span><\/p>\n<p style=\"text-align: justify\"><span style=\"color: #000000;font-size: 14pt\"><a style=\"color: #000000\" href=\"https:\/\/www3.unicentro.br\/brinquedoteca\/wp-content\/uploads\/sites\/117\/2021\/07\/2019-MARQUES-Circe-Mara-FERNANDES-Susana-Beatriz-SILVA-Ezequiel-Theodoro-da.-O-brincar-nos-discursos-de-estudantes-de-Pedagogia-certezas-em-suspenso..pdf\">2019; MARQUES, Circe Mara; FERNANDES, Susana Beatriz; SILVA, Ezequiel Theodoro da. <strong>O brincar nos discursos de estudantes de Pedagogia certezas em suspenso<\/strong><\/a><\/span><\/p>\n<p style=\"text-align: justify\"><span style=\"color: #000000;font-size: 14pt\"><a style=\"color: #000000\" href=\"https:\/\/www3.unicentro.br\/brinquedoteca\/wp-content\/uploads\/sites\/117\/2021\/07\/2019-TIRIBA-Lea-PROFICEL-Christiana-Cabicieri.-Criancas-da-Natureza-vivencias-saberes-e-pertencimento..pdf\">2019; TIRIBA L\u00e9a, PROFICEL, Christiana Cabicieri.<strong> Crian\u00e7as da Natureza viv\u00eancias, saberes e pertencimento<\/strong><\/a><\/span><\/p>\n<p style=\"text-align: justify\"><span style=\"color: #000000;font-size: 14pt\"><a style=\"color: #000000\" href=\"https:\/\/www3.unicentro.br\/brinquedoteca\/wp-content\/uploads\/sites\/117\/2021\/07\/2020-NASCIMENTO-Anelise-SALUTTOIV-Nazareth-BARBOSA-Silvia-Neli-Falcao.-Entrevista-Precisamos-estar-preparados-para-brincar-muito-\u2013-Sonia-Kramer..pdf\">2020; NASCIMENTO, Anelise; SALUTTOIV, Nazareth; BARBOSA, Silvia Neli Falc\u00e3o. <strong>Entrevista \u201cPrecisamos estar preparados para brincar muito!\u201d \u2013 Sonia Kramer<\/strong><\/a><\/span><\/p>\n","protected":false},"excerpt":{"rendered":"<p>2006; GIRARDELLO, Gilka. Por que toda crian\u00e7a precisa brincar muito 2013; COUTO, Edvaldo Souza. A inf\u00e2ncia e o brincar na cultura digital 2016; MARCOLINO, Suzana; MELLO, Suely Amaral; FOLQUE, Maria Assun\u00e7\u00e3o. Brincar juntos na Escola da Inf\u00e2ncia 2018; DELORME, Maria In\u00eas de C. Experi\u00eancias criadoras na(s) inf\u00e2ncia(s) 2018; DOMINGUES, Camila Moutinho; NORONHA, V\u00e2nia. Crian\u00e7a sujeito [&hellip;]<\/p>\n","protected":false},"author":358,"featured_media":0,"parent":0,"menu_order":0,"comment_status":"closed","ping_status":"closed","template":"","meta":{"_exactmetrics_skip_tracking":false,"_exactmetrics_sitenote_active":false,"_exactmetrics_sitenote_note":"","_exactmetrics_sitenote_category":0,"footnotes":"","_links_to":"","_links_to_target":""},"class_list":["post-452","page","type-page","status-publish","hentry"],"_links":{"self":[{"href":"https:\/\/www3.unicentro.br\/brinquedoteca\/wp-json\/wp\/v2\/pages\/452","targetHints":{"allow":["GET"]}}],"collection":[{"href":"https:\/\/www3.unicentro.br\/brinquedoteca\/wp-json\/wp\/v2\/pages"}],"about":[{"href":"https:\/\/www3.unicentro.br\/brinquedoteca\/wp-json\/wp\/v2\/types\/page"}],"author":[{"embeddable":true,"href":"https:\/\/www3.unicentro.br\/brinquedoteca\/wp-json\/wp\/v2\/users\/358"}],"replies":[{"embeddable":true,"href":"https:\/\/www3.unicentro.br\/brinquedoteca\/wp-json\/wp\/v2\/comments?post=452"}],"version-history":[{"count":0,"href":"https:\/\/www3.unicentro.br\/brinquedoteca\/wp-json\/wp\/v2\/pages\/452\/revisions"}],"wp:attachment":[{"href":"https:\/\/www3.unicentro.br\/brinquedoteca\/wp-json\/wp\/v2\/media?parent=452"}],"curies":[{"name":"wp","href":"https:\/\/api.w.org\/{rel}","templated":true}]}}