{"id":433,"date":"2021-07-28T18:47:19","date_gmt":"2021-07-28T21:47:19","guid":{"rendered":"https:\/\/www3.unicentro.br\/brinquedoteca\/?page_id=433"},"modified":"2021-07-28T18:48:52","modified_gmt":"2021-07-28T21:48:52","slug":"representatividade-negra-na-infancia","status":"publish","type":"page","link":"https:\/\/www3.unicentro.br\/brinquedoteca\/publicacoes\/representatividade-negra-na-infancia\/","title":{"rendered":"Representatividade Negra na Inf\u00e2ncia"},"content":{"rendered":"<p><a href=\"https:\/\/www.instagram.com\/p\/CH1JHb8A9JY\/\"><img loading=\"lazy\" decoding=\"async\" class=\"wp-image-435 alignleft\" src=\"https:\/\/www3.unicentro.br\/brinquedoteca\/wp-content\/uploads\/sites\/117\/2021\/07\/Design-sem-nome.jpg\" alt=\"\" width=\"339\" height=\"603\" srcset=\"https:\/\/www3.unicentro.br\/brinquedoteca\/wp-content\/uploads\/sites\/117\/2021\/07\/Design-sem-nome.jpg 675w, https:\/\/www3.unicentro.br\/brinquedoteca\/wp-content\/uploads\/sites\/117\/2021\/07\/Design-sem-nome-255x453.jpg 255w\" sizes=\"auto, (max-width: 339px) 100vw, 339px\" \/><\/a><\/p>\n<p>&nbsp;<\/p>\n<p>&nbsp;<\/p>\n<p>&nbsp;<\/p>\n<p style=\"text-align: justify\"><span style=\"color: #000000;font-size: 14pt\">No dia 20 de Novembro comemora-se o Dia da Consci\u00eancia Negra, pensando nisso n\u00e3o poder\u00edamos deixar de representar os acad\u00eamicos negros aqui, por isso escutem com aten\u00e7\u00e3o o relato de como \u00e9 a inf\u00e2ncia de uma crian\u00e7a negra e a import\u00e2ncia da representatividade de pessoas iguais a ela para a vida adulta.<\/span><\/p>\n<p><span style=\"font-size: 14pt\"><span style=\"color: #000000\">Relato da hist\u00f3ria de vida da acad\u00eamica\u00a0<\/span><a class=\"notranslate\" href=\"https:\/\/www.instagram.com\/psicologaelianasutil\/\"><span style=\"color: #0000ff\">@psicologaelianasutil<\/span><\/a> <span style=\"color: #000000\">do curso de pedagogia dispon\u00edvel em:<\/span> <span style=\"color: #0000ff\">https:\/\/www.instagram.com\/p\/CH1JHb8A9JY\/<\/span><\/span><\/p>\n","protected":false},"excerpt":{"rendered":"<p>&nbsp; &nbsp; &nbsp; No dia 20 de Novembro comemora-se o Dia da Consci\u00eancia Negra, pensando nisso n\u00e3o poder\u00edamos deixar de representar os acad\u00eamicos negros aqui, por isso escutem com aten\u00e7\u00e3o o relato de como \u00e9 a inf\u00e2ncia de uma crian\u00e7a negra e a import\u00e2ncia da representatividade de pessoas iguais a ela para a vida adulta. [&hellip;]<\/p>\n","protected":false},"author":358,"featured_media":0,"parent":37,"menu_order":0,"comment_status":"closed","ping_status":"closed","template":"","meta":{"_exactmetrics_skip_tracking":false,"_exactmetrics_sitenote_active":false,"_exactmetrics_sitenote_note":"","_exactmetrics_sitenote_category":0,"footnotes":"","_links_to":"","_links_to_target":""},"class_list":["post-433","page","type-page","status-publish","hentry"],"_links":{"self":[{"href":"https:\/\/www3.unicentro.br\/brinquedoteca\/wp-json\/wp\/v2\/pages\/433","targetHints":{"allow":["GET"]}}],"collection":[{"href":"https:\/\/www3.unicentro.br\/brinquedoteca\/wp-json\/wp\/v2\/pages"}],"about":[{"href":"https:\/\/www3.unicentro.br\/brinquedoteca\/wp-json\/wp\/v2\/types\/page"}],"author":[{"embeddable":true,"href":"https:\/\/www3.unicentro.br\/brinquedoteca\/wp-json\/wp\/v2\/users\/358"}],"replies":[{"embeddable":true,"href":"https:\/\/www3.unicentro.br\/brinquedoteca\/wp-json\/wp\/v2\/comments?post=433"}],"version-history":[{"count":0,"href":"https:\/\/www3.unicentro.br\/brinquedoteca\/wp-json\/wp\/v2\/pages\/433\/revisions"}],"up":[{"embeddable":true,"href":"https:\/\/www3.unicentro.br\/brinquedoteca\/wp-json\/wp\/v2\/pages\/37"}],"wp:attachment":[{"href":"https:\/\/www3.unicentro.br\/brinquedoteca\/wp-json\/wp\/v2\/media?parent=433"}],"curies":[{"name":"wp","href":"https:\/\/api.w.org\/{rel}","templated":true}]}}