{"id":411,"date":"2021-07-28T17:33:00","date_gmt":"2021-07-28T20:33:00","guid":{"rendered":"https:\/\/www3.unicentro.br\/brinquedoteca\/?page_id=411"},"modified":"2021-07-28T18:37:23","modified_gmt":"2021-07-28T21:37:23","slug":"nas-quartas-usamos-rosa-e-contamos-historias","status":"publish","type":"page","link":"https:\/\/www3.unicentro.br\/brinquedoteca\/nas-quartas-usamos-rosa-e-contamos-historias\/","title":{"rendered":"Nas quartas usamos rosa e contamos hist\u00f3rias"},"content":{"rendered":"<p style=\"text-align: center\"><strong><span style=\"font-size: 18pt;color: #000000\">CONTA\u00c7\u00d5ES DISPON\u00cdVEIS<\/span><\/strong><\/p>\n<p>\u200b<\/p>\n<table style=\"border-collapse: collapse;width: 100%\">\n<tbody>\n<tr>\n<td style=\"width: 50%\"><span style=\"color: #000000\"><a style=\"color: #000000\" href=\"https:\/\/www.instagram.com\/p\/CG5IdT5gXvX\/\"><img loading=\"lazy\" decoding=\"async\" class=\"aligncenter wp-image-412\" src=\"https:\/\/www3.unicentro.br\/brinquedoteca\/wp-content\/uploads\/sites\/117\/2021\/07\/thumbsize.jpeg\" alt=\"\" width=\"206\" height=\"301\" srcset=\"https:\/\/www3.unicentro.br\/brinquedoteca\/wp-content\/uploads\/sites\/117\/2021\/07\/thumbsize.jpeg 300w, https:\/\/www3.unicentro.br\/brinquedoteca\/wp-content\/uploads\/sites\/117\/2021\/07\/thumbsize-255x371.jpeg 255w\" sizes=\"auto, (max-width: 206px) 100vw, 206px\" \/><\/a><\/span><\/p>\n<p style=\"text-align: center\"><span style=\"color: #000000\"><strong>Hist\u00f3ria Tibi e Joca \u2013 Uma Hist\u00f3ria de Dois Mundos (Bisol 2001)<\/strong><\/span><\/p>\n<p><span style=\"color: #000000\">A hist\u00f3ria conta com a participa\u00e7\u00e3o especial de um surdo, Tibiri\u00e7\u00e1 Maineri. No desenvolvimento da hist\u00f3ria, observamos que o personagem \u00e9 um menino surdo que nasceu em uma fam\u00edlia com pais ouvintes. Todos passaram por momentos dif\u00edceis at\u00e9 que come\u00e7am a usar a l\u00edngua de sinais.<\/span><\/p>\n<p><span style=\"color: #000000\">Conta\u00e7\u00e3o dispon\u00edvel em:<\/span><\/p>\n<p><span style=\"color: #0000ff\"><a style=\"color: #0000ff\" href=\"https:\/\/www.instagram.com\/p\/CG5IdT5gXvX\/\">https:\/\/www.instagram.com\/p\/CG5IdT5gXvX\/<\/a><\/span><\/td>\n<td style=\"width: 50%\"><span style=\"color: #000000\"><a style=\"color: #000000\" href=\"https:\/\/www.instagram.com\/p\/CHMEDYQAfRy\/\"><img loading=\"lazy\" decoding=\"async\" class=\"aligncenter wp-image-417 \" src=\"https:\/\/www3.unicentro.br\/brinquedoteca\/wp-content\/uploads\/sites\/117\/2021\/07\/24691665._UY630_SR1200630-e1627504700712.jpg\" alt=\"\" width=\"212\" height=\"270\" \/><\/a><\/span><\/p>\n<p style=\"text-align: center\"><span style=\"color: #000000\"><strong>Hist\u00f3ria \u2013 Cachinhos Dourados e os Tr\u00eas Ursos (Cl\u00e1ssicos, 2012)<\/strong><\/span><\/p>\n<p><span style=\"color: #000000\">A hist\u00f3ria conta com a participa\u00e7\u00e3o de Cachinhos Dourados que \u00e9 uma menina muito curiosa que resolve entrar numa casa na floresta.\u00a0Depois de descansar, comer e dormir, ela descobre que a casa pertence a uma fam\u00edlia de ursos!\u00a0O que ser\u00e1 que acontece depois?<\/span><\/p>\n<p><span style=\"color: #000000\">Conta\u00e7\u00e3o dispon\u00edvel em:<\/span><\/p>\n<p><span style=\"color: #0000ff\"><a style=\"color: #0000ff\" href=\"https:\/\/www.instagram.com\/p\/CHMEDYQAfRy\/\">https:\/\/www.instagram.com\/p\/CHMEDYQAfRy\/<\/a><\/span><\/td>\n<\/tr>\n<tr>\n<td style=\"width: 50%\"><span style=\"color: #000000\"><a style=\"color: #000000\" href=\"https:\/\/www.instagram.com\/p\/CHdhkZuAkX8\/\"><img loading=\"lazy\" decoding=\"async\" class=\"aligncenter wp-image-424\" src=\"https:\/\/www3.unicentro.br\/brinquedoteca\/wp-content\/uploads\/sites\/117\/2021\/07\/a_joaninha_que_perdeu_0.jpg\" alt=\"\" width=\"241\" height=\"262\" srcset=\"https:\/\/www3.unicentro.br\/brinquedoteca\/wp-content\/uploads\/sites\/117\/2021\/07\/a_joaninha_que_perdeu_0.jpg 754w, https:\/\/www3.unicentro.br\/brinquedoteca\/wp-content\/uploads\/sites\/117\/2021\/07\/a_joaninha_que_perdeu_0-255x277.jpg 255w\" sizes=\"auto, (max-width: 241px) 100vw, 241px\" \/><\/a><\/span><\/p>\n<p style=\"text-align: center\"><span style=\"color: #000000\"><strong>Hist\u00f3ria &#8211; A Joaninha Que Perdeu as Pintinhas (Paes, 2010)<\/strong><\/span><\/p>\n<p style=\"text-align: justify\"><span style=\"color: #000000\">Nessa hist\u00f3ria, a joaninha aventura-se na busca de suas pintinhas perdidas na esperan\u00e7a de reencontrar sua identidade, enfrentando a discrimina\u00e7\u00e3o. Tamb\u00e9m conta com a amizade e solidariedade de uma formiguinha muito especial.<\/span><\/p>\n<p><span style=\"color: #000000\">Conta\u00e7\u00e3o dispon\u00edvel em:<\/span><\/p>\n<p><span style=\"color: #0000ff\"><a style=\"color: #0000ff\" href=\"https:\/\/www.instagram.com\/p\/CHdhkZuAkX8\/\">https:\/\/www.instagram.com\/p\/CHdhkZuAkX8\/<\/a><\/span><\/td>\n<td style=\"width: 50%\">\n<p style=\"text-align: justify\"><span style=\"color: #0000ff\"><a style=\"color: #0000ff\" href=\"https:\/\/www.instagram.com\/p\/CIB2Pgsgbq2\/\"><img loading=\"lazy\" decoding=\"async\" class=\"wp-image-425\" src=\"https:\/\/www3.unicentro.br\/brinquedoteca\/wp-content\/uploads\/sites\/117\/2021\/07\/o-livro-dos-sentimentos.jpg\" alt=\"\" width=\"262\" height=\"262\" srcset=\"https:\/\/www3.unicentro.br\/brinquedoteca\/wp-content\/uploads\/sites\/117\/2021\/07\/o-livro-dos-sentimentos.jpg 1201w, https:\/\/www3.unicentro.br\/brinquedoteca\/wp-content\/uploads\/sites\/117\/2021\/07\/o-livro-dos-sentimentos-768x767.jpg 768w, https:\/\/www3.unicentro.br\/brinquedoteca\/wp-content\/uploads\/sites\/117\/2021\/07\/o-livro-dos-sentimentos-50x50.jpg 50w, https:\/\/www3.unicentro.br\/brinquedoteca\/wp-content\/uploads\/sites\/117\/2021\/07\/o-livro-dos-sentimentos-80x80.jpg 80w, https:\/\/www3.unicentro.br\/brinquedoteca\/wp-content\/uploads\/sites\/117\/2021\/07\/o-livro-dos-sentimentos-263x263.jpg 263w, https:\/\/www3.unicentro.br\/brinquedoteca\/wp-content\/uploads\/sites\/117\/2021\/07\/o-livro-dos-sentimentos-100x100.jpg 100w, https:\/\/www3.unicentro.br\/brinquedoteca\/wp-content\/uploads\/sites\/117\/2021\/07\/o-livro-dos-sentimentos-526x526.jpg 526w, https:\/\/www3.unicentro.br\/brinquedoteca\/wp-content\/uploads\/sites\/117\/2021\/07\/o-livro-dos-sentimentos-255x255.jpg 255w\" sizes=\"auto, (max-width: 262px) 100vw, 262px\" \/><\/a><\/span><\/p>\n<p style=\"text-align: center\"><span style=\"color: #000000\"><strong>Hist\u00f3ria &#8211; O Livro dos Sentimentos (Parr, 2000)<\/strong><\/span><\/p>\n<p style=\"text-align: justify\"><span style=\"color: #000000\">Nessa hist\u00f3ria vemos raiva, medo, ansiedade, alegria&#8230; sentimentos t\u00e3o contradit\u00f3rios e confusos para as crian\u00e7as. \u00c0s vezes n\u00e3o d\u00e1 vontade de inventar alguma coisa diferente, como&#8230; beijar um le\u00e3o-marinho? Todd Parr fala sobre os sentimentos e como devemos compartilhar todos eles com quem a gente ama.<\/span><\/p>\n<p><span style=\"color: #000000\">Conta\u00e7\u00e3o dispon\u00edvel em:<\/span><\/p>\n<p><span style=\"color: #0000ff\"><a style=\"color: #0000ff\" href=\"https:\/\/www.instagram.com\/p\/CIB2Pgsgbq2\/\">https:\/\/www.instagram.com\/p\/CIB2Pgsgbq2\/<\/a><\/span><\/td>\n<\/tr>\n<tr>\n<td style=\"width: 50%\"><span style=\"color: #000000\"><a style=\"color: #000000\" href=\"https:\/\/www.instagram.com\/p\/CIT2YT5gchA\/\"><img loading=\"lazy\" decoding=\"async\" class=\"aligncenter wp-image-427\" src=\"https:\/\/www3.unicentro.br\/brinquedoteca\/wp-content\/uploads\/sites\/117\/2021\/07\/Amarelo-Formas-Abstratas-Ludico-Citacao-de-Felicidade-Story-para-Instagram-e1627505659691.jpg\" alt=\"\" width=\"229\" height=\"256\" \/><\/a><\/span><\/p>\n<p style=\"text-align: center\"><span style=\"color: #000000\"><strong>Hist\u00f3ria- Ipy Rovai (Lenda Ind\u00edgena da Cidade de Turvo\/ PR)<\/strong><\/span><\/p>\n<p><span style=\"color: #000000\">Nessa hist\u00f3ria vemos a hist\u00f3ria de um casal onde ap\u00f3s o nascimento do seu filho o pai n\u00e3o segue as regras da aldeia e acaba por enfrentar o esp\u00edrito da mata, como ser\u00e1 que o pessoal da aldeia vai reagir com a desobedi\u00eancia dele?<\/span><\/p>\n<p><span style=\"color: #000000\">Conta\u00e7\u00e3o dispon\u00edvel em:<\/span><\/p>\n<p><a href=\"https:\/\/www.instagram.com\/p\/CIT2YT5gchA\/\"><span style=\"color: #0000ff\">https:\/\/www.instagram.com\/p\/CIT2YT5gchA\/<\/span><\/a><\/td>\n<td style=\"width: 50%\"><a href=\"https:\/\/youtu.be\/81A4-RXhRvY\"><img loading=\"lazy\" decoding=\"async\" class=\"aligncenter wp-image-428\" src=\"https:\/\/www3.unicentro.br\/brinquedoteca\/wp-content\/uploads\/sites\/117\/2021\/07\/download.jpeg\" alt=\"\" width=\"196\" height=\"270\" \/><\/a><\/p>\n<p style=\"text-align: center\"><span style=\"color: #000000\"><strong>Hist\u00f3ria &#8211; Quando tudo isso passar (Salles; Pontes, 2020)<\/strong><\/span><\/p>\n<p><span style=\"color: #000000\">A hist\u00f3ria traz uma mensagem de esperan\u00e7a para o futuro.<\/span><\/p>\n<p><span style=\"color: #000000\">Conta\u00e7\u00e3o dispon\u00edvel em:<\/span><\/p>\n<p><a href=\"https:\/\/youtu.be\/81A4-RXhRvY\"><span style=\"color: #0000ff\">https:\/\/youtu.be\/81A4-RXhRvY<\/span><\/a><\/p>\n<p>&nbsp;<\/td>\n<\/tr>\n<\/tbody>\n<\/table>\n","protected":false},"excerpt":{"rendered":"<p>CONTA\u00c7\u00d5ES DISPON\u00cdVEIS \u200b Hist\u00f3ria Tibi e Joca \u2013 Uma Hist\u00f3ria de Dois Mundos (Bisol 2001) A hist\u00f3ria conta com a participa\u00e7\u00e3o especial de um surdo, Tibiri\u00e7\u00e1 Maineri. No desenvolvimento da hist\u00f3ria, observamos que o personagem \u00e9 um menino surdo que nasceu em uma fam\u00edlia com pais ouvintes. Todos passaram por momentos dif\u00edceis at\u00e9 que come\u00e7am [&hellip;]<\/p>\n","protected":false},"author":358,"featured_media":0,"parent":0,"menu_order":0,"comment_status":"closed","ping_status":"closed","template":"","meta":{"_exactmetrics_skip_tracking":false,"_exactmetrics_sitenote_active":false,"_exactmetrics_sitenote_note":"","_exactmetrics_sitenote_category":0,"footnotes":"","_links_to":"","_links_to_target":""},"class_list":["post-411","page","type-page","status-publish","hentry"],"_links":{"self":[{"href":"https:\/\/www3.unicentro.br\/brinquedoteca\/wp-json\/wp\/v2\/pages\/411","targetHints":{"allow":["GET"]}}],"collection":[{"href":"https:\/\/www3.unicentro.br\/brinquedoteca\/wp-json\/wp\/v2\/pages"}],"about":[{"href":"https:\/\/www3.unicentro.br\/brinquedoteca\/wp-json\/wp\/v2\/types\/page"}],"author":[{"embeddable":true,"href":"https:\/\/www3.unicentro.br\/brinquedoteca\/wp-json\/wp\/v2\/users\/358"}],"replies":[{"embeddable":true,"href":"https:\/\/www3.unicentro.br\/brinquedoteca\/wp-json\/wp\/v2\/comments?post=411"}],"version-history":[{"count":0,"href":"https:\/\/www3.unicentro.br\/brinquedoteca\/wp-json\/wp\/v2\/pages\/411\/revisions"}],"wp:attachment":[{"href":"https:\/\/www3.unicentro.br\/brinquedoteca\/wp-json\/wp\/v2\/media?parent=411"}],"curies":[{"name":"wp","href":"https:\/\/api.w.org\/{rel}","templated":true}]}}