{"id":370,"date":"2021-07-28T15:22:53","date_gmt":"2021-07-28T18:22:53","guid":{"rendered":"https:\/\/www3.unicentro.br\/brinquedoteca\/?page_id=370"},"modified":"2021-07-29T15:39:19","modified_gmt":"2021-07-29T18:39:19","slug":"literatura-nordestina","status":"publish","type":"page","link":"https:\/\/www3.unicentro.br\/brinquedoteca\/publicacoes\/infancia-nordestina\/literatura-nordestina\/","title":{"rendered":"Literatura Nordestina"},"content":{"rendered":"<p style=\"text-align: justify\"><img loading=\"lazy\" decoding=\"async\" class=\"wp-image-363\" src=\"https:\/\/www3.unicentro.br\/brinquedoteca\/wp-content\/uploads\/sites\/117\/2021\/07\/WhatsApp-Image-2021-07-05-at-20.49.12.jpeg\" alt=\"\" width=\"298\" height=\"298\" srcset=\"https:\/\/www3.unicentro.br\/brinquedoteca\/wp-content\/uploads\/sites\/117\/2021\/07\/WhatsApp-Image-2021-07-05-at-20.49.12.jpeg 1080w, https:\/\/www3.unicentro.br\/brinquedoteca\/wp-content\/uploads\/sites\/117\/2021\/07\/WhatsApp-Image-2021-07-05-at-20.49.12-768x768.jpeg 768w, https:\/\/www3.unicentro.br\/brinquedoteca\/wp-content\/uploads\/sites\/117\/2021\/07\/WhatsApp-Image-2021-07-05-at-20.49.12-50x50.jpeg 50w, https:\/\/www3.unicentro.br\/brinquedoteca\/wp-content\/uploads\/sites\/117\/2021\/07\/WhatsApp-Image-2021-07-05-at-20.49.12-80x80.jpeg 80w, https:\/\/www3.unicentro.br\/brinquedoteca\/wp-content\/uploads\/sites\/117\/2021\/07\/WhatsApp-Image-2021-07-05-at-20.49.12-263x263.jpeg 263w, https:\/\/www3.unicentro.br\/brinquedoteca\/wp-content\/uploads\/sites\/117\/2021\/07\/WhatsApp-Image-2021-07-05-at-20.49.12-100x100.jpeg 100w, https:\/\/www3.unicentro.br\/brinquedoteca\/wp-content\/uploads\/sites\/117\/2021\/07\/WhatsApp-Image-2021-07-05-at-20.49.12-526x526.jpeg 526w, https:\/\/www3.unicentro.br\/brinquedoteca\/wp-content\/uploads\/sites\/117\/2021\/07\/WhatsApp-Image-2021-07-05-at-20.49.12-255x255.jpeg 255w\" sizes=\"auto, (max-width: 298px) 100vw, 298px\" \/><\/p>\n<p style=\"text-align: justify\"><span style=\"font-size: 14pt;color: #000000\"><strong>Literatura Nordestina<\/strong><\/span><\/p>\n<p style=\"text-align: justify\"><span style=\"font-size: 14pt;color: #000000\">A regi\u00e3o nordestina \u00e9 conhecida internacionalmente pela literatura em geral, principalmente pelos cord\u00e9is, a literatura nordestina come\u00e7ou a ganhar identidade no s\u00e9culo XVII atrav\u00e9s da linguagem barroca. Na escrita est\u00e3o expressas a fic\u00e7\u00e3o regionalista do Nordeste brasileiro, retrata as dificuldades da regi\u00e3o como a seca, caracter\u00edsticas da popula\u00e7\u00e3o como a for\u00e7a e persist\u00eancia tomam grande visibilidade. N\u00e3o podemos deixar de observar que apesar dos obst\u00e1culos enfrentados sua marca colorida e alegre n\u00e3o deixa de se fazer presente em todas as manifesta\u00e7\u00f5es culturais. Vamos contemplar a linda diversidade cultural brasileira e conhecer um pouquinho de seus tra\u00e7os liter\u00e1rios?<\/span><\/p>\n<p style=\"text-align: justify\"><span style=\"font-size: 14pt;color: #000000\">Alguns escritores que marcaram a hist\u00f3ria liter\u00e1ria do Nordeste:<\/span><br \/>\n<span style=\"font-size: 14pt;color: #000000\">Ariano Suassuna-Parahyba do Norte<\/span><br \/>\n<span style=\"font-size: 14pt;color: #000000\">Jorge Amado \u2013 Bahia<\/span><br \/>\n<span style=\"font-size: 14pt;color: #000000\">Tobias Barreto \u2013 Sergipe<\/span><br \/>\n<span style=\"font-size: 14pt;color: #000000\">L\u00eado Ivo \u2013 Alagoas<\/span><br \/>\n<span style=\"font-size: 14pt;color: #000000\">Jo\u00e3o Cabral de Melo Neto \u2013 Pernambuco<\/span><br \/>\n<span style=\"font-size: 14pt;color: #000000\">Augusto dos Anjos \u2013 Para\u00edba<\/span><br \/>\n<span style=\"font-size: 14pt;color: #000000\">N\u00edsia Floresta \u2013 Rio Grande do Norte<\/span><br \/>\n<span style=\"font-size: 14pt;color: #000000\">Rachel de Queiroz \u2013 Cear\u00e1<\/span><\/p>\n<p>&nbsp;<\/p>\n<p><img loading=\"lazy\" decoding=\"async\" class=\"wp-image-374 alignnone alignleft\" src=\"https:\/\/www3.unicentro.br\/brinquedoteca\/wp-content\/uploads\/sites\/117\/2021\/07\/WhatsApp-Image-2021-07-16-at-10.43.43.jpeg\" alt=\"\" width=\"300\" height=\"300\" srcset=\"https:\/\/www3.unicentro.br\/brinquedoteca\/wp-content\/uploads\/sites\/117\/2021\/07\/WhatsApp-Image-2021-07-16-at-10.43.43.jpeg 1080w, https:\/\/www3.unicentro.br\/brinquedoteca\/wp-content\/uploads\/sites\/117\/2021\/07\/WhatsApp-Image-2021-07-16-at-10.43.43-768x768.jpeg 768w, https:\/\/www3.unicentro.br\/brinquedoteca\/wp-content\/uploads\/sites\/117\/2021\/07\/WhatsApp-Image-2021-07-16-at-10.43.43-50x50.jpeg 50w, https:\/\/www3.unicentro.br\/brinquedoteca\/wp-content\/uploads\/sites\/117\/2021\/07\/WhatsApp-Image-2021-07-16-at-10.43.43-80x80.jpeg 80w, https:\/\/www3.unicentro.br\/brinquedoteca\/wp-content\/uploads\/sites\/117\/2021\/07\/WhatsApp-Image-2021-07-16-at-10.43.43-263x263.jpeg 263w, https:\/\/www3.unicentro.br\/brinquedoteca\/wp-content\/uploads\/sites\/117\/2021\/07\/WhatsApp-Image-2021-07-16-at-10.43.43-100x100.jpeg 100w, https:\/\/www3.unicentro.br\/brinquedoteca\/wp-content\/uploads\/sites\/117\/2021\/07\/WhatsApp-Image-2021-07-16-at-10.43.43-526x526.jpeg 526w, https:\/\/www3.unicentro.br\/brinquedoteca\/wp-content\/uploads\/sites\/117\/2021\/07\/WhatsApp-Image-2021-07-16-at-10.43.43-255x255.jpeg 255w\" sizes=\"auto, (max-width: 300px) 100vw, 300px\" \/><\/p>\n<p>&nbsp;<\/p>\n<p>&nbsp;<\/p>\n<p style=\"text-align: justify\"><span style=\"font-size: 14pt;color: #000000\">Para mergulharmos ainda mais na cultura nordestina trazemos como sugest\u00e3o de leitura\u00a0 a cl\u00e1ssica literatura de cordel \u201cA pedra do meio dia ou Arthur e Isadora\u201d de Braulio Tavares que consta em nosso acervo para empr\u00e9stimo.<\/span><\/p>\n<p>&nbsp;<\/p>\n<p>&nbsp;<\/p>\n<p>&nbsp;<\/p>\n<p>&nbsp;<\/p>\n<p><a href=\"https:\/\/www3.unicentro.br\/brinquedoteca\/wp-content\/uploads\/sites\/117\/2021\/07\/A-vida-de-Pedro-Cem.pdf\"><span style=\"font-size: 14pt;color: #000000\"><img loading=\"lazy\" decoding=\"async\" class=\" wp-image-478 alignleft\" src=\"https:\/\/www3.unicentro.br\/brinquedoteca\/wp-content\/uploads\/sites\/117\/2021\/07\/unnamed.png\" alt=\"\" width=\"210\" height=\"311\" \/><\/span><\/a><\/p>\n<p>&nbsp;<\/p>\n<p>&nbsp;<\/p>\n<p style=\"text-align: left\"><span style=\"font-size: 14pt;color: #000000\">Tamb\u00e9m disponibilizamos o PDF do cordel\u00a0\u00a0<a style=\"color: #000000\" href=\"https:\/\/www3.unicentro.br\/brinquedoteca\/wp-content\/uploads\/sites\/117\/2021\/07\/A-vida-de-Pedro-Cem.pdf\">\u201cA vida de Pedro Cem &#8220;<\/a> de Jo\u00e3o Martins de Athayde.<\/span><\/p>\n<p>&nbsp;<\/p>\n<p>&nbsp;<\/p>\n<p>&nbsp;<\/p>\n<p>&nbsp;<\/p>\n<p>&nbsp;<\/p>\n<p>&nbsp;<\/p>\n<p><span style=\"font-size: 14pt;color: #000000\"><img loading=\"lazy\" decoding=\"async\" class=\"wp-image-477 alignleft\" src=\"https:\/\/www3.unicentro.br\/brinquedoteca\/wp-content\/uploads\/sites\/117\/2021\/07\/WhatsApp-Image-2021-07-28-at-19.47.33.jpeg\" alt=\"\" width=\"356\" height=\"607\" srcset=\"https:\/\/www3.unicentro.br\/brinquedoteca\/wp-content\/uploads\/sites\/117\/2021\/07\/WhatsApp-Image-2021-07-28-at-19.47.33.jpeg 700w, https:\/\/www3.unicentro.br\/brinquedoteca\/wp-content\/uploads\/sites\/117\/2021\/07\/WhatsApp-Image-2021-07-28-at-19.47.33-255x435.jpeg 255w\" sizes=\"auto, (max-width: 356px) 100vw, 356px\" \/><\/span><\/p>\n<p>&nbsp;<\/p>\n<p style=\"text-align: justify\"><span style=\"font-size: 14pt;color: #000000\"><img loading=\"lazy\" decoding=\"async\" class=\"wp-image-476 aligncenter\" src=\"https:\/\/www3.unicentro.br\/brinquedoteca\/wp-content\/uploads\/sites\/117\/2021\/07\/WhatsApp-Image-2021-07-28-at-19.47.33-1.jpeg\" alt=\"\" width=\"356\" height=\"503\" srcset=\"https:\/\/www3.unicentro.br\/brinquedoteca\/wp-content\/uploads\/sites\/117\/2021\/07\/WhatsApp-Image-2021-07-28-at-19.47.33-1.jpeg 724w, https:\/\/www3.unicentro.br\/brinquedoteca\/wp-content\/uploads\/sites\/117\/2021\/07\/WhatsApp-Image-2021-07-28-at-19.47.33-1-255x361.jpeg 255w\" sizes=\"auto, (max-width: 356px) 100vw, 356px\" \/><\/span><\/p>\n<p>&nbsp;<\/p>\n<p>&nbsp;<\/p>\n<p style=\"text-align: justify\"><span style=\"font-size: 14pt;color: #000000\">O que melhor que umas receitas &#8220;de lamber os dedos&#8221; para se aprofundar ainda mais na cultura nordestina? A culin\u00e1ria \u00e9 um grande destaque dentro dessa cultura, n\u00e3o poderia passar sem ao menos ser citada neste m\u00eas aqui no perfil. Como estamos explorando a encantadora literatura do nordeste brasileiro, trouxemos algumas receitas em cordel. Voc\u00ea pode se divertir fazendo e o melhor se deliciar com elas!<\/span><br \/>\n<span style=\"font-size: 14pt;color: #000000\">Sugest\u00e3o de um encantador cordel em receitas: https:\/\/issuu.com\/cimsal\/docs\/cordel_de_receitas<\/span><\/p>\n","protected":false},"excerpt":{"rendered":"<p>Literatura Nordestina A regi\u00e3o nordestina \u00e9 conhecida internacionalmente pela literatura em geral, principalmente pelos cord\u00e9is, a literatura nordestina come\u00e7ou a ganhar identidade no s\u00e9culo XVII atrav\u00e9s da linguagem barroca. Na escrita est\u00e3o expressas a fic\u00e7\u00e3o regionalista do Nordeste brasileiro, retrata as dificuldades da regi\u00e3o como a seca, caracter\u00edsticas da popula\u00e7\u00e3o como a for\u00e7a e persist\u00eancia [&hellip;]<\/p>\n","protected":false},"author":358,"featured_media":0,"parent":393,"menu_order":0,"comment_status":"closed","ping_status":"closed","template":"","meta":{"_exactmetrics_skip_tracking":false,"_exactmetrics_sitenote_active":false,"_exactmetrics_sitenote_note":"","_exactmetrics_sitenote_category":0,"footnotes":"","_links_to":"","_links_to_target":""},"class_list":["post-370","page","type-page","status-publish","hentry"],"_links":{"self":[{"href":"https:\/\/www3.unicentro.br\/brinquedoteca\/wp-json\/wp\/v2\/pages\/370","targetHints":{"allow":["GET"]}}],"collection":[{"href":"https:\/\/www3.unicentro.br\/brinquedoteca\/wp-json\/wp\/v2\/pages"}],"about":[{"href":"https:\/\/www3.unicentro.br\/brinquedoteca\/wp-json\/wp\/v2\/types\/page"}],"author":[{"embeddable":true,"href":"https:\/\/www3.unicentro.br\/brinquedoteca\/wp-json\/wp\/v2\/users\/358"}],"replies":[{"embeddable":true,"href":"https:\/\/www3.unicentro.br\/brinquedoteca\/wp-json\/wp\/v2\/comments?post=370"}],"version-history":[{"count":0,"href":"https:\/\/www3.unicentro.br\/brinquedoteca\/wp-json\/wp\/v2\/pages\/370\/revisions"}],"up":[{"embeddable":true,"href":"https:\/\/www3.unicentro.br\/brinquedoteca\/wp-json\/wp\/v2\/pages\/393"}],"wp:attachment":[{"href":"https:\/\/www3.unicentro.br\/brinquedoteca\/wp-json\/wp\/v2\/media?parent=370"}],"curies":[{"name":"wp","href":"https:\/\/api.w.org\/{rel}","templated":true}]}}