{"id":358,"date":"2021-07-05T21:58:50","date_gmt":"2021-07-06T00:58:50","guid":{"rendered":"https:\/\/www3.unicentro.br\/brinquedoteca\/?page_id=358"},"modified":"2021-07-28T17:24:23","modified_gmt":"2021-07-28T20:24:23","slug":"brincadeiras-nordestinas","status":"publish","type":"page","link":"https:\/\/www3.unicentro.br\/brinquedoteca\/publicacoes\/infancia-nordestina\/brincadeiras-nordestinas\/","title":{"rendered":"Brincadeiras Nordestinas"},"content":{"rendered":"<p><img loading=\"lazy\" decoding=\"async\" class=\"wp-image-343 aligncenter\" src=\"https:\/\/www3.unicentro.br\/brinquedoteca\/wp-content\/uploads\/sites\/117\/2021\/07\/WhatsApp-Image-2021-07-02-at-09.33.25.jpeg\" alt=\"\" width=\"275\" height=\"275\" srcset=\"https:\/\/www3.unicentro.br\/brinquedoteca\/wp-content\/uploads\/sites\/117\/2021\/07\/WhatsApp-Image-2021-07-02-at-09.33.25.jpeg 1080w, https:\/\/www3.unicentro.br\/brinquedoteca\/wp-content\/uploads\/sites\/117\/2021\/07\/WhatsApp-Image-2021-07-02-at-09.33.25-768x768.jpeg 768w, https:\/\/www3.unicentro.br\/brinquedoteca\/wp-content\/uploads\/sites\/117\/2021\/07\/WhatsApp-Image-2021-07-02-at-09.33.25-50x50.jpeg 50w, https:\/\/www3.unicentro.br\/brinquedoteca\/wp-content\/uploads\/sites\/117\/2021\/07\/WhatsApp-Image-2021-07-02-at-09.33.25-80x80.jpeg 80w, https:\/\/www3.unicentro.br\/brinquedoteca\/wp-content\/uploads\/sites\/117\/2021\/07\/WhatsApp-Image-2021-07-02-at-09.33.25-263x263.jpeg 263w, https:\/\/www3.unicentro.br\/brinquedoteca\/wp-content\/uploads\/sites\/117\/2021\/07\/WhatsApp-Image-2021-07-02-at-09.33.25-100x100.jpeg 100w, https:\/\/www3.unicentro.br\/brinquedoteca\/wp-content\/uploads\/sites\/117\/2021\/07\/WhatsApp-Image-2021-07-02-at-09.33.25-526x526.jpeg 526w, https:\/\/www3.unicentro.br\/brinquedoteca\/wp-content\/uploads\/sites\/117\/2021\/07\/WhatsApp-Image-2021-07-02-at-09.33.25-255x255.jpeg 255w\" sizes=\"auto, (max-width: 275px) 100vw, 275px\" \/><\/p>\n<p style=\"text-align: center\"><strong><span style=\"font-size: 14pt;color: #000000\">Brincadeiras Nordestinas<\/span><\/strong><\/p>\n<p style=\"text-align: justify\"><span style=\"color: #000000;font-size: 14pt\">Quando se fala em brincadeiras regionais pensamos logo naquela que \u00e9 comum em nossa regi\u00e3o com determinadas regras e jeitos, mas mesmo tendo o mesmo nome algumas s\u00e3o totalmente diferentes, ao lado do nome da brincadeira, tem o local de onde ela surgiu, como ela se desenvolveu e quais interfer\u00eancias teve sobre suas regras e estrat\u00e9gias. Evidenciado a cultura e a hist\u00f3ria nordestina trouxemos algumas brincadeiras que s\u00e3o achadas facilmente nessa regi\u00e3o ser\u00e1 que voc\u00eas conhecem alguma?<\/span><\/p>\n<p><a href=\"https:\/\/www3.unicentro.br\/brinquedoteca\/wp-content\/uploads\/sites\/117\/2021\/07\/WhatsApp-Image-2021-07-02-at-09.33.49.jpeg\"><img loading=\"lazy\" decoding=\"async\" class=\"aligncenter wp-image-352\" src=\"https:\/\/www3.unicentro.br\/brinquedoteca\/wp-content\/uploads\/sites\/117\/2021\/07\/WhatsApp-Image-2021-07-02-at-09.33.49.jpeg\" alt=\"\" width=\"275\" height=\"275\" srcset=\"https:\/\/www3.unicentro.br\/brinquedoteca\/wp-content\/uploads\/sites\/117\/2021\/07\/WhatsApp-Image-2021-07-02-at-09.33.49.jpeg 1080w, https:\/\/www3.unicentro.br\/brinquedoteca\/wp-content\/uploads\/sites\/117\/2021\/07\/WhatsApp-Image-2021-07-02-at-09.33.49-768x768.jpeg 768w, https:\/\/www3.unicentro.br\/brinquedoteca\/wp-content\/uploads\/sites\/117\/2021\/07\/WhatsApp-Image-2021-07-02-at-09.33.49-50x50.jpeg 50w, https:\/\/www3.unicentro.br\/brinquedoteca\/wp-content\/uploads\/sites\/117\/2021\/07\/WhatsApp-Image-2021-07-02-at-09.33.49-80x80.jpeg 80w, https:\/\/www3.unicentro.br\/brinquedoteca\/wp-content\/uploads\/sites\/117\/2021\/07\/WhatsApp-Image-2021-07-02-at-09.33.49-263x263.jpeg 263w, https:\/\/www3.unicentro.br\/brinquedoteca\/wp-content\/uploads\/sites\/117\/2021\/07\/WhatsApp-Image-2021-07-02-at-09.33.49-100x100.jpeg 100w, https:\/\/www3.unicentro.br\/brinquedoteca\/wp-content\/uploads\/sites\/117\/2021\/07\/WhatsApp-Image-2021-07-02-at-09.33.49-526x526.jpeg 526w, https:\/\/www3.unicentro.br\/brinquedoteca\/wp-content\/uploads\/sites\/117\/2021\/07\/WhatsApp-Image-2021-07-02-at-09.33.49-255x255.jpeg 255w\" sizes=\"auto, (max-width: 275px) 100vw, 275px\" \/><\/a><\/p>\n<p style=\"text-align: center\"><span style=\"font-size: 14pt\"><strong><span style=\"color: #000000\">Brincadeira: Sete Pecados<\/span><\/strong><\/span><\/p>\n<p style=\"text-align: justify\"><span style=\"color: #000000;font-size: 14pt\">A origem dessa brincadeira \u00e9 de Jaboat\u00e3o dos Guarap\u00e9s em Pernambuco. Na brincadeira de sete pecados v\u00e1rias crian\u00e7as se reuniam e uma delas era encarregada de jogar a bola para o alto e, ao mesmo tempo, falar o nome de algu\u00e9m da turma. A pessoa que fosse chamada tinha que ficar e apanhar a bola, enquanto todos os outros deveriam correr para o mais longe que conseguissem. Assim que o participante escolhido pegasse a bola ele deveria gritar para que os outros parassem de correr e todos deveriam ficar parados onde estavam. Quem estava com a bola na m\u00e3o dava sete passos e tentava acertar com a bola quem estivesse mais perto.<\/span><\/p>\n<p><a href=\"https:\/\/www3.unicentro.br\/brinquedoteca\/wp-content\/uploads\/sites\/117\/2021\/07\/WhatsApp-Image-2021-07-02-at-09.34.46.jpeg\"><img loading=\"lazy\" decoding=\"async\" class=\"aligncenter wp-image-353\" src=\"https:\/\/www3.unicentro.br\/brinquedoteca\/wp-content\/uploads\/sites\/117\/2021\/07\/WhatsApp-Image-2021-07-02-at-09.34.46.jpeg\" alt=\"\" width=\"275\" height=\"275\" srcset=\"https:\/\/www3.unicentro.br\/brinquedoteca\/wp-content\/uploads\/sites\/117\/2021\/07\/WhatsApp-Image-2021-07-02-at-09.34.46.jpeg 1080w, https:\/\/www3.unicentro.br\/brinquedoteca\/wp-content\/uploads\/sites\/117\/2021\/07\/WhatsApp-Image-2021-07-02-at-09.34.46-768x768.jpeg 768w, https:\/\/www3.unicentro.br\/brinquedoteca\/wp-content\/uploads\/sites\/117\/2021\/07\/WhatsApp-Image-2021-07-02-at-09.34.46-50x50.jpeg 50w, https:\/\/www3.unicentro.br\/brinquedoteca\/wp-content\/uploads\/sites\/117\/2021\/07\/WhatsApp-Image-2021-07-02-at-09.34.46-80x80.jpeg 80w, https:\/\/www3.unicentro.br\/brinquedoteca\/wp-content\/uploads\/sites\/117\/2021\/07\/WhatsApp-Image-2021-07-02-at-09.34.46-263x263.jpeg 263w, https:\/\/www3.unicentro.br\/brinquedoteca\/wp-content\/uploads\/sites\/117\/2021\/07\/WhatsApp-Image-2021-07-02-at-09.34.46-100x100.jpeg 100w, https:\/\/www3.unicentro.br\/brinquedoteca\/wp-content\/uploads\/sites\/117\/2021\/07\/WhatsApp-Image-2021-07-02-at-09.34.46-526x526.jpeg 526w, https:\/\/www3.unicentro.br\/brinquedoteca\/wp-content\/uploads\/sites\/117\/2021\/07\/WhatsApp-Image-2021-07-02-at-09.34.46-255x255.jpeg 255w\" sizes=\"auto, (max-width: 275px) 100vw, 275px\" \/><\/a><\/p>\n<p style=\"text-align: center\"><strong><span style=\"color: #000000;font-size: 14pt\">Brincadeira: Trancelim<\/span><\/strong><\/p>\n<p style=\"text-align: center\"><span style=\"color: #000000;font-size: 14pt\">Tamb\u00e9m conhecido como &#8220;Pula El\u00e1stico&#8221; \u00e9 uma brincadeira onde duas crian\u00e7as esticam o el\u00e1stico uma de frente para a outra, passando-o por tr\u00e1s das pernas para que uma terceira crian\u00e7a pule no ret\u00e2ngulo formado por ele fazendo movimentos onde se prende, solta ou puxa o el\u00e1stico, conforme regras predeterminadas.<\/span><\/p>\n<p><a href=\"https:\/\/www3.unicentro.br\/brinquedoteca\/wp-content\/uploads\/sites\/117\/2021\/07\/WhatsApp-Image-2021-07-02-at-09.35.18.jpeg\"><img loading=\"lazy\" decoding=\"async\" class=\"aligncenter wp-image-354\" src=\"https:\/\/www3.unicentro.br\/brinquedoteca\/wp-content\/uploads\/sites\/117\/2021\/07\/WhatsApp-Image-2021-07-02-at-09.35.18.jpeg\" alt=\"\" width=\"275\" height=\"275\" srcset=\"https:\/\/www3.unicentro.br\/brinquedoteca\/wp-content\/uploads\/sites\/117\/2021\/07\/WhatsApp-Image-2021-07-02-at-09.35.18.jpeg 1080w, https:\/\/www3.unicentro.br\/brinquedoteca\/wp-content\/uploads\/sites\/117\/2021\/07\/WhatsApp-Image-2021-07-02-at-09.35.18-768x768.jpeg 768w, https:\/\/www3.unicentro.br\/brinquedoteca\/wp-content\/uploads\/sites\/117\/2021\/07\/WhatsApp-Image-2021-07-02-at-09.35.18-50x50.jpeg 50w, https:\/\/www3.unicentro.br\/brinquedoteca\/wp-content\/uploads\/sites\/117\/2021\/07\/WhatsApp-Image-2021-07-02-at-09.35.18-80x80.jpeg 80w, https:\/\/www3.unicentro.br\/brinquedoteca\/wp-content\/uploads\/sites\/117\/2021\/07\/WhatsApp-Image-2021-07-02-at-09.35.18-263x263.jpeg 263w, https:\/\/www3.unicentro.br\/brinquedoteca\/wp-content\/uploads\/sites\/117\/2021\/07\/WhatsApp-Image-2021-07-02-at-09.35.18-100x100.jpeg 100w, https:\/\/www3.unicentro.br\/brinquedoteca\/wp-content\/uploads\/sites\/117\/2021\/07\/WhatsApp-Image-2021-07-02-at-09.35.18-526x526.jpeg 526w, https:\/\/www3.unicentro.br\/brinquedoteca\/wp-content\/uploads\/sites\/117\/2021\/07\/WhatsApp-Image-2021-07-02-at-09.35.18-255x255.jpeg 255w\" sizes=\"auto, (max-width: 275px) 100vw, 275px\" \/><\/a><\/p>\n<p style=\"text-align: center\"><strong><span style=\"color: #000000;font-size: 14pt\">Brincadeira: Boca de Forno<\/span><\/strong><\/p>\n<p style=\"text-align: justify\"><span style=\"color: #000000;font-size: 14pt\">A brincadeira de \u2018Boca de forno\u2019 estimula a agilidade, a velocidade, a capacidade motora. Essa brincadeira \u00e9 recomendada para crian\u00e7as a partir dos 6 anos de idade e a quantidade deve ser acima de 5 para a brincadeira ficar mais animada. <\/span><br \/>\n<span style=\"color: #000000;font-size: 14pt\">A brincadeira \u00e9 cantada em verso. O grupo escolhe quem ser\u00e1 o mestre, respons\u00e1vel por propor os desafios para o grupo. A ordem pode ser encontrar um objeto de uma cor espec\u00edfica ou mesmo dar uma volta completa no quarteir\u00e3o. O \u00faltimo a cumprir a prova leva um castigo. A turma decide a quantidade e a intensidade dos &#8220;bolos&#8221;, que pode ser de pai, m\u00e3e, filho ou anjo &#8211; do mais forte ao mais fraco.<\/span><\/p>\n<p style=\"text-align: center\"><span style=\"color: #000000;font-size: 14pt\">Di\u00e1logo: <\/span><br \/>\n<span style=\"color: #000000;font-size: 14pt\">MESTRE &#8211; Boca de Forno.<\/span><br \/>\n<span style=\"color: #000000;font-size: 14pt\">CRIAN\u00c7AS &#8211; Forno!<\/span><br \/>\n<span style=\"color: #000000;font-size: 14pt\">MESTRE &#8211; Jacarand\u00e1.<\/span><br \/>\n<span style=\"color: #000000;font-size: 14pt\">CRIAN\u00c7AS &#8211; J\u00e1!<\/span><br \/>\n<span style=\"color: #000000;font-size: 14pt\">MESTRE &#8211; Quando eu mandar.<\/span><br \/>\n<span style=\"color: #000000;font-size: 14pt\">CRIAN\u00c7AS &#8211; Vou!<\/span><br \/>\n<span style=\"color: #000000;font-size: 14pt\">MESTRE &#8211; E se n\u00e3o for?<\/span><br \/>\n<span style=\"color: #000000;font-size: 14pt\">CRIAN\u00c7AS &#8211; Apanha!<\/span><\/p>\n","protected":false},"excerpt":{"rendered":"<p>Brincadeiras Nordestinas Quando se fala em brincadeiras regionais pensamos logo naquela que \u00e9 comum em nossa regi\u00e3o com determinadas regras e jeitos, mas mesmo tendo o mesmo nome algumas s\u00e3o totalmente diferentes, ao lado do nome da brincadeira, tem o local de onde ela surgiu, como ela se desenvolveu e quais interfer\u00eancias teve sobre suas [&hellip;]<\/p>\n","protected":false},"author":358,"featured_media":0,"parent":393,"menu_order":0,"comment_status":"closed","ping_status":"closed","template":"","meta":{"_exactmetrics_skip_tracking":false,"_exactmetrics_sitenote_active":false,"_exactmetrics_sitenote_note":"","_exactmetrics_sitenote_category":0,"footnotes":"","_links_to":"","_links_to_target":""},"class_list":["post-358","page","type-page","status-publish","hentry"],"_links":{"self":[{"href":"https:\/\/www3.unicentro.br\/brinquedoteca\/wp-json\/wp\/v2\/pages\/358","targetHints":{"allow":["GET"]}}],"collection":[{"href":"https:\/\/www3.unicentro.br\/brinquedoteca\/wp-json\/wp\/v2\/pages"}],"about":[{"href":"https:\/\/www3.unicentro.br\/brinquedoteca\/wp-json\/wp\/v2\/types\/page"}],"author":[{"embeddable":true,"href":"https:\/\/www3.unicentro.br\/brinquedoteca\/wp-json\/wp\/v2\/users\/358"}],"replies":[{"embeddable":true,"href":"https:\/\/www3.unicentro.br\/brinquedoteca\/wp-json\/wp\/v2\/comments?post=358"}],"version-history":[{"count":0,"href":"https:\/\/www3.unicentro.br\/brinquedoteca\/wp-json\/wp\/v2\/pages\/358\/revisions"}],"up":[{"embeddable":true,"href":"https:\/\/www3.unicentro.br\/brinquedoteca\/wp-json\/wp\/v2\/pages\/393"}],"wp:attachment":[{"href":"https:\/\/www3.unicentro.br\/brinquedoteca\/wp-json\/wp\/v2\/media?parent=358"}],"curies":[{"name":"wp","href":"https:\/\/api.w.org\/{rel}","templated":true}]}}