{"id":35,"date":"2021-03-05T14:07:08","date_gmt":"2021-03-05T17:07:08","guid":{"rendered":"https:\/\/www3.unicentro.br\/brinquedoteca\/?page_id=35"},"modified":"2021-11-10T08:58:34","modified_gmt":"2021-11-10T11:58:34","slug":"eventos","status":"publish","type":"page","link":"https:\/\/www3.unicentro.br\/brinquedoteca\/acervo\/eventos\/","title":{"rendered":"Eventos"},"content":{"rendered":"<p><a href=\"https:\/\/www3.unicentro.br\/brinquedoteca\/eventos\/tudo-e-brinquedo-incluindo-a-natureza\/\"><img loading=\"lazy\" decoding=\"async\" class=\"size-full wp-image-611 alignleft\" src=\"https:\/\/www3.unicentro.br\/brinquedoteca\/wp-content\/uploads\/sites\/117\/2021\/10\/1.jpg\" alt=\"\" width=\"413\" height=\"413\" srcset=\"https:\/\/www3.unicentro.br\/brinquedoteca\/wp-content\/uploads\/sites\/117\/2021\/10\/1.jpg 1080w, https:\/\/www3.unicentro.br\/brinquedoteca\/wp-content\/uploads\/sites\/117\/2021\/10\/1-768x768.jpg 768w, https:\/\/www3.unicentro.br\/brinquedoteca\/wp-content\/uploads\/sites\/117\/2021\/10\/1-50x50.jpg 50w, https:\/\/www3.unicentro.br\/brinquedoteca\/wp-content\/uploads\/sites\/117\/2021\/10\/1-80x80.jpg 80w, https:\/\/www3.unicentro.br\/brinquedoteca\/wp-content\/uploads\/sites\/117\/2021\/10\/1-263x263.jpg 263w, https:\/\/www3.unicentro.br\/brinquedoteca\/wp-content\/uploads\/sites\/117\/2021\/10\/1-100x100.jpg 100w, https:\/\/www3.unicentro.br\/brinquedoteca\/wp-content\/uploads\/sites\/117\/2021\/10\/1-526x526.jpg 526w, https:\/\/www3.unicentro.br\/brinquedoteca\/wp-content\/uploads\/sites\/117\/2021\/10\/1-255x255.jpg 255w\" sizes=\"auto, (max-width: 413px) 100vw, 413px\" \/><\/a><\/p>\n<p>&nbsp;<\/p>\n<p>&nbsp;<\/p>\n<p>&nbsp;<\/p>\n<p>&nbsp;<\/p>\n<p>&nbsp;<\/p>\n<p style=\"text-align: center\"><a href=\"https:\/\/www3.unicentro.br\/brinquedoteca\/eventos\/tudo-e-brinquedo-incluindo-a-natureza\/\"><span style=\"font-size: 24pt;color: #ffff00\"><strong>Tudo \u00e9 Brinquedo: Incluindo a Natureza<\/strong><\/span><\/a><\/p>\n<p>&nbsp;<\/p>\n<p>&nbsp;<\/p>\n<p>&nbsp;<\/p>\n<p>&nbsp;<\/p>\n<p>&nbsp;<\/p>\n<p>&nbsp;<\/p>\n<p style=\"text-align: left\"><a href=\"https:\/\/www3.unicentro.br\/brinquedoteca\/crianca-indigena-e-pedagogia\/\"><span style=\"font-size: 14pt;color: #a16f3d\"><img loading=\"lazy\" decoding=\"async\" class=\"wp-image-542 alignleft\" src=\"https:\/\/www3.unicentro.br\/brinquedoteca\/wp-content\/uploads\/sites\/117\/2021\/08\/EVENTO-DE-AGOSTO-6.jpg\" alt=\"\" width=\"506\" height=\"285\" srcset=\"https:\/\/www3.unicentro.br\/brinquedoteca\/wp-content\/uploads\/sites\/117\/2021\/08\/EVENTO-DE-AGOSTO-6.jpg 2000w, https:\/\/www3.unicentro.br\/brinquedoteca\/wp-content\/uploads\/sites\/117\/2021\/08\/EVENTO-DE-AGOSTO-6-768x432.jpg 768w, https:\/\/www3.unicentro.br\/brinquedoteca\/wp-content\/uploads\/sites\/117\/2021\/08\/EVENTO-DE-AGOSTO-6-1536x864.jpg 1536w, https:\/\/www3.unicentro.br\/brinquedoteca\/wp-content\/uploads\/sites\/117\/2021\/08\/EVENTO-DE-AGOSTO-6-255x143.jpg 255w\" sizes=\"auto, (max-width: 506px) 100vw, 506px\" \/><\/span><\/a><\/p>\n<p>&nbsp;<\/p>\n<p>&nbsp;<\/p>\n<p>&nbsp;<\/p>\n<p style=\"text-align: center\"><strong><a href=\"https:\/\/www3.unicentro.br\/brinquedoteca\/crianca-indigena-e-pedagogia\/\"><span style=\"font-size: 24pt;color: #a16f3d\">Crian\u00e7a Ind\u00edgena e Pedagogia<\/span><\/a><\/strong><\/p>\n<p>&nbsp;<\/p>\n<p>&nbsp;<\/p>\n<p>&nbsp;<\/p>\n<p>&nbsp;<\/p>\n<p style=\"text-align: left\"><a href=\"https:\/\/www3.unicentro.br\/brinquedoteca\/eventos\/semana-do-brincar-o-brincar-e-suas-multiplas-possibilidades\/\"><img loading=\"lazy\" decoding=\"async\" class=\"wp-image-190 alignleft\" src=\"https:\/\/www3.unicentro.br\/brinquedoteca\/wp-content\/uploads\/sites\/117\/2021\/04\/WhatsApp-Image-2021-04-26-at-03.55.01.jpeg\" alt=\"\" width=\"413\" height=\"413\" srcset=\"https:\/\/www3.unicentro.br\/brinquedoteca\/wp-content\/uploads\/sites\/117\/2021\/04\/WhatsApp-Image-2021-04-26-at-03.55.01.jpeg 1080w, https:\/\/www3.unicentro.br\/brinquedoteca\/wp-content\/uploads\/sites\/117\/2021\/04\/WhatsApp-Image-2021-04-26-at-03.55.01-768x768.jpeg 768w, https:\/\/www3.unicentro.br\/brinquedoteca\/wp-content\/uploads\/sites\/117\/2021\/04\/WhatsApp-Image-2021-04-26-at-03.55.01-50x50.jpeg 50w, https:\/\/www3.unicentro.br\/brinquedoteca\/wp-content\/uploads\/sites\/117\/2021\/04\/WhatsApp-Image-2021-04-26-at-03.55.01-80x80.jpeg 80w, https:\/\/www3.unicentro.br\/brinquedoteca\/wp-content\/uploads\/sites\/117\/2021\/04\/WhatsApp-Image-2021-04-26-at-03.55.01-263x263.jpeg 263w, https:\/\/www3.unicentro.br\/brinquedoteca\/wp-content\/uploads\/sites\/117\/2021\/04\/WhatsApp-Image-2021-04-26-at-03.55.01-100x100.jpeg 100w, https:\/\/www3.unicentro.br\/brinquedoteca\/wp-content\/uploads\/sites\/117\/2021\/04\/WhatsApp-Image-2021-04-26-at-03.55.01-526x526.jpeg 526w, https:\/\/www3.unicentro.br\/brinquedoteca\/wp-content\/uploads\/sites\/117\/2021\/04\/WhatsApp-Image-2021-04-26-at-03.55.01-255x255.jpeg 255w\" sizes=\"auto, (max-width: 413px) 100vw, 413px\" \/><\/a><\/p>\n<p>&nbsp;<\/p>\n<p>&nbsp;<\/p>\n<p>&nbsp;<\/p>\n<p style=\"text-align: center\"><strong><a style=\"color: #800080\" href=\"https:\/\/www3.unicentro.br\/brinquedoteca\/eventos\/semana-do-brincar-o-brincar-e-suas-multiplas-possibilidades\/\"><span style=\"font-size: 14pt\"><span style=\"font-size: 24pt\">Semana Do Brincar : O Brincar e suas M\u00faltiplas Possibilidades<\/span><\/span><\/a><\/strong><\/p>\n<p>&nbsp;<\/p>\n<p>&nbsp;<\/p>\n<p>&nbsp;<\/p>\n<p>&nbsp;<\/p>\n<p>&nbsp;<\/p>\n<p>&nbsp;<\/p>\n<p><img loading=\"lazy\" decoding=\"async\" class=\"wp-image-70 alignleft\" src=\"https:\/\/www3.unicentro.br\/brinquedoteca\/wp-content\/uploads\/sites\/117\/2021\/03\/Copia-de-Post-Colorido-de-Loja-de-Brinquedos-para-Redes-Sociais-6.png\" alt=\"\" width=\"415\" height=\"415\" srcset=\"https:\/\/www3.unicentro.br\/brinquedoteca\/wp-content\/uploads\/sites\/117\/2021\/03\/Copia-de-Post-Colorido-de-Loja-de-Brinquedos-para-Redes-Sociais-6.png 1200w, https:\/\/www3.unicentro.br\/brinquedoteca\/wp-content\/uploads\/sites\/117\/2021\/03\/Copia-de-Post-Colorido-de-Loja-de-Brinquedos-para-Redes-Sociais-6-768x768.png 768w, https:\/\/www3.unicentro.br\/brinquedoteca\/wp-content\/uploads\/sites\/117\/2021\/03\/Copia-de-Post-Colorido-de-Loja-de-Brinquedos-para-Redes-Sociais-6-50x50.png 50w, https:\/\/www3.unicentro.br\/brinquedoteca\/wp-content\/uploads\/sites\/117\/2021\/03\/Copia-de-Post-Colorido-de-Loja-de-Brinquedos-para-Redes-Sociais-6-80x80.png 80w, https:\/\/www3.unicentro.br\/brinquedoteca\/wp-content\/uploads\/sites\/117\/2021\/03\/Copia-de-Post-Colorido-de-Loja-de-Brinquedos-para-Redes-Sociais-6-263x263.png 263w, https:\/\/www3.unicentro.br\/brinquedoteca\/wp-content\/uploads\/sites\/117\/2021\/03\/Copia-de-Post-Colorido-de-Loja-de-Brinquedos-para-Redes-Sociais-6-100x100.png 100w, https:\/\/www3.unicentro.br\/brinquedoteca\/wp-content\/uploads\/sites\/117\/2021\/03\/Copia-de-Post-Colorido-de-Loja-de-Brinquedos-para-Redes-Sociais-6-526x526.png 526w, https:\/\/www3.unicentro.br\/brinquedoteca\/wp-content\/uploads\/sites\/117\/2021\/03\/Copia-de-Post-Colorido-de-Loja-de-Brinquedos-para-Redes-Sociais-6-255x255.png 255w\" sizes=\"auto, (max-width: 415px) 100vw, 415px\" \/><\/p>\n<p>&nbsp;<\/p>\n<p>&nbsp;<\/p>\n<p>&nbsp;<\/p>\n<p style=\"text-align: center\"><strong><a style=\"color: #0000ff\" href=\"https:\/\/www3.unicentro.br\/brinquedoteca\/eventos\/semana-do-brincar-e-ler-discussoes-emergentes\/\">\u00a0<span style=\"font-size: 24pt\">Semana Do Brincar e Ler em Tempos de Pandemia: Discuss\u00f5es Emergentes<\/span><\/a><\/strong><\/p>\n","protected":false},"excerpt":{"rendered":"<p>&nbsp; &nbsp; &nbsp; &nbsp; &nbsp; Tudo \u00e9 Brinquedo: Incluindo a Natureza &nbsp; &nbsp; &nbsp; &nbsp; &nbsp; &nbsp; &nbsp; &nbsp; &nbsp; Crian\u00e7a Ind\u00edgena e Pedagogia &nbsp; &nbsp; &nbsp; &nbsp; &nbsp; &nbsp; &nbsp; Semana Do Brincar : O Brincar e suas M\u00faltiplas Possibilidades &nbsp; &nbsp; &nbsp; &nbsp; &nbsp; &nbsp; &nbsp; &nbsp; &nbsp; \u00a0Semana Do Brincar e Ler [&hellip;]<\/p>\n","protected":false},"author":3,"featured_media":0,"parent":33,"menu_order":0,"comment_status":"closed","ping_status":"closed","template":"","meta":{"_exactmetrics_skip_tracking":false,"_exactmetrics_sitenote_active":false,"_exactmetrics_sitenote_note":"","_exactmetrics_sitenote_category":0,"footnotes":"","_links_to":"","_links_to_target":""},"class_list":["post-35","page","type-page","status-publish","hentry"],"_links":{"self":[{"href":"https:\/\/www3.unicentro.br\/brinquedoteca\/wp-json\/wp\/v2\/pages\/35","targetHints":{"allow":["GET"]}}],"collection":[{"href":"https:\/\/www3.unicentro.br\/brinquedoteca\/wp-json\/wp\/v2\/pages"}],"about":[{"href":"https:\/\/www3.unicentro.br\/brinquedoteca\/wp-json\/wp\/v2\/types\/page"}],"author":[{"embeddable":true,"href":"https:\/\/www3.unicentro.br\/brinquedoteca\/wp-json\/wp\/v2\/users\/3"}],"replies":[{"embeddable":true,"href":"https:\/\/www3.unicentro.br\/brinquedoteca\/wp-json\/wp\/v2\/comments?post=35"}],"version-history":[{"count":0,"href":"https:\/\/www3.unicentro.br\/brinquedoteca\/wp-json\/wp\/v2\/pages\/35\/revisions"}],"up":[{"embeddable":true,"href":"https:\/\/www3.unicentro.br\/brinquedoteca\/wp-json\/wp\/v2\/pages\/33"}],"wp:attachment":[{"href":"https:\/\/www3.unicentro.br\/brinquedoteca\/wp-json\/wp\/v2\/media?parent=35"}],"curies":[{"name":"wp","href":"https:\/\/api.w.org\/{rel}","templated":true}]}}