{"id":31,"date":"2021-03-05T14:06:19","date_gmt":"2021-03-05T17:06:19","guid":{"rendered":"https:\/\/www3.unicentro.br\/brinquedoteca\/?page_id=31"},"modified":"2023-07-13T10:47:44","modified_gmt":"2023-07-13T13:47:44","slug":"emprestimos","status":"publish","type":"page","link":"https:\/\/www3.unicentro.br\/brinquedoteca\/sobre\/emprestimos\/","title":{"rendered":"Empr\u00e9stimo de materiais"},"content":{"rendered":"<p>O empr\u00e9stimo de materiais \u00e9 <strong>exclusivo para alunos e professores do curso de Pedagogia UNICENTRO<\/strong>. A reserva dos materiais deve ser feita presencialmente, durante o per\u00edodo de funcionamento da brinquedoteca, ou pelo <a href=\"https:\/\/www.instagram.com\/labrinquei\/\">perfil no Instagram. <\/a>Ap\u00f3s a retirada do material, o aluno ou professor tem o prazo de uma semana para a devolu\u00e7\u00e3o, estando sujeito a multa (2 reais por dia de atraso) ap\u00f3s este per\u00edodo.<\/p>\n<p>&nbsp;<\/p>\n","protected":false},"excerpt":{"rendered":"<p>O empr\u00e9stimo de materiais \u00e9 exclusivo para alunos e professores do curso de Pedagogia UNICENTRO. A reserva dos materiais deve ser feita presencialmente, durante o per\u00edodo de funcionamento da brinquedoteca, ou pelo perfil no Instagram. Ap\u00f3s a retirada do material, o aluno ou professor tem o prazo de uma semana para a devolu\u00e7\u00e3o, estando sujeito [&hellip;]<\/p>\n","protected":false},"author":3,"featured_media":0,"parent":19,"menu_order":0,"comment_status":"closed","ping_status":"closed","template":"","meta":{"_exactmetrics_skip_tracking":false,"_exactmetrics_sitenote_active":false,"_exactmetrics_sitenote_note":"","_exactmetrics_sitenote_category":0,"footnotes":"","_links_to":"","_links_to_target":""},"class_list":["post-31","page","type-page","status-publish","hentry"],"_links":{"self":[{"href":"https:\/\/www3.unicentro.br\/brinquedoteca\/wp-json\/wp\/v2\/pages\/31","targetHints":{"allow":["GET"]}}],"collection":[{"href":"https:\/\/www3.unicentro.br\/brinquedoteca\/wp-json\/wp\/v2\/pages"}],"about":[{"href":"https:\/\/www3.unicentro.br\/brinquedoteca\/wp-json\/wp\/v2\/types\/page"}],"author":[{"embeddable":true,"href":"https:\/\/www3.unicentro.br\/brinquedoteca\/wp-json\/wp\/v2\/users\/3"}],"replies":[{"embeddable":true,"href":"https:\/\/www3.unicentro.br\/brinquedoteca\/wp-json\/wp\/v2\/comments?post=31"}],"version-history":[{"count":0,"href":"https:\/\/www3.unicentro.br\/brinquedoteca\/wp-json\/wp\/v2\/pages\/31\/revisions"}],"up":[{"embeddable":true,"href":"https:\/\/www3.unicentro.br\/brinquedoteca\/wp-json\/wp\/v2\/pages\/19"}],"wp:attachment":[{"href":"https:\/\/www3.unicentro.br\/brinquedoteca\/wp-json\/wp\/v2\/media?parent=31"}],"curies":[{"name":"wp","href":"https:\/\/api.w.org\/{rel}","templated":true}]}}