{"id":29,"date":"2021-03-05T14:05:52","date_gmt":"2021-03-05T17:05:52","guid":{"rendered":"https:\/\/www3.unicentro.br\/brinquedoteca\/?page_id=29"},"modified":"2023-07-13T10:30:50","modified_gmt":"2023-07-13T13:30:50","slug":"regulamento","status":"publish","type":"page","link":"https:\/\/www3.unicentro.br\/brinquedoteca\/sobre\/regulamento\/","title":{"rendered":"Regulamento"},"content":{"rendered":"<p><img loading=\"lazy\" decoding=\"async\" class=\"alignleft wp-image-1403\" src=\"https:\/\/www3.unicentro.br\/brinquedoteca\/wp-content\/uploads\/sites\/117\/2023\/07\/2-1.png\" alt=\"\" width=\"300\" height=\"300\" srcset=\"https:\/\/www3.unicentro.br\/brinquedoteca\/wp-content\/uploads\/sites\/117\/2023\/07\/2-1.png 1080w, https:\/\/www3.unicentro.br\/brinquedoteca\/wp-content\/uploads\/sites\/117\/2023\/07\/2-1-768x768.png 768w, https:\/\/www3.unicentro.br\/brinquedoteca\/wp-content\/uploads\/sites\/117\/2023\/07\/2-1-50x50.png 50w, https:\/\/www3.unicentro.br\/brinquedoteca\/wp-content\/uploads\/sites\/117\/2023\/07\/2-1-80x80.png 80w, https:\/\/www3.unicentro.br\/brinquedoteca\/wp-content\/uploads\/sites\/117\/2023\/07\/2-1-263x263.png 263w, https:\/\/www3.unicentro.br\/brinquedoteca\/wp-content\/uploads\/sites\/117\/2023\/07\/2-1-100x100.png 100w, https:\/\/www3.unicentro.br\/brinquedoteca\/wp-content\/uploads\/sites\/117\/2023\/07\/2-1-526x526.png 526w, https:\/\/www3.unicentro.br\/brinquedoteca\/wp-content\/uploads\/sites\/117\/2023\/07\/2-1-255x255.png 255w\" sizes=\"auto, (max-width: 300px) 100vw, 300px\" \/><img loading=\"lazy\" decoding=\"async\" class=\"alignleft wp-image-1404\" src=\"https:\/\/www3.unicentro.br\/brinquedoteca\/wp-content\/uploads\/sites\/117\/2023\/07\/1-1.png\" alt=\"\" width=\"300\" height=\"300\" srcset=\"https:\/\/www3.unicentro.br\/brinquedoteca\/wp-content\/uploads\/sites\/117\/2023\/07\/1-1.png 1080w, https:\/\/www3.unicentro.br\/brinquedoteca\/wp-content\/uploads\/sites\/117\/2023\/07\/1-1-768x768.png 768w, https:\/\/www3.unicentro.br\/brinquedoteca\/wp-content\/uploads\/sites\/117\/2023\/07\/1-1-50x50.png 50w, https:\/\/www3.unicentro.br\/brinquedoteca\/wp-content\/uploads\/sites\/117\/2023\/07\/1-1-80x80.png 80w, https:\/\/www3.unicentro.br\/brinquedoteca\/wp-content\/uploads\/sites\/117\/2023\/07\/1-1-263x263.png 263w, https:\/\/www3.unicentro.br\/brinquedoteca\/wp-content\/uploads\/sites\/117\/2023\/07\/1-1-100x100.png 100w, https:\/\/www3.unicentro.br\/brinquedoteca\/wp-content\/uploads\/sites\/117\/2023\/07\/1-1-526x526.png 526w, https:\/\/www3.unicentro.br\/brinquedoteca\/wp-content\/uploads\/sites\/117\/2023\/07\/1-1-255x255.png 255w\" sizes=\"auto, (max-width: 300px) 100vw, 300px\" \/><img loading=\"lazy\" decoding=\"async\" class=\"alignleft wp-image-1405\" src=\"https:\/\/www3.unicentro.br\/brinquedoteca\/wp-content\/uploads\/sites\/117\/2023\/07\/3-1.png\" alt=\"\" width=\"300\" height=\"300\" srcset=\"https:\/\/www3.unicentro.br\/brinquedoteca\/wp-content\/uploads\/sites\/117\/2023\/07\/3-1.png 1080w, https:\/\/www3.unicentro.br\/brinquedoteca\/wp-content\/uploads\/sites\/117\/2023\/07\/3-1-768x768.png 768w, https:\/\/www3.unicentro.br\/brinquedoteca\/wp-content\/uploads\/sites\/117\/2023\/07\/3-1-50x50.png 50w, https:\/\/www3.unicentro.br\/brinquedoteca\/wp-content\/uploads\/sites\/117\/2023\/07\/3-1-80x80.png 80w, https:\/\/www3.unicentro.br\/brinquedoteca\/wp-content\/uploads\/sites\/117\/2023\/07\/3-1-263x263.png 263w, https:\/\/www3.unicentro.br\/brinquedoteca\/wp-content\/uploads\/sites\/117\/2023\/07\/3-1-100x100.png 100w, https:\/\/www3.unicentro.br\/brinquedoteca\/wp-content\/uploads\/sites\/117\/2023\/07\/3-1-526x526.png 526w, https:\/\/www3.unicentro.br\/brinquedoteca\/wp-content\/uploads\/sites\/117\/2023\/07\/3-1-255x255.png 255w\" sizes=\"auto, (max-width: 300px) 100vw, 300px\" \/><\/p>\n<p>&nbsp;<\/p>\n<p>&nbsp;<\/p>\n<p>&nbsp;<\/p>\n<p>&nbsp;<\/p>\n<p>&nbsp;<\/p>\n<p>&nbsp;<\/p>\n<p>&nbsp;<\/p>\n<p>&nbsp;<\/p>\n<p>&nbsp;<\/p>\n<p style=\"text-align: justify\">O LABRINQUEI atende crian\u00e7as a partir de <strong>2 at\u00e9 10 anos<\/strong>, sendo que at\u00e9 4 anos as crian\u00e7as dever\u00e3o estar acompanhadas dos pais ou do respons\u00e1vel. Sendo apenas quatro crian\u00e7as por hor\u00e1rio, por no m\u00e1ximo duas horas.<\/p>\n<p style=\"text-align: justify\">Art.3\u00ba As atividades no LABRINQUEI poder\u00e3o ser desenvolvidas por professores do Curso de Pedagogia da UNICENTRO.<\/p>\n<p style=\"text-align: justify\">Art. 4\u00ba Para as atividades das disciplinas de Est\u00e1gio Curricular e Fundamentos e Metodologia da Educa\u00e7\u00e3o Infantil os professores regentes das turmas, ter\u00e3o que agendar antecipadamente os hor\u00e1rios e dias que ir\u00e3o utilizar a sala.<\/p>\n<p style=\"text-align: justify\">Art. 5\u00ba Defeitos nos brinquedos ou preju\u00edzos nos jogos ou na sua estrutura dever\u00e3o ser comunicados ao estagi\u00e1rio(a) ou ao coordenador do LABRINQUEI, sendo que de responsabilidade do usu\u00e1rio reparar os danos.<\/p>\n<p style=\"text-align: justify\">Art. 6\u00ba O LABRINQUEI est\u00e1 organizado em cantos tem\u00e1ticos, sendo eles: Sala de leitura, canto das fantasias, Canto da Casinha, Canto das Artes e mezanino. Para as atividades das disciplinas de Est\u00e1gio Curricular e Fundamentos e Metodologia da Educa\u00e7\u00e3o Infantil fica a crit\u00e9rio do professor regente as atividades para serem desenvolvidas.<\/p>\n<ul style=\"text-align: justify\">\n<li>Para as institui\u00e7\u00f5es p\u00fablicas de educa\u00e7\u00e3o infantil, ser\u00e1 permitida a visita nos dias indicados, com agendamento antecipado e n\u00famero reduzido.<\/li>\n<\/ul>\n<p style=\"text-align: justify\">Art. 8\u00ba\u00a0O LABRINQUEI poder\u00e1 ser utilizado tamb\u00e9m para: observa\u00e7\u00e3o e participa\u00e7\u00e3o em projetos de ensino, pesquisa e extens\u00e3o desenvolvidos com a comunidade externa; participa\u00e7\u00e3o e observa\u00e7\u00e3o, juntamente com professores de diversas disciplinas, do comportamento das crian\u00e7as enquanto brincam; utiliza\u00e7\u00e3o do espa\u00e7o como laborat\u00f3rio para o desenvolvimento de projetos de ensino, pesquisa, extens\u00e3o e inicia\u00e7\u00e3o cient\u00edfica; e consultas de materiais para prepara\u00e7\u00e3o de aulas com apoio pedag\u00f3gico.<\/p>\n","protected":false},"excerpt":{"rendered":"<p>&nbsp; &nbsp; &nbsp; &nbsp; &nbsp; &nbsp; &nbsp; &nbsp; &nbsp; O LABRINQUEI atende crian\u00e7as a partir de 2 at\u00e9 10 anos, sendo que at\u00e9 4 anos as crian\u00e7as dever\u00e3o estar acompanhadas dos pais ou do respons\u00e1vel. Sendo apenas quatro crian\u00e7as por hor\u00e1rio, por no m\u00e1ximo duas horas. Art.3\u00ba As atividades no LABRINQUEI poder\u00e3o ser desenvolvidas por [&hellip;]<\/p>\n","protected":false},"author":3,"featured_media":0,"parent":19,"menu_order":0,"comment_status":"closed","ping_status":"closed","template":"","meta":{"_exactmetrics_skip_tracking":false,"_exactmetrics_sitenote_active":false,"_exactmetrics_sitenote_note":"","_exactmetrics_sitenote_category":0,"footnotes":"","_links_to":"","_links_to_target":""},"class_list":["post-29","page","type-page","status-publish","hentry"],"_links":{"self":[{"href":"https:\/\/www3.unicentro.br\/brinquedoteca\/wp-json\/wp\/v2\/pages\/29","targetHints":{"allow":["GET"]}}],"collection":[{"href":"https:\/\/www3.unicentro.br\/brinquedoteca\/wp-json\/wp\/v2\/pages"}],"about":[{"href":"https:\/\/www3.unicentro.br\/brinquedoteca\/wp-json\/wp\/v2\/types\/page"}],"author":[{"embeddable":true,"href":"https:\/\/www3.unicentro.br\/brinquedoteca\/wp-json\/wp\/v2\/users\/3"}],"replies":[{"embeddable":true,"href":"https:\/\/www3.unicentro.br\/brinquedoteca\/wp-json\/wp\/v2\/comments?post=29"}],"version-history":[{"count":0,"href":"https:\/\/www3.unicentro.br\/brinquedoteca\/wp-json\/wp\/v2\/pages\/29\/revisions"}],"up":[{"embeddable":true,"href":"https:\/\/www3.unicentro.br\/brinquedoteca\/wp-json\/wp\/v2\/pages\/19"}],"wp:attachment":[{"href":"https:\/\/www3.unicentro.br\/brinquedoteca\/wp-json\/wp\/v2\/media?parent=29"}],"curies":[{"name":"wp","href":"https:\/\/api.w.org\/{rel}","templated":true}]}}