{"id":285,"date":"2021-05-12T20:08:54","date_gmt":"2021-05-12T23:08:54","guid":{"rendered":"https:\/\/www3.unicentro.br\/brinquedoteca\/?page_id=285"},"modified":"2021-05-28T20:35:34","modified_gmt":"2021-05-28T23:35:34","slug":"desenho-infantil-arte-e-criacao","status":"publish","type":"page","link":"https:\/\/www3.unicentro.br\/brinquedoteca\/acervo\/eventos\/semana-do-brincar-o-brincar-e-suas-multiplas-possibilidades\/desenho-infantil-arte-e-criacao\/","title":{"rendered":"Desenho infantil: Arte e cria\u00e7\u00e3o"},"content":{"rendered":"<p><span style=\"font-size: 18pt\"><span style=\"color: #000000\">Link do formul\u00e1rio para certifica\u00e7\u00e3o:<\/span><strong><span style=\"color: #0000ff\"><a style=\"color: #0000ff\" href=\"https:\/\/forms.gle\/e8gQqkCmEk9LaDHY6\"> https:\/\/forms.gle\/e8gQqkCmEk9LaDHY6<\/a><\/span><\/strong><\/span><\/p>\n<p><span style=\"font-size: 18pt\"><span style=\"color: #000000\">PDF para apoio da oficina: <\/span><strong><span style=\"color: #0000ff\"><a style=\"color: #0000ff\" href=\"https:\/\/www3.unicentro.br\/brinquedoteca\/wp-content\/uploads\/sites\/117\/2021\/05\/Oficina-Desenho-Infantil.pdf\">Oficina &#8211; Desenho Infantil<\/a><\/span><\/strong><\/span><\/p>\n<p><iframe loading=\"lazy\" title=\"Oficina- Desenho infantil: Arte e Cria\u00e7\u00e3o\" width=\"900\" height=\"506\" src=\"https:\/\/www.youtube.com\/embed\/mgLmrrCiKKA?feature=oembed\" frameborder=\"0\" allow=\"accelerometer; autoplay; clipboard-write; encrypted-media; gyroscope; picture-in-picture\" allowfullscreen><\/iframe><\/p>\n","protected":false},"excerpt":{"rendered":"<p>Link do formul\u00e1rio para certifica\u00e7\u00e3o: https:\/\/forms.gle\/e8gQqkCmEk9LaDHY6 PDF para apoio da oficina: Oficina &#8211; Desenho Infantil<\/p>\n","protected":false},"author":358,"featured_media":0,"parent":188,"menu_order":0,"comment_status":"closed","ping_status":"closed","template":"","meta":{"_exactmetrics_skip_tracking":false,"_exactmetrics_sitenote_active":false,"_exactmetrics_sitenote_note":"","_exactmetrics_sitenote_category":0,"footnotes":"","_links_to":"","_links_to_target":""},"class_list":["post-285","page","type-page","status-publish","hentry"],"_links":{"self":[{"href":"https:\/\/www3.unicentro.br\/brinquedoteca\/wp-json\/wp\/v2\/pages\/285","targetHints":{"allow":["GET"]}}],"collection":[{"href":"https:\/\/www3.unicentro.br\/brinquedoteca\/wp-json\/wp\/v2\/pages"}],"about":[{"href":"https:\/\/www3.unicentro.br\/brinquedoteca\/wp-json\/wp\/v2\/types\/page"}],"author":[{"embeddable":true,"href":"https:\/\/www3.unicentro.br\/brinquedoteca\/wp-json\/wp\/v2\/users\/358"}],"replies":[{"embeddable":true,"href":"https:\/\/www3.unicentro.br\/brinquedoteca\/wp-json\/wp\/v2\/comments?post=285"}],"version-history":[{"count":0,"href":"https:\/\/www3.unicentro.br\/brinquedoteca\/wp-json\/wp\/v2\/pages\/285\/revisions"}],"up":[{"embeddable":true,"href":"https:\/\/www3.unicentro.br\/brinquedoteca\/wp-json\/wp\/v2\/pages\/188"}],"wp:attachment":[{"href":"https:\/\/www3.unicentro.br\/brinquedoteca\/wp-json\/wp\/v2\/media?parent=285"}],"curies":[{"name":"wp","href":"https:\/\/api.w.org\/{rel}","templated":true}]}}