{"id":248,"date":"2021-05-12T19:39:28","date_gmt":"2021-05-12T22:39:28","guid":{"rendered":"https:\/\/www3.unicentro.br\/brinquedoteca\/?page_id=248"},"modified":"2021-05-24T22:01:33","modified_gmt":"2021-05-25T01:01:33","slug":"filmewaapa","status":"publish","type":"page","link":"https:\/\/www3.unicentro.br\/brinquedoteca\/acervo\/eventos\/semana-do-brincar-o-brincar-e-suas-multiplas-possibilidades\/filmewaapa\/","title":{"rendered":"Filme &#8211; Waapa"},"content":{"rendered":"<p style=\"text-align: center\"><a href=\"https:\/\/www3.unicentro.br\/brinquedoteca\/wp-content\/uploads\/sites\/117\/2021\/05\/WhatsApp-Image-2021-05-12-at-19.37.43.jpeg\"><img loading=\"lazy\" decoding=\"async\" class=\"alignleft wp-image-249\" src=\"https:\/\/www3.unicentro.br\/brinquedoteca\/wp-content\/uploads\/sites\/117\/2021\/05\/WhatsApp-Image-2021-05-12-at-19.37.43.jpeg\" alt=\"\" width=\"450\" height=\"318\" srcset=\"https:\/\/www3.unicentro.br\/brinquedoteca\/wp-content\/uploads\/sites\/117\/2021\/05\/WhatsApp-Image-2021-05-12-at-19.37.43.jpeg 1280w, https:\/\/www3.unicentro.br\/brinquedoteca\/wp-content\/uploads\/sites\/117\/2021\/05\/WhatsApp-Image-2021-05-12-at-19.37.43-768x542.jpeg 768w, https:\/\/www3.unicentro.br\/brinquedoteca\/wp-content\/uploads\/sites\/117\/2021\/05\/WhatsApp-Image-2021-05-12-at-19.37.43-255x180.jpeg 255w\" sizes=\"auto, (max-width: 450px) 100vw, 450px\" \/><\/a><\/p>\n<p style=\"text-align: center\"><span style=\"color: #000000;font-size: 14pt\">Link para acesso ao filme:<\/span>\u00a0<span style=\"color: #0000ff\"><a style=\"color: #0000ff\" href=\"https:\/\/www.videocamp.com\/pt\/movies\/waapa\"><strong><span style=\"font-size: 14pt\">https:\/\/www.videocamp.com\/pt\/movies\/waapa<\/span><\/strong><\/a><\/span><\/p>\n<p style=\"text-align: center\"><span style=\"font-size: 14pt\"><span style=\"color: #000000\">Link do formul\u00e1rio para certifica\u00e7\u00e3o:<\/span> <strong><span style=\"color: #0000ff\"><a style=\"color: #0000ff\" href=\"https:\/\/forms.gle\/oUZ8wyAKhN9xUdse6\">https:\/\/forms.gle\/oUZ8wyAKhN9xUdse6<\/a><\/span><\/strong><\/span><\/p>\n<p>&nbsp;<\/p>\n","protected":false},"excerpt":{"rendered":"<p>Link para acesso ao filme:\u00a0https:\/\/www.videocamp.com\/pt\/movies\/waapa Link do formul\u00e1rio para certifica\u00e7\u00e3o: https:\/\/forms.gle\/oUZ8wyAKhN9xUdse6 &nbsp;<\/p>\n","protected":false},"author":358,"featured_media":0,"parent":188,"menu_order":0,"comment_status":"closed","ping_status":"closed","template":"","meta":{"_exactmetrics_skip_tracking":false,"_exactmetrics_sitenote_active":false,"_exactmetrics_sitenote_note":"","_exactmetrics_sitenote_category":0,"footnotes":"","_links_to":"","_links_to_target":""},"class_list":["post-248","page","type-page","status-publish","hentry"],"_links":{"self":[{"href":"https:\/\/www3.unicentro.br\/brinquedoteca\/wp-json\/wp\/v2\/pages\/248","targetHints":{"allow":["GET"]}}],"collection":[{"href":"https:\/\/www3.unicentro.br\/brinquedoteca\/wp-json\/wp\/v2\/pages"}],"about":[{"href":"https:\/\/www3.unicentro.br\/brinquedoteca\/wp-json\/wp\/v2\/types\/page"}],"author":[{"embeddable":true,"href":"https:\/\/www3.unicentro.br\/brinquedoteca\/wp-json\/wp\/v2\/users\/358"}],"replies":[{"embeddable":true,"href":"https:\/\/www3.unicentro.br\/brinquedoteca\/wp-json\/wp\/v2\/comments?post=248"}],"version-history":[{"count":0,"href":"https:\/\/www3.unicentro.br\/brinquedoteca\/wp-json\/wp\/v2\/pages\/248\/revisions"}],"up":[{"embeddable":true,"href":"https:\/\/www3.unicentro.br\/brinquedoteca\/wp-json\/wp\/v2\/pages\/188"}],"wp:attachment":[{"href":"https:\/\/www3.unicentro.br\/brinquedoteca\/wp-json\/wp\/v2\/media?parent=248"}],"curies":[{"name":"wp","href":"https:\/\/api.w.org\/{rel}","templated":true}]}}