{"id":222,"date":"2021-04-26T04:47:15","date_gmt":"2021-04-26T07:47:15","guid":{"rendered":"https:\/\/www3.unicentro.br\/brinquedoteca\/?page_id=222"},"modified":"2021-05-26T13:03:17","modified_gmt":"2021-05-26T16:03:17","slug":"brincareasbrincadeirasnojapao","status":"publish","type":"page","link":"https:\/\/www3.unicentro.br\/brinquedoteca\/acervo\/eventos\/semana-do-brincar-o-brincar-e-suas-multiplas-possibilidades\/brincareasbrincadeirasnojapao\/","title":{"rendered":"Brincar e as brincadeiras no Jap\u00e3o"},"content":{"rendered":"<p><span style=\"font-size: 18pt\"><span style=\"color: #000000\">Link do formul\u00e1rio para certifica\u00e7\u00e3o:<\/span> <strong><span style=\"color: #0000ff\"><a style=\"color: #0000ff\" href=\"https:\/\/forms.gle\/QUEFvj912U1m1pNAA\">https:\/\/forms.gle\/QUEFvj912U1m1pNAA<\/a><\/span><\/strong><\/span><\/p>\n<p><iframe loading=\"lazy\" title=\"Brincar e as brincadeiras no Jap\u00e3o\" width=\"900\" height=\"506\" src=\"https:\/\/www.youtube.com\/embed\/FjaFvS24JLs?feature=oembed\" frameborder=\"0\" allow=\"accelerometer; autoplay; clipboard-write; encrypted-media; gyroscope; picture-in-picture\" allowfullscreen><\/iframe><\/p>\n<p>&nbsp;<\/p>\n","protected":false},"excerpt":{"rendered":"<p>Link do formul\u00e1rio para certifica\u00e7\u00e3o: https:\/\/forms.gle\/QUEFvj912U1m1pNAA &nbsp;<\/p>\n","protected":false},"author":358,"featured_media":0,"parent":188,"menu_order":0,"comment_status":"closed","ping_status":"closed","template":"","meta":{"_exactmetrics_skip_tracking":false,"_exactmetrics_sitenote_active":false,"_exactmetrics_sitenote_note":"","_exactmetrics_sitenote_category":0,"footnotes":"","_links_to":"","_links_to_target":""},"class_list":["post-222","page","type-page","status-publish","hentry"],"_links":{"self":[{"href":"https:\/\/www3.unicentro.br\/brinquedoteca\/wp-json\/wp\/v2\/pages\/222","targetHints":{"allow":["GET"]}}],"collection":[{"href":"https:\/\/www3.unicentro.br\/brinquedoteca\/wp-json\/wp\/v2\/pages"}],"about":[{"href":"https:\/\/www3.unicentro.br\/brinquedoteca\/wp-json\/wp\/v2\/types\/page"}],"author":[{"embeddable":true,"href":"https:\/\/www3.unicentro.br\/brinquedoteca\/wp-json\/wp\/v2\/users\/358"}],"replies":[{"embeddable":true,"href":"https:\/\/www3.unicentro.br\/brinquedoteca\/wp-json\/wp\/v2\/comments?post=222"}],"version-history":[{"count":0,"href":"https:\/\/www3.unicentro.br\/brinquedoteca\/wp-json\/wp\/v2\/pages\/222\/revisions"}],"up":[{"embeddable":true,"href":"https:\/\/www3.unicentro.br\/brinquedoteca\/wp-json\/wp\/v2\/pages\/188"}],"wp:attachment":[{"href":"https:\/\/www3.unicentro.br\/brinquedoteca\/wp-json\/wp\/v2\/media?parent=222"}],"curies":[{"name":"wp","href":"https:\/\/api.w.org\/{rel}","templated":true}]}}