{"id":218,"date":"2021-04-26T04:44:53","date_gmt":"2021-04-26T07:44:53","guid":{"rendered":"https:\/\/www3.unicentro.br\/brinquedoteca\/?page_id=218"},"modified":"2021-05-28T10:53:46","modified_gmt":"2021-05-28T13:53:46","slug":"mesa-redonda-o-brincar-e-o-desenvolvimento-infantil-qual-o-papel-dos-adultos","status":"publish","type":"page","link":"https:\/\/www3.unicentro.br\/brinquedoteca\/acervo\/eventos\/semana-do-brincar-o-brincar-e-suas-multiplas-possibilidades\/mesa-redonda-o-brincar-e-o-desenvolvimento-infantil-qual-o-papel-dos-adultos\/","title":{"rendered":"O brincar e o desenvolvimento infantil: qual o papel dos adultos?"},"content":{"rendered":"<p><span style=\"font-size: 18pt\"><span style=\"color: #000000\">Link do formul\u00e1rio para certifica\u00e7\u00e3o:<\/span> <strong><span style=\"color: #0000ff\"><a style=\"color: #0000ff\" href=\"https:\/\/forms.gle\/kKuBfXrEEPCaWFAT6\">https:\/\/forms.gle\/kKuBfXrEEPCaWFAT6<\/a><\/span><\/strong><\/span><\/p>\n<p><iframe loading=\"lazy\" title=\"O brincar e o desenvolvimento infantil: Qual o papel dos adultos  ?\" width=\"900\" height=\"506\" src=\"https:\/\/www.youtube.com\/embed\/aFjEMKwXqsg?feature=oembed\" frameborder=\"0\" allow=\"accelerometer; autoplay; clipboard-write; encrypted-media; gyroscope; picture-in-picture\" allowfullscreen><\/iframe><\/p>\n","protected":false},"excerpt":{"rendered":"<p>Link do formul\u00e1rio para certifica\u00e7\u00e3o: https:\/\/forms.gle\/kKuBfXrEEPCaWFAT6<\/p>\n","protected":false},"author":358,"featured_media":0,"parent":188,"menu_order":0,"comment_status":"closed","ping_status":"closed","template":"","meta":{"_exactmetrics_skip_tracking":false,"_exactmetrics_sitenote_active":false,"_exactmetrics_sitenote_note":"","_exactmetrics_sitenote_category":0,"footnotes":"","_links_to":"","_links_to_target":""},"class_list":["post-218","page","type-page","status-publish","hentry"],"_links":{"self":[{"href":"https:\/\/www3.unicentro.br\/brinquedoteca\/wp-json\/wp\/v2\/pages\/218","targetHints":{"allow":["GET"]}}],"collection":[{"href":"https:\/\/www3.unicentro.br\/brinquedoteca\/wp-json\/wp\/v2\/pages"}],"about":[{"href":"https:\/\/www3.unicentro.br\/brinquedoteca\/wp-json\/wp\/v2\/types\/page"}],"author":[{"embeddable":true,"href":"https:\/\/www3.unicentro.br\/brinquedoteca\/wp-json\/wp\/v2\/users\/358"}],"replies":[{"embeddable":true,"href":"https:\/\/www3.unicentro.br\/brinquedoteca\/wp-json\/wp\/v2\/comments?post=218"}],"version-history":[{"count":0,"href":"https:\/\/www3.unicentro.br\/brinquedoteca\/wp-json\/wp\/v2\/pages\/218\/revisions"}],"up":[{"embeddable":true,"href":"https:\/\/www3.unicentro.br\/brinquedoteca\/wp-json\/wp\/v2\/pages\/188"}],"wp:attachment":[{"href":"https:\/\/www3.unicentro.br\/brinquedoteca\/wp-json\/wp\/v2\/media?parent=218"}],"curies":[{"name":"wp","href":"https:\/\/api.w.org\/{rel}","templated":true}]}}