{"id":212,"date":"2021-04-26T04:41:06","date_gmt":"2021-04-26T07:41:06","guid":{"rendered":"https:\/\/www3.unicentro.br\/brinquedoteca\/?page_id=212"},"modified":"2021-05-25T12:02:18","modified_gmt":"2021-05-25T15:02:18","slug":"mesa-redonda-brincar-e-os-povos-indigenas","status":"publish","type":"page","link":"https:\/\/www3.unicentro.br\/brinquedoteca\/acervo\/eventos\/semana-do-brincar-o-brincar-e-suas-multiplas-possibilidades\/mesa-redonda-brincar-e-os-povos-indigenas\/","title":{"rendered":"Mesa Redonda: Brincar e os povos ind\u00edgenas"},"content":{"rendered":"<p><span style=\"font-size: 18pt;color: #000000\">Link do formul\u00e1rio de certifica\u00e7\u00e3o:<span style=\"color: #0000ff\"><strong><a style=\"color: #0000ff\" href=\"https:\/\/forms.gle\/n7ikazCEyd1UahDG8\"> https:\/\/forms.gle\/n7ikazCEyd1UahDG8<\/a><\/strong><\/span><\/span><\/p>\n<p><iframe loading=\"lazy\" title=\"Brincar e os povos ind\u00edgenas\" width=\"900\" height=\"506\" src=\"https:\/\/www.youtube.com\/embed\/Om0OS4ExOO0?feature=oembed\" frameborder=\"0\" allow=\"accelerometer; autoplay; clipboard-write; encrypted-media; gyroscope; picture-in-picture\" allowfullscreen><\/iframe><\/p>\n<p>&nbsp;<\/p>\n<p>&nbsp;<\/p>\n<p>&nbsp;<\/p>\n","protected":false},"excerpt":{"rendered":"<p>Link do formul\u00e1rio de certifica\u00e7\u00e3o: https:\/\/forms.gle\/n7ikazCEyd1UahDG8 &nbsp; &nbsp; &nbsp;<\/p>\n","protected":false},"author":358,"featured_media":0,"parent":188,"menu_order":0,"comment_status":"closed","ping_status":"closed","template":"","meta":{"_exactmetrics_skip_tracking":false,"_exactmetrics_sitenote_active":false,"_exactmetrics_sitenote_note":"","_exactmetrics_sitenote_category":0,"footnotes":"","_links_to":"","_links_to_target":""},"class_list":["post-212","page","type-page","status-publish","hentry"],"_links":{"self":[{"href":"https:\/\/www3.unicentro.br\/brinquedoteca\/wp-json\/wp\/v2\/pages\/212","targetHints":{"allow":["GET"]}}],"collection":[{"href":"https:\/\/www3.unicentro.br\/brinquedoteca\/wp-json\/wp\/v2\/pages"}],"about":[{"href":"https:\/\/www3.unicentro.br\/brinquedoteca\/wp-json\/wp\/v2\/types\/page"}],"author":[{"embeddable":true,"href":"https:\/\/www3.unicentro.br\/brinquedoteca\/wp-json\/wp\/v2\/users\/358"}],"replies":[{"embeddable":true,"href":"https:\/\/www3.unicentro.br\/brinquedoteca\/wp-json\/wp\/v2\/comments?post=212"}],"version-history":[{"count":0,"href":"https:\/\/www3.unicentro.br\/brinquedoteca\/wp-json\/wp\/v2\/pages\/212\/revisions"}],"up":[{"embeddable":true,"href":"https:\/\/www3.unicentro.br\/brinquedoteca\/wp-json\/wp\/v2\/pages\/188"}],"wp:attachment":[{"href":"https:\/\/www3.unicentro.br\/brinquedoteca\/wp-json\/wp\/v2\/media?parent=212"}],"curies":[{"name":"wp","href":"https:\/\/api.w.org\/{rel}","templated":true}]}}