{"id":210,"date":"2021-04-26T04:39:19","date_gmt":"2021-04-26T07:39:19","guid":{"rendered":"https:\/\/www3.unicentro.br\/brinquedoteca\/?page_id=210"},"modified":"2021-05-24T13:49:26","modified_gmt":"2021-05-24T16:49:26","slug":"brincarcomanatureza","status":"publish","type":"page","link":"https:\/\/www3.unicentro.br\/brinquedoteca\/acervo\/eventos\/semana-do-brincar-o-brincar-e-suas-multiplas-possibilidades\/brincarcomanatureza\/","title":{"rendered":"Brincar com a natureza"},"content":{"rendered":"<p><span style=\"color: #000000;font-size: 18pt\">Textos para leitura:<\/span><\/p>\n<p style=\"text-align: justify\"><span style=\"font-size: 14pt;color: #800080\"><a style=\"color: #800080\" href=\"https:\/\/www3.unicentro.br\/brinquedoteca\/wp-content\/uploads\/sites\/117\/2021\/05\/45751-161880-1-PB.pdf\">INF\u00c2NCIA, NATUREZA E AFETOS: O \u201cDESEMPAREDAMENTO\u201d E AS VIV\u00caNCIAS NO P\u00c1TIO DA EDUCA\u00c7\u00c3O INFANTIL DO COL\u00c9GIO DE APLICA\u00c7\u00c3O DA UFRJ <\/a><\/span><\/p>\n<p style=\"text-align: left\"><span style=\"font-size: 14pt;color: #800080\"><a style=\"color: #800080\" href=\"https:\/\/www3.unicentro.br\/brinquedoteca\/wp-content\/uploads\/sites\/117\/2021\/05\/2.9_artigo_mec_criancas_natureza_lea_tiriba.pdf\">CRIAN\u00c7AS DA NATUREZA- Lea Tiriba\u00a0<\/a><\/span><\/p>\n<p><span style=\"font-size: 14pt;color: #000000\">TIRIBA, Lea. Educa\u00e7\u00e3o Infantil como Direito e Alegria. Em busca de pedagogiass ecol\u00f3gicas, populares e libert\u00e1rias. Rio de Janeiro; S\u00e3o Paulo: Paz e Terra, 2018.<\/span><\/p>\n<p><span style=\"font-size: 14pt;color: #000000\"><span style=\"font-size: 18pt\">Link do formul\u00e1rio da certifica\u00e7\u00e3o:<\/span> <span style=\"color: #993366\"><a style=\"color: #993366\" href=\"https:\/\/forms.gle\/KrZQdNZDQRm6Gu1a9\">https:\/\/forms.gle\/KrZQdNZDQRm6Gu1a9<\/a><\/span><\/span><\/p>\n<p><span style=\"color: #000000;font-size: 18pt\">Grava\u00e7\u00e3o da reuni\u00e3o realizada pelo Meet: &#8220;Brincar com a Natureza&#8221; &#8211; 24\/05\/2021 &#8211; 10h :<\/span><\/p>\n<p><iframe loading=\"lazy\" title=\"Brincar com a natureza\" width=\"900\" height=\"506\" src=\"https:\/\/www.youtube.com\/embed\/_VCmPdt75Mo?feature=oembed\" frameborder=\"0\" allow=\"accelerometer; autoplay; clipboard-write; encrypted-media; gyroscope; picture-in-picture\" allowfullscreen><\/iframe><\/p>\n","protected":false},"excerpt":{"rendered":"<p>Textos para leitura: INF\u00c2NCIA, NATUREZA E AFETOS: O \u201cDESEMPAREDAMENTO\u201d E AS VIV\u00caNCIAS NO P\u00c1TIO DA EDUCA\u00c7\u00c3O INFANTIL DO COL\u00c9GIO DE APLICA\u00c7\u00c3O DA UFRJ CRIAN\u00c7AS DA NATUREZA- Lea Tiriba\u00a0 TIRIBA, Lea. Educa\u00e7\u00e3o Infantil como Direito e Alegria. Em busca de pedagogiass ecol\u00f3gicas, populares e libert\u00e1rias. Rio de Janeiro; S\u00e3o Paulo: Paz e Terra, 2018. Link do [&hellip;]<\/p>\n","protected":false},"author":358,"featured_media":0,"parent":188,"menu_order":0,"comment_status":"closed","ping_status":"closed","template":"","meta":{"_exactmetrics_skip_tracking":false,"_exactmetrics_sitenote_active":false,"_exactmetrics_sitenote_note":"","_exactmetrics_sitenote_category":0,"footnotes":"","_links_to":"","_links_to_target":""},"class_list":["post-210","page","type-page","status-publish","hentry"],"_links":{"self":[{"href":"https:\/\/www3.unicentro.br\/brinquedoteca\/wp-json\/wp\/v2\/pages\/210","targetHints":{"allow":["GET"]}}],"collection":[{"href":"https:\/\/www3.unicentro.br\/brinquedoteca\/wp-json\/wp\/v2\/pages"}],"about":[{"href":"https:\/\/www3.unicentro.br\/brinquedoteca\/wp-json\/wp\/v2\/types\/page"}],"author":[{"embeddable":true,"href":"https:\/\/www3.unicentro.br\/brinquedoteca\/wp-json\/wp\/v2\/users\/358"}],"replies":[{"embeddable":true,"href":"https:\/\/www3.unicentro.br\/brinquedoteca\/wp-json\/wp\/v2\/comments?post=210"}],"version-history":[{"count":0,"href":"https:\/\/www3.unicentro.br\/brinquedoteca\/wp-json\/wp\/v2\/pages\/210\/revisions"}],"up":[{"embeddable":true,"href":"https:\/\/www3.unicentro.br\/brinquedoteca\/wp-json\/wp\/v2\/pages\/188"}],"wp:attachment":[{"href":"https:\/\/www3.unicentro.br\/brinquedoteca\/wp-json\/wp\/v2\/media?parent=210"}],"curies":[{"name":"wp","href":"https:\/\/api.w.org\/{rel}","templated":true}]}}