{"id":188,"date":"2021-04-26T03:54:23","date_gmt":"2021-04-26T06:54:23","guid":{"rendered":"https:\/\/www3.unicentro.br\/brinquedoteca\/?page_id=188"},"modified":"2021-05-27T16:00:22","modified_gmt":"2021-05-27T19:00:22","slug":"semana-do-brincar-o-brincar-e-suas-multiplas-possibilidades","status":"publish","type":"page","link":"https:\/\/www3.unicentro.br\/brinquedoteca\/acervo\/eventos\/semana-do-brincar-o-brincar-e-suas-multiplas-possibilidades\/","title":{"rendered":"Semana do Brincar: O Brincar e suas M\u00faltiplas Possibilidades"},"content":{"rendered":"<p><a href=\"https:\/\/www3.unicentro.br\/brinquedoteca\/wp-content\/uploads\/sites\/117\/2021\/04\/WhatsApp-Image-2021-04-26-at-03.55.01.jpeg\"><img loading=\"lazy\" decoding=\"async\" class=\"alignleft wp-image-190\" src=\"https:\/\/www3.unicentro.br\/brinquedoteca\/wp-content\/uploads\/sites\/117\/2021\/04\/WhatsApp-Image-2021-04-26-at-03.55.01.jpeg\" alt=\"\" width=\"389\" height=\"389\" srcset=\"https:\/\/www3.unicentro.br\/brinquedoteca\/wp-content\/uploads\/sites\/117\/2021\/04\/WhatsApp-Image-2021-04-26-at-03.55.01.jpeg 1080w, https:\/\/www3.unicentro.br\/brinquedoteca\/wp-content\/uploads\/sites\/117\/2021\/04\/WhatsApp-Image-2021-04-26-at-03.55.01-768x768.jpeg 768w, https:\/\/www3.unicentro.br\/brinquedoteca\/wp-content\/uploads\/sites\/117\/2021\/04\/WhatsApp-Image-2021-04-26-at-03.55.01-50x50.jpeg 50w, https:\/\/www3.unicentro.br\/brinquedoteca\/wp-content\/uploads\/sites\/117\/2021\/04\/WhatsApp-Image-2021-04-26-at-03.55.01-80x80.jpeg 80w, https:\/\/www3.unicentro.br\/brinquedoteca\/wp-content\/uploads\/sites\/117\/2021\/04\/WhatsApp-Image-2021-04-26-at-03.55.01-263x263.jpeg 263w, https:\/\/www3.unicentro.br\/brinquedoteca\/wp-content\/uploads\/sites\/117\/2021\/04\/WhatsApp-Image-2021-04-26-at-03.55.01-100x100.jpeg 100w, https:\/\/www3.unicentro.br\/brinquedoteca\/wp-content\/uploads\/sites\/117\/2021\/04\/WhatsApp-Image-2021-04-26-at-03.55.01-526x526.jpeg 526w, https:\/\/www3.unicentro.br\/brinquedoteca\/wp-content\/uploads\/sites\/117\/2021\/04\/WhatsApp-Image-2021-04-26-at-03.55.01-255x255.jpeg 255w\" sizes=\"auto, (max-width: 389px) 100vw, 389px\" \/><\/a><\/p>\n<p style=\"text-align: justify\"><span style=\"font-size: 14pt;color: #000000\">O Laborat\u00f3rio de Educa\u00e7\u00e3o Infantil \u2013 Brinquedoteca e Sala de Leitura \u2013 convida a comunidade acad\u00eamica para participar da Semana do Brincar: O Brincar e suas M\u00faltiplas Possibilidades que ocorrer\u00e1 nos dias 24 \u00e0 28 de Maio com as seguintes atividade:<\/span><\/p>\n<p style=\"text-align: center\"><span style=\"font-family: 'arial black', sans-serif;font-size: 14pt;color: #000000\"><strong>Rodas de<\/strong> C<strong>onversas;<\/strong><\/span><br \/>\n<span style=\"font-family: 'arial black', sans-serif;font-size: 14pt;color: #000000\"><strong>Oficinas;<\/strong><\/span><br \/>\n<span style=\"font-family: 'arial black', sans-serif;font-size: 14pt;color: #000000\"><strong>Conta\u00e7\u00f5es de Hist\u00f3ria;<\/strong><\/span><br \/>\n<span style=\"font-family: 'arial black', sans-serif;font-size: 14pt;color: #000000\"><strong>Filme.<\/strong><\/span><\/p>\n<p>&nbsp;<\/p>\n<p>&nbsp;<\/p>\n<p>&nbsp;<\/p>\n<p>&nbsp;<\/p>\n<p style=\"text-align: center\"><span style=\"font-family: impact, sans-serif;font-size: 18pt;color: #000000\">Acesse aqui as atividades<\/span><\/p>\n<table class=\" aligncenter\" style=\"height: 708px;width: 128.366%;border-color: #ad25cf;background-color: #ffffff;border-style: ridge\" width=\"127.758%\">\n<tbody>\n<tr style=\"height: 28px\">\n<td style=\"text-align: center;width: 21.1174%;height: 28px\" width=\"208\"><span style=\"font-family: 'arial black', sans-serif\"><strong><span style=\"color: #000000;font-size: 14pt\">SEGUNDA (24\/05)<\/span><\/strong><\/span><\/td>\n<td style=\"width: 19.7917%;height: 28px\" width=\"226\"><span style=\"font-family: 'arial black', sans-serif\"><strong><span style=\"color: #000000;font-size: 14pt\">TER\u00c7A <\/span><span style=\"color: #000000;font-size: 14pt\">(25\/05)<\/span><\/strong><\/span><\/td>\n<td style=\"width: 19.1288%;height: 28px\" width=\"208\"><span style=\"font-family: 'arial black', sans-serif\"><strong><span style=\"color: #000000;font-size: 14pt\">QUARTA (26\/05)<\/span><\/strong><\/span><\/td>\n<td style=\"text-align: center;width: 19.3182%;height: 28px\" width=\"208\"><span style=\"font-family: 'arial black', sans-serif\"><strong><span style=\"color: #000000;font-size: 14pt\">QUINTA <\/span><span style=\"color: #000000;font-size: 14pt\">(27\/05)<\/span><\/strong><\/span><\/td>\n<td style=\"text-align: center;width: 19.3182%;height: 28px\" width=\"208\"><span style=\"font-family: 'arial black', sans-serif\"><strong><span style=\"color: #000000;font-size: 14pt\">SEXTA <\/span><\/strong><\/span><span style=\"font-family: 'arial black', sans-serif\"><strong><span style=\"color: #000000;font-size: 14pt\">(28\/05)<\/span><\/strong><\/span><\/td>\n<\/tr>\n<tr style=\"height: 268px\">\n<td style=\"width: 21.1174%;text-align: center;height: 268px\" width=\"208\">&nbsp;<\/p>\n<p><a href=\"https:\/\/www3.unicentro.br\/brinquedoteca\/eventos\/semana-do-brincar-o-brincar-e-suas-multiplas-possibilidades\/brincarcomanatureza\/\"><span style=\"color: #000000;font-family: arial, helvetica, sans-serif;font-size: 14pt\"><strong>10h &#8211;\u00a0 Brincar com a natureza<\/strong><\/span><\/a><\/td>\n<td style=\"width: 19.7917%;height: 268px\" width=\"226\">&nbsp;<\/p>\n<p><a href=\"https:\/\/www3.unicentro.br\/brinquedoteca\/eventos\/semana-do-brincar-o-brincar-e-suas-multiplas-possibilidades\/filmewaapa\/\"><span style=\"color: #000000;font-family: arial, helvetica, sans-serif;font-size: 14pt\"><strong>Filme<\/strong> &#8211; Waapa (Atividade Ass\u00edncrona)<\/span><\/a><\/p>\n<p><a href=\"https:\/\/www3.unicentro.br\/brinquedoteca\/eventos\/semana-do-brincar-o-brincar-e-suas-multiplas-possibilidades\/mesa-redonda-brincar-e-os-povos-indigenas\/\"><span style=\"color: #000000;font-family: arial, helvetica, sans-serif;font-size: 14pt\"><strong>10h- Mesa Redonda: Brincar e os povos ind\u00edgenas<\/strong><\/span><\/a><\/td>\n<td style=\"width: 19.1288%;height: 268px\" width=\"208\"><a href=\"https:\/\/www3.unicentro.br\/brinquedoteca\/eventos\/semana-do-brincar-o-brincar-e-suas-multiplas-possibilidades\/mesa-redonda-o-brincar-e-as-brincadeiras-pelo-mundo\/\"><span style=\"color: #000000;font-family: arial, helvetica, sans-serif;font-size: 14pt\"><strong>9h \u2013 Mesa redonda: O brincar e as brincadeiras pelo mundo<\/strong><\/span><\/a><\/td>\n<td style=\"width: 19.3182%;text-align: center;height: 268px\" width=\"208\"><a href=\"https:\/\/www3.unicentro.br\/brinquedoteca\/eventos\/semana-do-brincar-o-brincar-e-suas-multiplas-possibilidades\/brincar-em-casa\/\"><span style=\"color: #000000;font-family: arial, helvetica, sans-serif;font-size: 14pt\"><strong>9h \u2013\u00a0 Brincar em casa<\/strong><\/span><\/a><\/p>\n<p>&nbsp;<\/p>\n<p>&nbsp;<\/td>\n<td style=\"width: 19.3182%;height: 268px\" width=\"208\"><a href=\"https:\/\/www3.unicentro.br\/brinquedoteca\/eventos\/semana-do-brincar-o-brincar-e-suas-multiplas-possibilidades\/mesa-redonda-o-brincar-e-o-desenvolvimento-infantil-qual-o-papel-dos-adultos\/\"><span style=\"color: #000000;font-family: arial, helvetica, sans-serif;font-size: 14pt\"><strong>9h \u2013 <\/strong><strong>O brincar e o desenvolvimento infantil: qual o papel dos adultos?<\/strong><\/span><\/a><\/td>\n<\/tr>\n<tr style=\"height: 224px\">\n<td style=\"width: 21.1174%;height: 224px\" width=\"208\"><a href=\"https:\/\/www3.unicentro.br\/brinquedoteca\/eventos\/semana-do-brincar-o-brincar-e-suas-multiplas-possibilidades\/contacaodehistoriajoaosortudo\/\"><span style=\"color: #000000;font-family: arial, helvetica, sans-serif;font-size: 14pt\"><strong>Conta\u00e7\u00e3o de Hist\u00f3ria: Jo\u00e3o Sortudo &#8211; <\/strong><\/span><span style=\"color: #000000;font-family: arial, helvetica, sans-serif;font-size: 14pt\">(Atividade Ass\u00edncrona)<\/span><\/a><\/td>\n<td style=\"width: 19.7917%;text-align: center;height: 224px\" width=\"226\"><a href=\"https:\/\/www3.unicentro.br\/brinquedoteca\/eventos\/semana-do-brincar-o-brincar-e-suas-multiplas-possibilidades\/obrincarecontar\/\"><span style=\"color: #000000;font-family: arial, helvetica, sans-serif;font-size: 14pt\"><strong>13:30 \u2013 O brincar e contar <\/strong><\/span><\/a><\/td>\n<td style=\"width: 19.1288%;text-align: center;height: 224px\" width=\"208\"><a href=\"https:\/\/www3.unicentro.br\/brinquedoteca\/eventos\/semana-do-brincar-o-brincar-e-suas-multiplas-possibilidades\/brincareasbrincadeirasnojapao\/\"><span style=\"color: #000000;font-family: arial, helvetica, sans-serif;font-size: 14pt\"><strong>Brincar e as brincadeiras no Jap\u00e3o &#8211;<\/strong><\/span><\/a> <span style=\"color: #000000;font-family: arial, helvetica, sans-serif;font-size: 14pt\">(Atividade Ass\u00edncrona)<\/span><\/td>\n<td style=\"width: 19.3182%;height: 224px\" width=\"208\"><a href=\"https:\/\/www3.unicentro.br\/brinquedoteca\/eventos\/semana-do-brincar-o-brincar-e-suas-multiplas-possibilidades\/oficina-diversas-possibilidades-do-brincar-com-bexigas\/\"><span style=\"color: #000000;font-family: arial, helvetica, sans-serif;font-size: 14pt\"><strong>16h &#8211; Oficina: Diversas possibilidades do brincar com bexigas<\/strong><\/span><\/a><\/td>\n<td style=\"width: 19.3182%;height: 224px\" width=\"208\"><a href=\"https:\/\/www3.unicentro.br\/brinquedoteca\/eventos\/semana-do-brincar-o-brincar-e-suas-multiplas-possibilidades\/contacao-de-historia-tibi-e-joca\/\"><span style=\"color: #000000;font-family: arial, helvetica, sans-serif;font-size: 14pt\"><strong>Conta\u00e7\u00e3o de hist\u00f3ria: Tibi e Joca: Uma hist\u00f3ria de dois mundos &#8211; <\/strong><\/span><\/a><span style=\"color: #000000;font-family: arial, helvetica, sans-serif;font-size: 14pt\">(Atividade Ass\u00edncrona)<\/span><\/td>\n<\/tr>\n<tr style=\"height: 128px\">\n<td style=\"width: 21.1174%;text-align: center;height: 128px\" width=\"208\"><a href=\"https:\/\/www3.unicentro.br\/brinquedoteca\/eventos\/semana-do-brincar-o-brincar-e-suas-multiplas-possibilidades\/brincadeiracantadaamagiadahistoriafazendomagicacomumpanoencantado\/\"><span style=\"color: #000000;font-family: arial, helvetica, sans-serif;font-size: 14pt\"><strong>Brincadeira Cantada:\u00a0 (A magia da hist\u00f3ria) Fazendo m\u00e1gica com um pano encantado<\/strong><\/span><span style=\"color: #000000;font-family: arial, helvetica, sans-serif;font-size: 14pt\">-(Atividade Ass\u00edncrona)<\/span><\/a><\/td>\n<td style=\"width: 19.7917%;text-align: center;height: 128px\" width=\"226\"><a href=\"https:\/\/www3.unicentro.br\/brinquedoteca\/eventos\/semana-do-brincar-o-brincar-e-suas-multiplas-possibilidades\/oficina-a-magica-e-seu-encantamento-ludico\/\"><span style=\"color: #000000;font-family: arial, helvetica, sans-serif;font-size: 14pt\"><strong>20h -Oficina: A m\u00e1gica e seu encantamento l\u00fadico<\/strong><\/span><\/a><\/td>\n<td style=\"width: 19.1288%;text-align: center;height: 128px\" width=\"208\"><\/td>\n<td style=\"width: 19.3182%;text-align: center;height: 128px\" width=\"208\"><a href=\"https:\/\/www3.unicentro.br\/brinquedoteca\/eventos\/semana-do-brincar-o-brincar-e-suas-multiplas-possibilidades\/mesa-redonda-brincar-e-os-recursos-tecnologicos\/\"><span style=\"color: #000000;font-family: arial, helvetica, sans-serif;font-size: 14pt\"><strong>19h30m \u2013 Mesa redonda:<\/strong>\u00a0 <strong>Brincar e os recursos tecnol\u00f3gicos <\/strong><\/span><\/a><\/td>\n<td style=\"width: 19.3182%;text-align: center;height: 128px\" width=\"208\"><a href=\"https:\/\/www3.unicentro.br\/brinquedoteca\/eventos\/semana-do-brincar-o-brincar-e-suas-multiplas-possibilidades\/desenho-infantil-arte-e-criacao\/\"><span style=\"color: #000000;font-family: arial, helvetica, sans-serif;font-size: 14pt\"><strong>Oficina: Desenho infantil: Arte e Cria\u00e7\u00e3o- <\/strong>(Atividade Ass\u00edncrona)<\/span><\/a><\/td>\n<\/tr>\n<\/tbody>\n<\/table>\n<p>&nbsp;<\/p>\n","protected":false},"excerpt":{"rendered":"<p>O Laborat\u00f3rio de Educa\u00e7\u00e3o Infantil \u2013 Brinquedoteca e Sala de Leitura \u2013 convida a comunidade acad\u00eamica para participar da Semana do Brincar: O Brincar e suas M\u00faltiplas Possibilidades que ocorrer\u00e1 nos dias 24 \u00e0 28 de Maio com as seguintes atividade: Rodas de Conversas; Oficinas; Conta\u00e7\u00f5es de Hist\u00f3ria; Filme. &nbsp; &nbsp; &nbsp; &nbsp; Acesse aqui [&hellip;]<\/p>\n","protected":false},"author":358,"featured_media":0,"parent":35,"menu_order":0,"comment_status":"closed","ping_status":"closed","template":"","meta":{"_exactmetrics_skip_tracking":false,"_exactmetrics_sitenote_active":false,"_exactmetrics_sitenote_note":"","_exactmetrics_sitenote_category":0,"footnotes":"","_links_to":"","_links_to_target":""},"class_list":["post-188","page","type-page","status-publish","hentry"],"_links":{"self":[{"href":"https:\/\/www3.unicentro.br\/brinquedoteca\/wp-json\/wp\/v2\/pages\/188","targetHints":{"allow":["GET"]}}],"collection":[{"href":"https:\/\/www3.unicentro.br\/brinquedoteca\/wp-json\/wp\/v2\/pages"}],"about":[{"href":"https:\/\/www3.unicentro.br\/brinquedoteca\/wp-json\/wp\/v2\/types\/page"}],"author":[{"embeddable":true,"href":"https:\/\/www3.unicentro.br\/brinquedoteca\/wp-json\/wp\/v2\/users\/358"}],"replies":[{"embeddable":true,"href":"https:\/\/www3.unicentro.br\/brinquedoteca\/wp-json\/wp\/v2\/comments?post=188"}],"version-history":[{"count":0,"href":"https:\/\/www3.unicentro.br\/brinquedoteca\/wp-json\/wp\/v2\/pages\/188\/revisions"}],"up":[{"embeddable":true,"href":"https:\/\/www3.unicentro.br\/brinquedoteca\/wp-json\/wp\/v2\/pages\/35"}],"wp:attachment":[{"href":"https:\/\/www3.unicentro.br\/brinquedoteca\/wp-json\/wp\/v2\/media?parent=188"}],"curies":[{"name":"wp","href":"https:\/\/api.w.org\/{rel}","templated":true}]}}