{"id":167,"date":"2021-04-13T21:31:51","date_gmt":"2021-04-14T00:31:51","guid":{"rendered":"https:\/\/www3.unicentro.br\/brinquedoteca\/?page_id=167"},"modified":"2021-04-15T22:43:30","modified_gmt":"2021-04-16T01:43:30","slug":"roda-de-conversa","status":"publish","type":"page","link":"https:\/\/www3.unicentro.br\/brinquedoteca\/acervo\/eventos\/semana-do-brincar-e-ler-discussoes-emergentes\/roda-de-conversa\/","title":{"rendered":"Roda de Conversa"},"content":{"rendered":"<p>&nbsp;<\/p>\n<p><iframe loading=\"lazy\" title=\"Roda de conversa:  Brincar e Ler em Tempos de Pandemia:  O que fizemos?  Para onde vamos ?\" width=\"900\" height=\"506\" src=\"https:\/\/www.youtube.com\/embed\/x4UlkV3D-rg?feature=oembed\" frameborder=\"0\" allow=\"accelerometer; autoplay; clipboard-write; encrypted-media; gyroscope; picture-in-picture\" allowfullscreen><\/iframe><\/p>\n<p style=\"text-align: center\"><span style=\"font-size: 18pt;color: #000000\">Link do formul\u00e1rio*\u00a0 para certifica\u00e7\u00e3o: <a style=\"color: #000000\" href=\"https:\/\/forms.gle\/rZu91aJYtBABqfDV9\">https:\/\/forms.gle\/rZu91aJYtBABqfDV9<\/a><\/span><\/p>\n<p style=\"text-align: center\"><span style=\"font-size: 18pt;color: #000000\">* O formul\u00e1rio estar\u00e1 dispon\u00edvel at\u00e9 \u00e0s 23h59m do dia 16\/04.<\/span><\/p>\n","protected":false},"excerpt":{"rendered":"<p>&nbsp; Link do formul\u00e1rio*\u00a0 para certifica\u00e7\u00e3o: https:\/\/forms.gle\/rZu91aJYtBABqfDV9 * O formul\u00e1rio estar\u00e1 dispon\u00edvel at\u00e9 \u00e0s 23h59m do dia 16\/04.<\/p>\n","protected":false},"author":358,"featured_media":0,"parent":76,"menu_order":0,"comment_status":"closed","ping_status":"closed","template":"","meta":{"_exactmetrics_skip_tracking":false,"_exactmetrics_sitenote_active":false,"_exactmetrics_sitenote_note":"","_exactmetrics_sitenote_category":0,"footnotes":"","_links_to":"","_links_to_target":""},"class_list":["post-167","page","type-page","status-publish","hentry"],"_links":{"self":[{"href":"https:\/\/www3.unicentro.br\/brinquedoteca\/wp-json\/wp\/v2\/pages\/167","targetHints":{"allow":["GET"]}}],"collection":[{"href":"https:\/\/www3.unicentro.br\/brinquedoteca\/wp-json\/wp\/v2\/pages"}],"about":[{"href":"https:\/\/www3.unicentro.br\/brinquedoteca\/wp-json\/wp\/v2\/types\/page"}],"author":[{"embeddable":true,"href":"https:\/\/www3.unicentro.br\/brinquedoteca\/wp-json\/wp\/v2\/users\/358"}],"replies":[{"embeddable":true,"href":"https:\/\/www3.unicentro.br\/brinquedoteca\/wp-json\/wp\/v2\/comments?post=167"}],"version-history":[{"count":0,"href":"https:\/\/www3.unicentro.br\/brinquedoteca\/wp-json\/wp\/v2\/pages\/167\/revisions"}],"up":[{"embeddable":true,"href":"https:\/\/www3.unicentro.br\/brinquedoteca\/wp-json\/wp\/v2\/pages\/76"}],"wp:attachment":[{"href":"https:\/\/www3.unicentro.br\/brinquedoteca\/wp-json\/wp\/v2\/media?parent=167"}],"curies":[{"name":"wp","href":"https:\/\/api.w.org\/{rel}","templated":true}]}}