{"id":163,"date":"2021-04-13T15:31:36","date_gmt":"2021-04-13T18:31:36","guid":{"rendered":"https:\/\/www3.unicentro.br\/brinquedoteca\/?page_id=163"},"modified":"2021-04-14T14:40:26","modified_gmt":"2021-04-14T17:40:26","slug":"conversa-de-crianca","status":"publish","type":"page","link":"https:\/\/www3.unicentro.br\/brinquedoteca\/acervo\/eventos\/semana-do-brincar-e-ler-discussoes-emergentes\/conversa-de-crianca\/","title":{"rendered":"Conversa de Crian\u00e7a"},"content":{"rendered":"<p>&nbsp;<\/p>\n<p><iframe loading=\"lazy\" title=\"Conversa de Crian\u00e7a\" width=\"900\" height=\"506\" src=\"https:\/\/www.youtube.com\/embed\/Dqr2OHDOHWQ?feature=oembed\" frameborder=\"0\" allow=\"accelerometer; autoplay; clipboard-write; encrypted-media; gyroscope; picture-in-picture\" allowfullscreen><\/iframe><\/p>\n<p style=\"text-align: center\"><span style=\"color: #000000;font-size: 18pt\">Link do formul\u00e1rio*\u00a0 para certifica\u00e7\u00e3o: <a style=\"color: #000000\" href=\"https:\/\/forms.gle\/TfmLHwAhnZbePdoM8\">https:\/\/forms.gle\/TfmLHwAhnZbePdoM8<\/a><\/span><\/p>\n<p style=\"text-align: center\"><span style=\"color: #000000;font-size: 18pt\">* O formul\u00e1rio estar\u00e1 dispon\u00edvel at\u00e9 \u00e0s 23h59m do dia 16\/04.<\/span><\/p>\n","protected":false},"excerpt":{"rendered":"<p>&nbsp; Link do formul\u00e1rio*\u00a0 para certifica\u00e7\u00e3o: https:\/\/forms.gle\/TfmLHwAhnZbePdoM8 * O formul\u00e1rio estar\u00e1 dispon\u00edvel at\u00e9 \u00e0s 23h59m do dia 16\/04.<\/p>\n","protected":false},"author":358,"featured_media":0,"parent":76,"menu_order":0,"comment_status":"closed","ping_status":"closed","template":"","meta":{"_exactmetrics_skip_tracking":false,"_exactmetrics_sitenote_active":false,"_exactmetrics_sitenote_note":"","_exactmetrics_sitenote_category":0,"footnotes":"","_links_to":"","_links_to_target":""},"class_list":["post-163","page","type-page","status-publish","hentry"],"_links":{"self":[{"href":"https:\/\/www3.unicentro.br\/brinquedoteca\/wp-json\/wp\/v2\/pages\/163","targetHints":{"allow":["GET"]}}],"collection":[{"href":"https:\/\/www3.unicentro.br\/brinquedoteca\/wp-json\/wp\/v2\/pages"}],"about":[{"href":"https:\/\/www3.unicentro.br\/brinquedoteca\/wp-json\/wp\/v2\/types\/page"}],"author":[{"embeddable":true,"href":"https:\/\/www3.unicentro.br\/brinquedoteca\/wp-json\/wp\/v2\/users\/358"}],"replies":[{"embeddable":true,"href":"https:\/\/www3.unicentro.br\/brinquedoteca\/wp-json\/wp\/v2\/comments?post=163"}],"version-history":[{"count":0,"href":"https:\/\/www3.unicentro.br\/brinquedoteca\/wp-json\/wp\/v2\/pages\/163\/revisions"}],"up":[{"embeddable":true,"href":"https:\/\/www3.unicentro.br\/brinquedoteca\/wp-json\/wp\/v2\/pages\/76"}],"wp:attachment":[{"href":"https:\/\/www3.unicentro.br\/brinquedoteca\/wp-json\/wp\/v2\/media?parent=163"}],"curies":[{"name":"wp","href":"https:\/\/api.w.org\/{rel}","templated":true}]}}