{"id":152,"date":"2021-04-13T12:43:31","date_gmt":"2021-04-13T15:43:31","guid":{"rendered":"https:\/\/www3.unicentro.br\/brinquedoteca\/?page_id=152"},"modified":"2021-04-14T14:45:42","modified_gmt":"2021-04-14T17:45:42","slug":"mural-virtual","status":"publish","type":"page","link":"https:\/\/www3.unicentro.br\/brinquedoteca\/acervo\/eventos\/semana-do-brincar-e-ler-discussoes-emergentes\/mural-virtual\/","title":{"rendered":"Mural Virtual"},"content":{"rendered":"<div style=\"width: 900px;\" class=\"wp-video\"><video class=\"wp-video-shortcode\" id=\"video-152-1\" width=\"900\" height=\"636\" poster=\"https:\/\/www3.unicentro.br\/brinquedoteca\/wp-content\/uploads\/sites\/117\/2021\/04\/Atividade-Escolar-Digital-Colorida-de-Museu-Virtual-1.jpg\" preload=\"metadata\" controls=\"controls\"><source type=\"video\/mp4\" src=\"https:\/\/www3.unicentro.br\/brinquedoteca\/wp-content\/uploads\/sites\/117\/2021\/04\/Atividade-Escolar-Digital-Colorida-de-Museu-Virtual-4.mp4?_=1\" \/><a href=\"https:\/\/www3.unicentro.br\/brinquedoteca\/wp-content\/uploads\/sites\/117\/2021\/04\/Atividade-Escolar-Digital-Colorida-de-Museu-Virtual-4.mp4\">https:\/\/www3.unicentro.br\/brinquedoteca\/wp-content\/uploads\/sites\/117\/2021\/04\/Atividade-Escolar-Digital-Colorida-de-Museu-Virtual-4.mp4<\/a><\/video><\/div>\n<p style=\"text-align: center\"><span style=\"font-size: 18pt;color: #000000\">Link do formul\u00e1rio*\u00a0 para certifica\u00e7\u00e3o: <a style=\"color: #000000\" href=\"https:\/\/forms.gle\/qG1pSYZFSrDTzV2H8\">https:\/\/forms.gle\/qG1pSYZFSrDTzV2H8<\/a><\/span><\/p>\n<p style=\"text-align: center\"><span style=\"font-size: 18pt;color: #000000\">* O formul\u00e1rio estar\u00e1 dispon\u00edvel at\u00e9 \u00e0s 23h59m do dia 16\/04.<\/span><\/p>\n<p>&nbsp;<\/p>\n<p><iframe loading=\"lazy\" title=\"Mural Virtual\" width=\"900\" height=\"675\" src=\"https:\/\/www.youtube.com\/embed\/EMjrVG2Vpho?feature=oembed\" frameborder=\"0\" allow=\"accelerometer; autoplay; clipboard-write; encrypted-media; gyroscope; picture-in-picture\" allowfullscreen><\/iframe><\/p>\n","protected":false},"excerpt":{"rendered":"<p>Link do formul\u00e1rio*\u00a0 para certifica\u00e7\u00e3o: https:\/\/forms.gle\/qG1pSYZFSrDTzV2H8 * O formul\u00e1rio estar\u00e1 dispon\u00edvel at\u00e9 \u00e0s 23h59m do dia 16\/04. &nbsp;<\/p>\n","protected":false},"author":358,"featured_media":0,"parent":76,"menu_order":0,"comment_status":"closed","ping_status":"closed","template":"","meta":{"_exactmetrics_skip_tracking":false,"_exactmetrics_sitenote_active":false,"_exactmetrics_sitenote_note":"","_exactmetrics_sitenote_category":0,"footnotes":"","_links_to":"","_links_to_target":""},"class_list":["post-152","page","type-page","status-publish","hentry"],"_links":{"self":[{"href":"https:\/\/www3.unicentro.br\/brinquedoteca\/wp-json\/wp\/v2\/pages\/152","targetHints":{"allow":["GET"]}}],"collection":[{"href":"https:\/\/www3.unicentro.br\/brinquedoteca\/wp-json\/wp\/v2\/pages"}],"about":[{"href":"https:\/\/www3.unicentro.br\/brinquedoteca\/wp-json\/wp\/v2\/types\/page"}],"author":[{"embeddable":true,"href":"https:\/\/www3.unicentro.br\/brinquedoteca\/wp-json\/wp\/v2\/users\/358"}],"replies":[{"embeddable":true,"href":"https:\/\/www3.unicentro.br\/brinquedoteca\/wp-json\/wp\/v2\/comments?post=152"}],"version-history":[{"count":0,"href":"https:\/\/www3.unicentro.br\/brinquedoteca\/wp-json\/wp\/v2\/pages\/152\/revisions"}],"up":[{"embeddable":true,"href":"https:\/\/www3.unicentro.br\/brinquedoteca\/wp-json\/wp\/v2\/pages\/76"}],"wp:attachment":[{"href":"https:\/\/www3.unicentro.br\/brinquedoteca\/wp-json\/wp\/v2\/media?parent=152"}],"curies":[{"name":"wp","href":"https:\/\/api.w.org\/{rel}","templated":true}]}}