{"id":58,"date":"2026-04-30T15:09:15","date_gmt":"2026-04-30T18:09:15","guid":{"rendered":"https:\/\/www3.unicentro.br\/bio3\/?page_id=58"},"modified":"2026-04-30T15:09:15","modified_gmt":"2026-04-30T18:09:15","slug":"equipamentos","status":"publish","type":"page","link":"https:\/\/www3.unicentro.br\/bio3\/equipamentos\/","title":{"rendered":"Equipamentos"},"content":{"rendered":"<ul>\n<li><strong><a href=\"https:\/\/www3.unicentro.br\/propesp\/wp-content\/uploads\/sites\/99\/2025\/07\/Plano_Gest_o_Equiptos_Multiusu_rios__COT_686424a6ce23d.pdf\">Analisador de Carbono Total C.O.T.<\/a><\/strong><\/li>\n<li><strong><a href=\"https:\/\/www2.unicentro.br\/pesquisa\/files\/2020\/09\/Analisador-Elementar-CHNS-O.pdf?x75905\">Analisador Elementar CHNS\/O<\/a><\/strong><\/li>\n<li><strong><a href=\"https:\/\/www2.unicentro.br\/pesquisa\/files\/2020\/09\/Autoclave.pdf?x75905\">Autoclave<\/a><\/strong><\/li>\n<li><strong><a href=\"https:\/\/www2.unicentro.br\/pesquisa\/files\/2020\/09\/Biorreator-com-membrana-automatizado.pdf?x75905\">Biorreator com membrana automatizado<\/a><\/strong><\/li>\n<li><strong><a href=\"https:\/\/www2.unicentro.br\/pesquisa\/files\/2020\/09\/Bomba-Calorimetrica.pdf?x75905\">Bomba Calorim\u00e9trica<\/a><\/strong><\/li>\n<li><strong><a href=\"https:\/\/www2.unicentro.br\/pesquisa\/files\/2020\/09\/Casa-de-Vegetacao.pdf?x75905\">Casa de Vegeta\u00e7\u00e3o Climatizada<\/a><\/strong><\/li>\n<li><strong><a href=\"https:\/\/www2.unicentro.br\/pesquisa\/files\/2020\/09\/Cromatografo.pdf?x75905\">Cromat\u00f3grafo<\/a><\/strong><\/li>\n<li><a href=\"https:\/\/www2.unicentro.br\/pesquisa\/files\/2020\/09\/Cromatografo-gasoso-modelo-GC-2014-Shimadzu.pdf?x75905\"><strong>Cromat\u00f3grafo gasoso modelo GC-2014 Shimadzu<\/strong><\/a><\/li>\n<li><strong><a href=\"https:\/\/www2.unicentro.br\/pesquisa\/files\/2020\/09\/Digestor-de-Kjedahl.pdf?x75905\">Digestor de Kjedahl<\/a><\/strong><\/li>\n<li><strong><a href=\"https:\/\/www2.unicentro.br\/pesquisa\/files\/2020\/09\/Espectofotometro.pdf?x75905\">Espectofot\u00f4metro<\/a><\/strong><\/li>\n<li><strong><a href=\"https:\/\/www3.unicentro.br\/propesp\/wp-content\/uploads\/sites\/99\/2025\/07\/Plano_Gest_o_Equiptos_Multiusu_rios__FTIR_686424ab520b8.pdf\">Espectrofot\u00f4metro FTIR<\/a><\/strong><\/li>\n<li><strong><a href=\"https:\/\/www2.unicentro.br\/pesquisa\/files\/2020\/09\/Prensa-de-Pellets.pdf?x75905\">Prensa de Pellets<\/a><\/strong><\/li>\n<li><strong><a href=\"https:\/\/www2.unicentro.br\/pesquisa\/files\/2020\/09\/Termociclador.pdf?x75905\">Termociclador<\/a><\/strong><\/li>\n<li><strong><a href=\"https:\/\/www2.unicentro.br\/pesquisa\/files\/2020\/09\/Ultra-Freezer.pdf?x75905\">Ultra Freezer<\/a><\/strong><\/li>\n<\/ul>\n","protected":false},"excerpt":{"rendered":"<p>Analisador de Carbono Total C.O.T. Analisador Elementar CHNS\/O Autoclave Biorreator com membrana automatizado Bomba Calorim\u00e9trica Casa de Vegeta\u00e7\u00e3o Climatizada Cromat\u00f3grafo Cromat\u00f3grafo gasoso modelo GC-2014 Shimadzu Digestor de Kjedahl Espectofot\u00f4metro Espectrofot\u00f4metro FTIR Prensa de Pellets Termociclador Ultra Freezer<\/p>\n","protected":false},"author":3,"featured_media":0,"parent":0,"menu_order":0,"comment_status":"closed","ping_status":"closed","template":"","meta":{"_exactmetrics_skip_tracking":false,"_exactmetrics_sitenote_active":false,"_exactmetrics_sitenote_note":"","_exactmetrics_sitenote_category":0,"footnotes":"","_links_to":"","_links_to_target":""},"class_list":["post-58","page","type-page","status-publish","hentry"],"_links":{"self":[{"href":"https:\/\/www3.unicentro.br\/bio3\/wp-json\/wp\/v2\/pages\/58","targetHints":{"allow":["GET"]}}],"collection":[{"href":"https:\/\/www3.unicentro.br\/bio3\/wp-json\/wp\/v2\/pages"}],"about":[{"href":"https:\/\/www3.unicentro.br\/bio3\/wp-json\/wp\/v2\/types\/page"}],"author":[{"embeddable":true,"href":"https:\/\/www3.unicentro.br\/bio3\/wp-json\/wp\/v2\/users\/3"}],"replies":[{"embeddable":true,"href":"https:\/\/www3.unicentro.br\/bio3\/wp-json\/wp\/v2\/comments?post=58"}],"version-history":[{"count":1,"href":"https:\/\/www3.unicentro.br\/bio3\/wp-json\/wp\/v2\/pages\/58\/revisions"}],"predecessor-version":[{"id":59,"href":"https:\/\/www3.unicentro.br\/bio3\/wp-json\/wp\/v2\/pages\/58\/revisions\/59"}],"wp:attachment":[{"href":"https:\/\/www3.unicentro.br\/bio3\/wp-json\/wp\/v2\/media?parent=58"}],"curies":[{"name":"wp","href":"https:\/\/api.w.org\/{rel}","templated":true}]}}