{"id":56,"date":"2026-04-30T15:08:44","date_gmt":"2026-04-30T18:08:44","guid":{"rendered":"https:\/\/www3.unicentro.br\/bio3\/?page_id=56"},"modified":"2026-04-30T15:08:44","modified_gmt":"2026-04-30T18:08:44","slug":"laboratorios","status":"publish","type":"page","link":"https:\/\/www3.unicentro.br\/bio3\/laboratorios\/","title":{"rendered":"Laborat\u00f3rios"},"content":{"rendered":"<p>O BIO-3 \u00e9 constitu\u00eddo por laborat\u00f3rios e equipamentos que atendem a diferentes frentes de pesquisa, incluindo:<\/p>\n<ul>\n<li><a href=\"https:\/\/pnipe.mcti.gov.br\/laboratory\/9932\">Laborat\u00f3rio de Biomassa e Manejo Florestal: focado em bioenergia, recursos florestais, restaura\u00e7\u00e3o e manejo<\/a><\/li>\n<li><a href=\"https:\/\/pnipe.mcti.gov.br\/laboratory\/9943\">Laborat\u00f3rio de Biotecnologia<\/a><\/li>\n<li><a href=\"https:\/\/pnipe.mcti.gov.br\/laboratory\/9927\">Laborat\u00f3rio de Bioenergia: apoia o desenvolvimento de solu\u00e7\u00f5es sustent\u00e1veis a partir de fontes biol\u00f3gicas<\/a><\/li>\n<li><a href=\"https:\/\/pnipe.mcti.gov.br\/laboratory\/20947\">Laborat\u00f3rio Ecotox \u2013 Ecotoxicologia<\/a><\/li>\n<\/ul>\n<p>&nbsp;<\/p>\n<p>Laborat\u00f3rios vinculados:<\/p>\n<ul>\n<li><a href=\"https:\/\/pnipe.mcti.gov.br\/laboratory\/31941\">LABIC &#8211; Laborat\u00f3rio de Biodiversidade e Conserva\u00e7\u00e3o<\/a><\/li>\n<\/ul>\n","protected":false},"excerpt":{"rendered":"<p>O BIO-3 \u00e9 constitu\u00eddo por laborat\u00f3rios e equipamentos que atendem a diferentes frentes de pesquisa, incluindo: Laborat\u00f3rio de Biomassa e Manejo Florestal: focado em bioenergia, recursos florestais, restaura\u00e7\u00e3o e manejo Laborat\u00f3rio de Biotecnologia Laborat\u00f3rio de Bioenergia: apoia o desenvolvimento de solu\u00e7\u00f5es sustent\u00e1veis a partir de fontes biol\u00f3gicas Laborat\u00f3rio Ecotox \u2013 Ecotoxicologia &nbsp; Laborat\u00f3rios vinculados: LABIC [&hellip;]<\/p>\n","protected":false},"author":3,"featured_media":0,"parent":0,"menu_order":0,"comment_status":"closed","ping_status":"closed","template":"","meta":{"_exactmetrics_skip_tracking":false,"_exactmetrics_sitenote_active":false,"_exactmetrics_sitenote_note":"","_exactmetrics_sitenote_category":0,"footnotes":"","_links_to":"","_links_to_target":""},"class_list":["post-56","page","type-page","status-publish","hentry"],"_links":{"self":[{"href":"https:\/\/www3.unicentro.br\/bio3\/wp-json\/wp\/v2\/pages\/56","targetHints":{"allow":["GET"]}}],"collection":[{"href":"https:\/\/www3.unicentro.br\/bio3\/wp-json\/wp\/v2\/pages"}],"about":[{"href":"https:\/\/www3.unicentro.br\/bio3\/wp-json\/wp\/v2\/types\/page"}],"author":[{"embeddable":true,"href":"https:\/\/www3.unicentro.br\/bio3\/wp-json\/wp\/v2\/users\/3"}],"replies":[{"embeddable":true,"href":"https:\/\/www3.unicentro.br\/bio3\/wp-json\/wp\/v2\/comments?post=56"}],"version-history":[{"count":1,"href":"https:\/\/www3.unicentro.br\/bio3\/wp-json\/wp\/v2\/pages\/56\/revisions"}],"predecessor-version":[{"id":57,"href":"https:\/\/www3.unicentro.br\/bio3\/wp-json\/wp\/v2\/pages\/56\/revisions\/57"}],"wp:attachment":[{"href":"https:\/\/www3.unicentro.br\/bio3\/wp-json\/wp\/v2\/media?parent=56"}],"curies":[{"name":"wp","href":"https:\/\/api.w.org\/{rel}","templated":true}]}}