{"id":54,"date":"2026-04-30T15:07:22","date_gmt":"2026-04-30T18:07:22","guid":{"rendered":"https:\/\/www3.unicentro.br\/bio3\/?page_id=54"},"modified":"2026-04-30T15:07:22","modified_gmt":"2026-04-30T18:07:22","slug":"como-usar","status":"publish","type":"page","link":"https:\/\/www3.unicentro.br\/bio3\/como-usar\/","title":{"rendered":"Como usar"},"content":{"rendered":"<p>Os laborat\u00f3rios e equipamentos disponibilizados no BIO-3 atendem \u00e0s pol\u00edticas e normas institucionais da Infraestrutura Multiusu\u00e1ria de Pesquisa da Unicentro. Para o uso dessa infraestrutura s\u00e3o recomendadas as seguintes instru\u00e7\u00f5es:<\/p>\n<p>&#8211; Fazer o agendamento para a reserva e prezar pelo cumprimento de hor\u00e1rios;<\/p>\n<p>&#8211; Manter a limpeza e zelar pela integridade dos equipamentos e instala\u00e7\u00f5es;<\/p>\n<p>&#8211; Utilizar Equipamentos de Prote\u00e7\u00e3o Individual (EPIs), conforme o caso: jaleco, \u00f3culos de prote\u00e7\u00e3o, luvas e m\u00e1scara descart\u00e1veis, etc.<\/p>\n<p>&#8211; Comunicar o respons\u00e1vel pelo equipamento\/laborat\u00f3rio sobre eventuais ocorr\u00eancias ou irregularidades.<\/p>\n<p>&nbsp;<\/p>\n<p style=\"padding-left: 40px\"><strong>Importante<\/strong>: nas publica\u00e7\u00f5es decorrentes do uso da IMP deve-se mencionar adequadamente os equipamentos utilizados e prestar agradecimento \u00e0s ag\u00eancias de financiamento.<\/p>\n","protected":false},"excerpt":{"rendered":"<p>Os laborat\u00f3rios e equipamentos disponibilizados no BIO-3 atendem \u00e0s pol\u00edticas e normas institucionais da Infraestrutura Multiusu\u00e1ria de Pesquisa da Unicentro. Para o uso dessa infraestrutura s\u00e3o recomendadas as seguintes instru\u00e7\u00f5es: &#8211; Fazer o agendamento para a reserva e prezar pelo cumprimento de hor\u00e1rios; &#8211; Manter a limpeza e zelar pela integridade dos equipamentos e instala\u00e7\u00f5es; [&hellip;]<\/p>\n","protected":false},"author":3,"featured_media":0,"parent":0,"menu_order":0,"comment_status":"closed","ping_status":"closed","template":"","meta":{"_exactmetrics_skip_tracking":false,"_exactmetrics_sitenote_active":false,"_exactmetrics_sitenote_note":"","_exactmetrics_sitenote_category":0,"footnotes":"","_links_to":"","_links_to_target":""},"class_list":["post-54","page","type-page","status-publish","hentry"],"_links":{"self":[{"href":"https:\/\/www3.unicentro.br\/bio3\/wp-json\/wp\/v2\/pages\/54","targetHints":{"allow":["GET"]}}],"collection":[{"href":"https:\/\/www3.unicentro.br\/bio3\/wp-json\/wp\/v2\/pages"}],"about":[{"href":"https:\/\/www3.unicentro.br\/bio3\/wp-json\/wp\/v2\/types\/page"}],"author":[{"embeddable":true,"href":"https:\/\/www3.unicentro.br\/bio3\/wp-json\/wp\/v2\/users\/3"}],"replies":[{"embeddable":true,"href":"https:\/\/www3.unicentro.br\/bio3\/wp-json\/wp\/v2\/comments?post=54"}],"version-history":[{"count":1,"href":"https:\/\/www3.unicentro.br\/bio3\/wp-json\/wp\/v2\/pages\/54\/revisions"}],"predecessor-version":[{"id":55,"href":"https:\/\/www3.unicentro.br\/bio3\/wp-json\/wp\/v2\/pages\/54\/revisions\/55"}],"wp:attachment":[{"href":"https:\/\/www3.unicentro.br\/bio3\/wp-json\/wp\/v2\/media?parent=54"}],"curies":[{"name":"wp","href":"https:\/\/api.w.org\/{rel}","templated":true}]}}