{"id":51,"date":"2026-04-30T15:06:57","date_gmt":"2026-04-30T18:06:57","guid":{"rendered":"https:\/\/www3.unicentro.br\/bio3\/?page_id=51"},"modified":"2026-04-30T15:06:57","modified_gmt":"2026-04-30T18:06:57","slug":"equipe","status":"publish","type":"page","link":"https:\/\/www3.unicentro.br\/bio3\/equipe\/","title":{"rendered":"Equipe"},"content":{"rendered":"<h3><strong>*** Biotecnologia<\/strong><\/h3>\n<p style=\"padding-left: 40px\">Professora Fabiana Schmidt Bandeira Peres<br \/>\nContato: fperes@unicentro.br<br \/>\n(42) 3421-3089<br \/>\nApoio t\u00e9cnico \u2013 Elaine Golinski (bolsista)<br \/>\nContato: (42) 3421-3166<\/p>\n<p style=\"padding-left: 40px\"><strong>Laborat\u00f3rio de Ecotoxicologia<\/strong> \u2013 Professora Kelly Geronazzo Martins<br \/>\nContato: kellym@unicentro.br<br \/>\n(42) 3421-3218<\/p>\n<p style=\"padding-left: 40px\">Apoio t\u00e9cnico: Giovanna T. F. A. Nascimento (T\u00e9cnico de laborat\u00f3rio)<br \/>\nContato: <a href=\"mailto:gtfanascimento@unicentro.br\">gtfanascimento@unicentro.br<\/a><br \/>\n(42) 3421-3166<\/p>\n<p>&nbsp;<\/p>\n<h3><strong>*** Bioenergia <\/strong>\u2013 Professor Everton Hillig<\/h3>\n<p style=\"padding-left: 40px\">Contato: ehillig@unicentro.br<br \/>\n(42) 3421-3088<br \/>\nApoio t\u00e9cnico: Guilherme Jos\u00e9 Mores (bolsista)<br \/>\nContato: (42) 3421-3137<\/p>\n<p style=\"padding-left: 40px\">Bioenergia 1<br \/>\n<strong>Lab. Bioenergia 1A \u2013 C.O.T<\/strong>. \u2013 Professor Carlos Magno de Sousa Vidal<br \/>\nContato: cmsvidal@unicentro.br (42) 3421-3213<\/p>\n<p style=\"padding-left: 40px\"><strong>Lab. Bioenergia 1B \u2013 C.H.N.S. e F.T.I.R.<\/strong> \u2013Profa. Katia Cylene Lombardi<br \/>\nContato: kclombardi@unicentro.br<br \/>\n(42) 3421-3090<\/p>\n<p style=\"padding-left: 40px\">Apoio t\u00e9cnico \u2013 Marcia Gabriele P. Valenga (T\u00e9cnico de laborat\u00f3rio)<br \/>\nContato: mgvalenga@unicentro.br<br \/>\n(42) 3421-3137<\/p>\n<p>&nbsp;<\/p>\n<h3><strong>*** Biomassa<\/strong><\/h3>\n<p style=\"padding-left: 40px\">Professora Fabiane Aparecida Retslaff Guimar\u00e3es<br \/>\nContato: <a href=\"mailto:faretslaff@unicentro.br\">faretslaff@unicentro.br<\/a><br \/>\n(42) 3421-3140<\/p>\n<p style=\"padding-left: 40px\">Apoio t\u00e9cnico administrativo \u2013 M\u00e1rcio Elias Teixeira<br \/>\nDivis\u00e3o de Gest\u00e3o de Atividades Laboratoriais \u2013 DIRCAMP\/I<br \/>\nContato: meteixeira@unicentro.br<br \/>\n(42) 3421-3166<\/p>\n","protected":false},"excerpt":{"rendered":"<p>*** Biotecnologia Professora Fabiana Schmidt Bandeira Peres Contato: fperes@unicentro.br (42) 3421-3089 Apoio t\u00e9cnico \u2013 Elaine Golinski (bolsista) Contato: (42) 3421-3166 Laborat\u00f3rio de Ecotoxicologia \u2013 Professora Kelly Geronazzo Martins Contato: kellym@unicentro.br (42) 3421-3218 Apoio t\u00e9cnico: Giovanna T. F. A. Nascimento (T\u00e9cnico de laborat\u00f3rio) Contato: gtfanascimento@unicentro.br (42) 3421-3166 &nbsp; *** Bioenergia \u2013 Professor Everton Hillig Contato: ehillig@unicentro.br [&hellip;]<\/p>\n","protected":false},"author":3,"featured_media":0,"parent":0,"menu_order":0,"comment_status":"closed","ping_status":"closed","template":"","meta":{"_exactmetrics_skip_tracking":false,"_exactmetrics_sitenote_active":false,"_exactmetrics_sitenote_note":"","_exactmetrics_sitenote_category":0,"footnotes":"","_links_to":"","_links_to_target":""},"class_list":["post-51","page","type-page","status-publish","hentry"],"_links":{"self":[{"href":"https:\/\/www3.unicentro.br\/bio3\/wp-json\/wp\/v2\/pages\/51","targetHints":{"allow":["GET"]}}],"collection":[{"href":"https:\/\/www3.unicentro.br\/bio3\/wp-json\/wp\/v2\/pages"}],"about":[{"href":"https:\/\/www3.unicentro.br\/bio3\/wp-json\/wp\/v2\/types\/page"}],"author":[{"embeddable":true,"href":"https:\/\/www3.unicentro.br\/bio3\/wp-json\/wp\/v2\/users\/3"}],"replies":[{"embeddable":true,"href":"https:\/\/www3.unicentro.br\/bio3\/wp-json\/wp\/v2\/comments?post=51"}],"version-history":[{"count":1,"href":"https:\/\/www3.unicentro.br\/bio3\/wp-json\/wp\/v2\/pages\/51\/revisions"}],"predecessor-version":[{"id":52,"href":"https:\/\/www3.unicentro.br\/bio3\/wp-json\/wp\/v2\/pages\/51\/revisions\/52"}],"wp:attachment":[{"href":"https:\/\/www3.unicentro.br\/bio3\/wp-json\/wp\/v2\/media?parent=51"}],"curies":[{"name":"wp","href":"https:\/\/api.w.org\/{rel}","templated":true}]}}