{"id":47,"date":"2026-04-30T15:04:55","date_gmt":"2026-04-30T18:04:55","guid":{"rendered":"https:\/\/www3.unicentro.br\/bio3\/?page_id=47"},"modified":"2026-04-30T15:04:55","modified_gmt":"2026-04-30T18:04:55","slug":"institucional","status":"publish","type":"page","link":"https:\/\/www3.unicentro.br\/bio3\/institucional\/","title":{"rendered":"Institucional"},"content":{"rendered":"<p>O Centro Integrado de Pesquisas de Biomassa, Biotecnologia e Bioenergia, BIO-3, do Campus de Irati, \u00e9 um complexo de laborat\u00f3rios multiusu\u00e1rios inaugurado em 2019, projetado para apoiar pesquisas avan\u00e7adas em diversas \u00e1reas estrat\u00e9gicas, constitu\u00eddo por equipamentos que permitem a realiza\u00e7\u00e3o de pesquisas de docentes e discentes vinculados aos Programas de P\u00f3sGradua\u00e7\u00e3o em Ci\u00eancias Florestais (PPGF), Engenharia Sanit\u00e1ria e Ambiental (PPGESA), al\u00e9m de prestar atendimento aos demais PPGs e demandas externas, integrando a <a href=\"https:\/\/www.seti.pr.gov.br\/Galeria-de-Imagens\/Rede-de-Infraestrutura-Multiusuaria-de-Pesquisa-do-Parana-RIMPP\">Rede de Infraestrutura Multiusu\u00e1ria de Pesquisa do Paran\u00e1 \u2013 RIMPP<\/a><\/p>\n<ul>\n<li><a href=\"https:\/\/pnipe.mcti.gov.br\/laboratory\/859\">Cadastrado na Plataforma Nacional de Infraestrutura de Pesquisa do MCTI, PNIPE<\/a><\/li>\n<\/ul>\n","protected":false},"excerpt":{"rendered":"<p>O Centro Integrado de Pesquisas de Biomassa, Biotecnologia e Bioenergia, BIO-3, do Campus de Irati, \u00e9 um complexo de laborat\u00f3rios multiusu\u00e1rios inaugurado em 2019, projetado para apoiar pesquisas avan\u00e7adas em diversas \u00e1reas estrat\u00e9gicas, constitu\u00eddo por equipamentos que permitem a realiza\u00e7\u00e3o de pesquisas de docentes e discentes vinculados aos Programas de P\u00f3sGradua\u00e7\u00e3o em Ci\u00eancias Florestais (PPGF), [&hellip;]<\/p>\n","protected":false},"author":3,"featured_media":0,"parent":0,"menu_order":0,"comment_status":"closed","ping_status":"closed","template":"","meta":{"_exactmetrics_skip_tracking":false,"_exactmetrics_sitenote_active":false,"_exactmetrics_sitenote_note":"","_exactmetrics_sitenote_category":0,"footnotes":"","_links_to":"","_links_to_target":""},"class_list":["post-47","page","type-page","status-publish","hentry"],"_links":{"self":[{"href":"https:\/\/www3.unicentro.br\/bio3\/wp-json\/wp\/v2\/pages\/47","targetHints":{"allow":["GET"]}}],"collection":[{"href":"https:\/\/www3.unicentro.br\/bio3\/wp-json\/wp\/v2\/pages"}],"about":[{"href":"https:\/\/www3.unicentro.br\/bio3\/wp-json\/wp\/v2\/types\/page"}],"author":[{"embeddable":true,"href":"https:\/\/www3.unicentro.br\/bio3\/wp-json\/wp\/v2\/users\/3"}],"replies":[{"embeddable":true,"href":"https:\/\/www3.unicentro.br\/bio3\/wp-json\/wp\/v2\/comments?post=47"}],"version-history":[{"count":1,"href":"https:\/\/www3.unicentro.br\/bio3\/wp-json\/wp\/v2\/pages\/47\/revisions"}],"predecessor-version":[{"id":48,"href":"https:\/\/www3.unicentro.br\/bio3\/wp-json\/wp\/v2\/pages\/47\/revisions\/48"}],"wp:attachment":[{"href":"https:\/\/www3.unicentro.br\/bio3\/wp-json\/wp\/v2\/media?parent=47"}],"curies":[{"name":"wp","href":"https:\/\/api.w.org\/{rel}","templated":true}]}}