{"id":41,"date":"2023-06-29T17:38:44","date_gmt":"2023-06-29T20:38:44","guid":{"rendered":"https:\/\/www3.unicentro.br\/bigdata\/?page_id=41"},"modified":"2023-06-29T17:38:44","modified_gmt":"2023-06-29T20:38:44","slug":"como-e-quando-ingressar","status":"publish","type":"page","link":"https:\/\/www3.unicentro.br\/bigdata\/como-e-quando-ingressar\/","title":{"rendered":"Como e quando ingressar"},"content":{"rendered":"<p>O curso ter\u00e1 a sua primeira oferta no pr\u00f3ximo ano letivo (2024). O ingresso poder\u00e1 ser por qualquer forma considerada pela Universidade:<\/p>\n<ul>\n<li><a href=\"https:\/\/www3.unicentro.br\/vestibular\/pac\/\">PAC<\/a> (4 vagas)<\/li>\n<li><a href=\"https:\/\/www3.unicentro.br\/vestibular\">Vestibular<\/a> (20 vagas)<\/li>\n<li><a href=\"https:\/\/www3.unicentro.br\/vestibular\/sisu\/\">Sisu<\/a> (16 vagas)<\/li>\n<\/ul>\n","protected":false},"excerpt":{"rendered":"<p>O curso ter\u00e1 a sua primeira oferta no pr\u00f3ximo ano letivo (2024). O ingresso poder\u00e1 ser por qualquer forma considerada pela Universidade: PAC (4 vagas) Vestibular (20 vagas) Sisu (16 vagas)<\/p>\n","protected":false},"author":3,"featured_media":0,"parent":0,"menu_order":0,"comment_status":"closed","ping_status":"closed","template":"","meta":{"_exactmetrics_skip_tracking":false,"_exactmetrics_sitenote_active":false,"_exactmetrics_sitenote_note":"","_exactmetrics_sitenote_category":0,"footnotes":"","_links_to":"","_links_to_target":""},"class_list":["post-41","page","type-page","status-publish","hentry"],"_links":{"self":[{"href":"https:\/\/www3.unicentro.br\/bigdata\/wp-json\/wp\/v2\/pages\/41","targetHints":{"allow":["GET"]}}],"collection":[{"href":"https:\/\/www3.unicentro.br\/bigdata\/wp-json\/wp\/v2\/pages"}],"about":[{"href":"https:\/\/www3.unicentro.br\/bigdata\/wp-json\/wp\/v2\/types\/page"}],"author":[{"embeddable":true,"href":"https:\/\/www3.unicentro.br\/bigdata\/wp-json\/wp\/v2\/users\/3"}],"replies":[{"embeddable":true,"href":"https:\/\/www3.unicentro.br\/bigdata\/wp-json\/wp\/v2\/comments?post=41"}],"version-history":[{"count":0,"href":"https:\/\/www3.unicentro.br\/bigdata\/wp-json\/wp\/v2\/pages\/41\/revisions"}],"wp:attachment":[{"href":"https:\/\/www3.unicentro.br\/bigdata\/wp-json\/wp\/v2\/media?parent=41"}],"curies":[{"name":"wp","href":"https:\/\/api.w.org\/{rel}","templated":true}]}}