{"id":29,"date":"2023-06-29T17:25:35","date_gmt":"2023-06-29T20:25:35","guid":{"rendered":"https:\/\/www3.unicentro.br\/bigdata\/?page_id=29"},"modified":"2023-07-06T10:44:16","modified_gmt":"2023-07-06T13:44:16","slug":"sobre","status":"publish","type":"page","link":"https:\/\/www3.unicentro.br\/bigdata\/sobre\/","title":{"rendered":"Sobre o curso"},"content":{"rendered":"<div class=\"wpb-content-wrapper\"><p>[vc_row][vc_column][vc_column_text]<\/p>\n<p style=\"text-align: justify\">A <strong>Agrointelig\u00eancia<\/strong>, utiliza\u00e7\u00e3o de t\u00e9cnicas computacionais para transforma\u00e7\u00e3o de informa\u00e7\u00f5es relevantes para recomenda\u00e7\u00f5es estrat\u00e9gicas.<br \/>\nA <strong>agricultura de precis\u00e3o<\/strong> e a <strong>agricultura digital<\/strong> utilizam diversas tecnologias para coleta de informa\u00e7\u00f5es que s\u00e3o transformadas em conhecimentos \u00fateis para o profissional do Agroneg\u00f3cio.<br \/>\nA agricultura de precis\u00e3o e digital geram grandes volumes de dados &#8211; <strong>Big Data<\/strong>. Compreender estes imensos volumes de dados, organiz\u00e1-los, transform\u00e1-los em informa\u00e7\u00f5es necess\u00e1rias e em conhecimentos sistematizados, que permitam um planejamento estrat\u00e9gico, constituem a base para a forma\u00e7\u00e3o do <strong>Tecn\u00f3logo em Big Data no Agroneg\u00f3cio<\/strong>.<\/p>\n<p>[\/vc_column_text][vc_single_image image=&#8221;32&#8243; img_size=&#8221;full&#8221; alignment=&#8221;center&#8221;][vc_column_text]<\/p>\n<p style=\"text-align: justify\"><strong>\u00c1reas de Atua\u00e7\u00e3o<\/strong><\/p>\n<p style=\"text-align: justify\">Os profissionais com esta forma\u00e7\u00e3o poder\u00e3o atuar:<\/p>\n<ul style=\"text-align: justify\">\n<li>No desenvolvimento de software, principalmente para o agroneg\u00f3cio.<\/li>\n<li>Na instala\u00e7\u00e3o e gerenciamento de sistemas de internet das coisas.<\/li>\n<li>Em projetos e configura\u00e7\u00e3o de redes de sensores e de transmiss\u00e3o de dados em tempo real.<\/li>\n<li>Na implementa\u00e7\u00e3o de banco de dados.<\/li>\n<li>No desenvolvimento e implanta\u00e7\u00e3o de sistemas em nuvens (cloud computing).<\/li>\n<li>Utiliza\u00e7\u00e3o de t\u00e9cnicas de intelig\u00eancia artificial no aux\u00edlio \u00e0 tomada de decis\u00f5es no processo produtivo e investimentos agr\u00edcolas.<\/li>\n<li>No planejamento da produ\u00e7\u00e3o de curto e m\u00e9dio prazo utilizando t\u00e9cnicas de intelig\u00eancia artificial.<\/li>\n<li>Na otimiza\u00e7\u00e3o do uso de infraestrutura e maquin\u00e1rio de agricultura de precis\u00e3o.<\/li>\n<li>Na previs\u00e3o e otimiza\u00e7\u00e3o de safra.<\/li>\n<li>No aux\u00edlio a preven\u00e7\u00e3o de doen\u00e7as e pragas, reduzindo os impactos ambientais e sanit\u00e1rios.<\/li>\n<li>Na log\u00edstica e distribui\u00e7\u00e3o de produtos agr\u00edcolas, visando a melhoria dos processos e da qualidade dos servi\u00e7os.<\/li>\n<li>Na previs\u00e3o e otimiza\u00e7\u00e3o da produ\u00e7\u00e3o e comercializa\u00e7\u00e3o de produtos agr\u00edcolas.<\/li>\n<li>Atuar em consultorias e assessorias no Agroneg\u00f3cio.<\/li>\n<\/ul>\n<p style=\"text-align: justify\"><strong>Disciplinas<\/strong><\/p>\n<p style=\"text-align: justify\">As disciplinas s\u00e3o distribu\u00eddas em 6 semestres e ministradas por diferentes departamentos pedag\u00f3gicos:<\/p>\n<ul>\n<li style=\"text-align: justify\">Est\u00e1 organizado em 6 semestres;<\/li>\n<li style=\"text-align: justify\">Noturno com previs\u00e3o de aulas pr\u00e1ticas aos s\u00e1bados;<\/li>\n<li style=\"text-align: justify\">Carga hor\u00e1ria:<\/li>\n<li style=\"text-align: justify\">2550 horas\/aula em disciplinas obrigat\u00f3rias (b\u00e1sicas e profissionalizantes);<\/li>\n<li style=\"text-align: justify\">75 horas em atividade complementares;<\/li>\n<li style=\"text-align: justify\">200 horas em atividades de est\u00e1gio curricular obrigat\u00f3rio;<\/li>\n<li style=\"text-align: justify\">170 horas em atividades extensionistas.<\/li>\n<\/ul>\n<p>[\/vc_column_text][vc_single_image image=&#8221;68&#8243; img_size=&#8221;full&#8221; alignment=&#8221;center&#8221; onclick=&#8221;custom_link&#8221; link=&#8221;https:\/\/drive.google.com\/open?id=1CZ9z2RzD6Y3wLwEwoJiP8Dbqhu5gGRuG&amp;usp=drive_fs&#8221;][vc_btn title=&#8221;Matriz Curricular \/ Ementas&#8221; style=&#8221;flat&#8221; shape=&#8221;square&#8221; align=&#8221;center&#8221; el_class=&#8221;botao-padrao&#8221; link=&#8221;url:https%3A%2F%2Fwww3.unicentro.br%2Fbigdata%2Fwp-content%2Fuploads%2Fsites%2F155%2F2023%2F06%2FMatrizEmentasBigData.pdf&#8221;][\/vc_column][\/vc_row]<\/p>\n<\/div>","protected":false},"excerpt":{"rendered":"<p>[vc_row][vc_column][vc_column_text] A Agrointelig\u00eancia, utiliza\u00e7\u00e3o de t\u00e9cnicas computacionais para transforma\u00e7\u00e3o de informa\u00e7\u00f5es relevantes para recomenda\u00e7\u00f5es estrat\u00e9gicas. A agricultura de precis\u00e3o e a agricultura digital utilizam diversas tecnologias para coleta de informa\u00e7\u00f5es que s\u00e3o transformadas em conhecimentos \u00fateis para o profissional do Agroneg\u00f3cio. A agricultura de precis\u00e3o e digital geram grandes volumes de dados &#8211; Big Data. [&hellip;]<\/p>\n","protected":false},"author":3,"featured_media":0,"parent":0,"menu_order":0,"comment_status":"closed","ping_status":"closed","template":"","meta":{"_exactmetrics_skip_tracking":false,"_exactmetrics_sitenote_active":false,"_exactmetrics_sitenote_note":"","_exactmetrics_sitenote_category":0,"footnotes":"","_links_to":"","_links_to_target":""},"class_list":["post-29","page","type-page","status-publish","hentry"],"_links":{"self":[{"href":"https:\/\/www3.unicentro.br\/bigdata\/wp-json\/wp\/v2\/pages\/29","targetHints":{"allow":["GET"]}}],"collection":[{"href":"https:\/\/www3.unicentro.br\/bigdata\/wp-json\/wp\/v2\/pages"}],"about":[{"href":"https:\/\/www3.unicentro.br\/bigdata\/wp-json\/wp\/v2\/types\/page"}],"author":[{"embeddable":true,"href":"https:\/\/www3.unicentro.br\/bigdata\/wp-json\/wp\/v2\/users\/3"}],"replies":[{"embeddable":true,"href":"https:\/\/www3.unicentro.br\/bigdata\/wp-json\/wp\/v2\/comments?post=29"}],"version-history":[{"count":0,"href":"https:\/\/www3.unicentro.br\/bigdata\/wp-json\/wp\/v2\/pages\/29\/revisions"}],"wp:attachment":[{"href":"https:\/\/www3.unicentro.br\/bigdata\/wp-json\/wp\/v2\/media?parent=29"}],"curies":[{"name":"wp","href":"https:\/\/api.w.org\/{rel}","templated":true}]}}