{"id":257,"date":"2024-04-25T10:12:11","date_gmt":"2024-04-25T13:12:11","guid":{"rendered":"https:\/\/www3.unicentro.br\/bibliotecas\/?page_id=257"},"modified":"2025-05-23T10:47:06","modified_gmt":"2025-05-23T13:47:06","slug":"duvidas-frequentes","status":"publish","type":"page","link":"https:\/\/www3.unicentro.br\/bibliotecas\/duvidas-frequentes\/","title":{"rendered":"D\u00favidas frequentes"},"content":{"rendered":"<div class=\"wpb-content-wrapper\"><p>[vc_row][vc_column][vc_tta_accordion style=&#8221;flat&#8221; shape=&#8221;square&#8221; spacing=&#8221;2&#8243; active_section=&#8221;100&#8243; collapsible_all=&#8221;true&#8221;][vc_tta_section title=&#8221;Como me cadastrar na biblioteca f\u00edsica?&#8221; tab_id=&#8221;1714052485556-7939a6af-0a48&#8243;][vc_column_text css=&#8221;&#8221;]<\/p>\n<p style=\"text-align: justify\">Basta ir at\u00e9 a biblioteca do c\u00e2mpus e levar:<\/p>\n<ul>\n<li>Documento com foto;<\/li>\n<li>Registro Acad\u00eamico ou N\u00famero de Matr\u00edcula, digital ou f\u00edsico;<\/li>\n<li>Comprovante de resid\u00eancia (para comunidade externa da universidade).<\/li>\n<\/ul>\n<p>[\/vc_column_text][\/vc_tta_section][vc_tta_section title=&#8221;Posso emprestar at\u00e9 quantos livros e por quanto tempo?&#8221; tab_id=&#8221;1714052485560-b786f69b-4373&#8243;][vc_column_text css=&#8221;&#8221;]<strong>Alunos de gradua\u00e7\u00e3o:<\/strong> At\u00e9 4 livros por vez, por 7 dias;<\/p>\n<p>A<strong>lunos de p\u00f3s-gradua\u00e7\u00e3o (especializa\u00e7\u00e3o, mestrado ou doutorado):<\/strong> At\u00e9 5 livros por vez, por 14 dias;<\/p>\n<p><strong>Alunos em exerc\u00edcio domiciliar:<\/strong> At\u00e9 5 livros por vez, por 14 dias;<\/p>\n<p><strong>Alunos com defici\u00eancia e inscrito no PIA\/PDE:<\/strong> At\u00e9 4 livros por vez, por 14 a 28 dias;<\/p>\n<p><strong>Professores:<\/strong> At\u00e9 5 livros por vez, por 14 dias;<\/p>\n<p><strong>Funcion\u00e1rios:<\/strong> At\u00e9 4 livros por vez, por 7 dias;<\/p>\n<p><strong>Empr\u00e9stimo de teses, disserta\u00e7\u00f5es ou peri\u00f3dicos:<\/strong> At\u00e9 3 exemplares por vez, por 7 dias.[\/vc_column_text][\/vc_tta_section][vc_tta_section title=&#8221;Como renovar os meus empr\u00e9stimos?&#8221; tab_id=&#8221;1714052807157-c87ec42f-08a4&#8243;][vc_column_text css=&#8221;&#8221;]Caso o material n\u00e3o tenha sido reservado ou gerado multa, ele pode ser renovado at\u00e9 tr\u00eas vezes on-line no <a href=\"https:\/\/biblioteca.sophia.com.br\/terminal\/9566\">Terminal SophiA<\/a>, ou na biblioteca de cada c\u00e2mpus.[\/vc_column_text][\/vc_tta_section][vc_tta_section title=&#8221;Biblioteca f\u00edsica vs. Bibliotecas digitais&#8221; tab_id=&#8221;1714053382797-cfb1d26c-458d&#8221;][vc_column_text css=&#8221;&#8221;]Frequentemente, confunde-se o <a href=\"https:\/\/biblioteca.sophia.com.br\/terminal\/9566\">Terminal SophiA<\/a> com a <a href=\"https:\/\/dliportal.zbra.com.br\/Login.aspx?key=UNICENTRO\">Minha Biblioteca Digital<\/a> ou com a <a href=\"https:\/\/plataforma.bvirtual.com.br\/Account\/Login?redirectUrl=%2F\">Biblioteca Virtual Pearson<\/a>, no entanto, s\u00e3o plataformas distintas:<\/p>\n<ul>\n<li><strong>O SophiA \u00e9 utilizado para consultas, empr\u00e9stimos e renova\u00e7\u00f5es dos materiais f\u00edsicos;<\/strong><\/li>\n<li><strong>A Minha Biblioteca e a Biblioteca Virtual Pearson s\u00e3o plataformas digitais e seus empr\u00e9stimos n\u00e3o precisam ser renovados.<\/strong><\/li>\n<\/ul>\n<p>O cadastro e acesso a cada uma delas \u00e9 diferente:<\/p>\n<ul>\n<li><strong>Teminal SophiA:<\/strong> somente na biblioteca de cada c\u00e2mpus;<\/li>\n<li><strong>Minha Biblioteca:<\/strong> preenchendo o formul\u00e1rio <a href=\"http:\/\/unicentro.br\/cadastromb\">unicentro.br\/cadastromb<\/a>;<\/li>\n<li><strong>Biblioteca Virtual Pearson:<\/strong> preenchendo o formul\u00e1rio <a href=\"http:\/\/unicentro.br\/cadastrobvp\">unicentro.br\/cadastrobvp<\/a>.<\/li>\n<\/ul>\n<p>Caso necessite de ajuda, entre em contato conosco.[\/vc_column_text][\/vc_tta_section][\/vc_tta_accordion][\/vc_column][\/vc_row]<\/p>\n<\/div>","protected":false},"excerpt":{"rendered":"<p>[vc_row][vc_column][vc_tta_accordion style=&#8221;flat&#8221; shape=&#8221;square&#8221; spacing=&#8221;2&#8243; active_section=&#8221;100&#8243; collapsible_all=&#8221;true&#8221;][vc_tta_section title=&#8221;Como me cadastrar na biblioteca f\u00edsica?&#8221; tab_id=&#8221;1714052485556-7939a6af-0a48&#8243;][vc_column_text css=&#8221;&#8221;] Basta ir at\u00e9 a biblioteca do c\u00e2mpus e levar: Documento com foto; Registro Acad\u00eamico ou N\u00famero de Matr\u00edcula, digital ou f\u00edsico; Comprovante de resid\u00eancia (para comunidade externa da universidade). [\/vc_column_text][\/vc_tta_section][vc_tta_section title=&#8221;Posso emprestar at\u00e9 quantos livros e por quanto tempo?&#8221; tab_id=&#8221;1714052485560-b786f69b-4373&#8243;][vc_column_text css=&#8221;&#8221;]Alunos [&hellip;]<\/p>\n","protected":false},"author":729,"featured_media":0,"parent":0,"menu_order":0,"comment_status":"closed","ping_status":"closed","template":"","meta":{"_exactmetrics_skip_tracking":false,"_exactmetrics_sitenote_active":false,"_exactmetrics_sitenote_note":"","_exactmetrics_sitenote_category":0,"footnotes":"","_links_to":"","_links_to_target":""},"class_list":["post-257","page","type-page","status-publish","hentry"],"_links":{"self":[{"href":"https:\/\/www3.unicentro.br\/bibliotecas\/wp-json\/wp\/v2\/pages\/257","targetHints":{"allow":["GET"]}}],"collection":[{"href":"https:\/\/www3.unicentro.br\/bibliotecas\/wp-json\/wp\/v2\/pages"}],"about":[{"href":"https:\/\/www3.unicentro.br\/bibliotecas\/wp-json\/wp\/v2\/types\/page"}],"author":[{"embeddable":true,"href":"https:\/\/www3.unicentro.br\/bibliotecas\/wp-json\/wp\/v2\/users\/729"}],"replies":[{"embeddable":true,"href":"https:\/\/www3.unicentro.br\/bibliotecas\/wp-json\/wp\/v2\/comments?post=257"}],"version-history":[{"count":3,"href":"https:\/\/www3.unicentro.br\/bibliotecas\/wp-json\/wp\/v2\/pages\/257\/revisions"}],"predecessor-version":[{"id":335,"href":"https:\/\/www3.unicentro.br\/bibliotecas\/wp-json\/wp\/v2\/pages\/257\/revisions\/335"}],"wp:attachment":[{"href":"https:\/\/www3.unicentro.br\/bibliotecas\/wp-json\/wp\/v2\/media?parent=257"}],"curies":[{"name":"wp","href":"https:\/\/api.w.org\/{rel}","templated":true}]}}