{"id":24,"date":"2022-05-02T14:54:19","date_gmt":"2022-05-02T17:54:19","guid":{"rendered":"https:\/\/www3.unicentro.br\/bibliotecas\/?page_id=24"},"modified":"2025-05-23T10:53:56","modified_gmt":"2025-05-23T13:53:56","slug":"horario-de-atendimento","status":"publish","type":"page","link":"https:\/\/www3.unicentro.br\/bibliotecas\/horario-de-atendimento\/","title":{"rendered":"Hor\u00e1rio de Atendimento"},"content":{"rendered":"<p><span style=\"font-family: georgia, palatino, serif;font-size: 14pt\"><strong>De segunda a sexta:<\/strong><\/span><\/p>\n<p><span style=\"font-family: georgia, palatino, serif;font-size: 14pt\"><strong>C\u00e2mpus Santa Cruz:<\/strong> 08h \u00e0s 22h \u2013 n\u00e3o fecha para almo\u00e7o.<\/span><\/p>\n<p><span style=\"font-family: georgia, palatino, serif;font-size: 14pt\"><strong>C\u00e2mpus Cedeteg:<\/strong> 08h \u00e0s 22h0 \u2013 n\u00e3o fecha para almo\u00e7o.<\/span><\/p>\n<p><span style=\"font-family: georgia, palatino, serif;font-size: 14pt\"><strong>C\u00e2mpus de Irati:<\/strong> 08h \u00e0s 22h \u2013 n\u00e3o fecha para almo\u00e7o.<\/span><\/p>\n","protected":false},"excerpt":{"rendered":"<p>De segunda a sexta: C\u00e2mpus Santa Cruz: 08h \u00e0s 22h \u2013 n\u00e3o fecha para almo\u00e7o. C\u00e2mpus Cedeteg: 08h \u00e0s 22h0 \u2013 n\u00e3o fecha para almo\u00e7o. C\u00e2mpus de Irati: 08h \u00e0s 22h \u2013 n\u00e3o fecha para almo\u00e7o.<\/p>\n","protected":false},"author":3,"featured_media":0,"parent":0,"menu_order":0,"comment_status":"closed","ping_status":"closed","template":"","meta":{"_exactmetrics_skip_tracking":false,"_exactmetrics_sitenote_active":false,"_exactmetrics_sitenote_note":"","_exactmetrics_sitenote_category":0,"footnotes":"","_links_to":"","_links_to_target":""},"class_list":["post-24","page","type-page","status-publish","hentry"],"_links":{"self":[{"href":"https:\/\/www3.unicentro.br\/bibliotecas\/wp-json\/wp\/v2\/pages\/24","targetHints":{"allow":["GET"]}}],"collection":[{"href":"https:\/\/www3.unicentro.br\/bibliotecas\/wp-json\/wp\/v2\/pages"}],"about":[{"href":"https:\/\/www3.unicentro.br\/bibliotecas\/wp-json\/wp\/v2\/types\/page"}],"author":[{"embeddable":true,"href":"https:\/\/www3.unicentro.br\/bibliotecas\/wp-json\/wp\/v2\/users\/3"}],"replies":[{"embeddable":true,"href":"https:\/\/www3.unicentro.br\/bibliotecas\/wp-json\/wp\/v2\/comments?post=24"}],"version-history":[{"count":1,"href":"https:\/\/www3.unicentro.br\/bibliotecas\/wp-json\/wp\/v2\/pages\/24\/revisions"}],"predecessor-version":[{"id":337,"href":"https:\/\/www3.unicentro.br\/bibliotecas\/wp-json\/wp\/v2\/pages\/24\/revisions\/337"}],"wp:attachment":[{"href":"https:\/\/www3.unicentro.br\/bibliotecas\/wp-json\/wp\/v2\/media?parent=24"}],"curies":[{"name":"wp","href":"https:\/\/api.w.org\/{rel}","templated":true}]}}